{"id":2044,"date":"2023-01-25T11:08:32","date_gmt":"2023-01-25T10:08:32","guid":{"rendered":"https:\/\/camping-pyrenees-natura.com\/sensaties-week\/"},"modified":"2023-03-02T14:50:44","modified_gmt":"2023-03-02T13:50:44","slug":"sensaties-week","status":"publish","type":"page","link":"https:\/\/camping-pyrenees-natura.com\/nl\/sensaties-week\/","title":{"rendered":"Sensaties week"},"content":{"rendered":"<section id=\"ls-section-block_d75a526a7613354a9f05f91adfc343cd\" class=\"ls-section  page-chapeau\" >\n        <div class=\"container \">\n        \n\n<h1 class=\"ls__heading has-text-align-center wp-block-heading\">Uw sportreis<br\/>IN ESTAING<\/h1>\n\n\n    <\/div>\n<\/section><section id=\"ls-section-block_040b5355276ad88216683b83fbe35a67\" class=\"ls-section  page-intro has-p-t p-t-0 has-p-b p-b-14\" >\n        <div class=\"container container--wide\">\n        \n\n<div class=\"wp-block-columns is-layout-flex wp-container-core-columns-is-layout-9d6595d7 wp-block-columns-is-layout-flex\">\n<div class=\"wp-block-column is-layout-flow wp-block-column-is-layout-flow\" style=\"flex-basis:66.66%\">\n<figure class=\"wp-block-image size-full animated fadeInUp delay-200ms slow\"><img decoding=\"async\" width=\"868\" height=\"488\" src=\"https:\/\/camping-pyrenees-natura.com\/wp-content\/uploads\/2023\/01\/val-azun.jpg\" alt=\"camping du val azun\" class=\"wp-image-1260\" srcset=\"https:\/\/camping-pyrenees-natura.com\/wp-content\/uploads\/2023\/01\/val-azun.jpg 868w, https:\/\/camping-pyrenees-natura.com\/wp-content\/uploads\/2023\/01\/val-azun-300x169.jpg 300w, https:\/\/camping-pyrenees-natura.com\/wp-content\/uploads\/2023\/01\/val-azun-768x432.jpg 768w\" sizes=\"(max-width: 868px) 100vw, 868px\" \/><\/figure>\n<\/div>\n\n\n\n<div class=\"wp-block-column is-vertically-aligned-center is-layout-flow wp-block-column-is-layout-flow\" style=\"flex-basis:33.33%\">\n<h2 class=\"ls__heading montagne wp-block-heading\">Dag 1 &#8211; Welkom in Estaing!<\/h2>\n\n\n\n<p class=\"ls-paragraph\">Voelt u al de weldaad van de zuivere berglucht? Wil je een <strong>sensatie beleven<\/strong>?<\/p>\n\n\n\n<p class=\"ls-paragraph\">Neem een pauze en geniet van de rust van deze rustige omgeving. Het hele team van onze camping doet zijn uiterste best om u momenten van <strong>geluk met uw geliefden te bieden<\/strong>. Hier profiteert u van het <strong>maximum aan diensten<\/strong>!<br\/><\/p>\n\n\n\n<p class=\"ls-paragraph\">Zodra u in uw accommodatie bent gesetteld, gaat u naar het restaurant van de camping. In deze oude schaapskooi met een uniek uitzicht op de Pyrenee\u00ebn bieden wij streekproducten en drankjes aan. Begin dus met het tanken van energie voor je <strong>spannende vakantie<\/strong>.<\/p>\n\n\n\n<p class=\"ls-paragraph\"><em>Om uzelf te belonen voor een geweldige sportdag, kunt u onze sauna &amp; jacuzzi wellnessruimte, onze massages en ons restaurant 48 uur van tevoren reserveren.<\/em><\/p>\n<\/div>\n<\/div>\n\n\n    <\/div>\n<\/section><section id=\"ls-section-block_95681505f80b960da0868f54df9787bb\" class=\"ls-section  page-one animated fadeInUp delay-200ms slow has-background-image has-m-b m-b-8 has-p-t p-t-14\" >\n    <div class=\"ls-section__background-image opacity-100\"><img decoding=\"async\" src=\"https:\/\/camping-pyrenees-natura.com\/wp-content\/uploads\/2023\/01\/lac-estaing.jpg\" alt=\"lac-estaing\"><\/div>    <div class=\"container container--wide\">\n        \n\n<div class=\"wp-block-columns is-layout-flex wp-container-core-columns-is-layout-9d6595d7 wp-block-columns-is-layout-flex\">\n<div class=\"wp-block-column left has-color-white-background-color has-background is-layout-flow wp-block-column-is-layout-flow\">\n<h2 class=\"ls-heading wp-block-heading\">Dag 2: Voeten in de natuur!<\/h2>\n\n\n\n<p class=\"ls-paragraph\">Om uw vakantie in de bergen te beginnen, raden wij u aan te gaan <strong>wandelen<\/strong> om de plaatselijke fauna en flora te ontdekken.<\/p>\n\n\n\n<p class=\"ls-paragraph\">Twee verschillende wandelingen vanaf het meer van Estaing, op 5 km van de <a href=\"\/\">camping Pyr\u00e9n\u00e9es Natura<\/a> (parkeerplaats op het terrein):<\/p>\n\n\n\n<p class=\"ls-paragraph\">&#8211; <strong>Het meer van Plaa de Prat<\/strong>: 6,05 km, 4,5 uur retour, ongeveer 500 meter positief hoogteverschil: gemiddeld niveau -.<br\/>&#8211; <strong>Le Lac du Barbat<\/strong> : 9 km, 4h40 aller-retour, environ 840 m\u00e8tres de d\u00e9niveler positif : niveau interm\u00e9diaire +<\/p>\n\n\n\n<p class=\"ls-paragraph\">U kunt kiezen volgens uw niveau. Wij stellen voor dat u een gemakkelijkere wandeling kiest dan u eerder heeft gedaan. U bevindt zich midden in de bergen, dus wandelschoenen zijn verplicht.<\/p>\n\n\n\n<p class=\"ls-paragraph\"><em>Om uzelf te belonen voor een geweldige sportdag, kunt u onze sauna &amp; jacuzzi wellnessruimte, onze massages en ons restaurant 48 uur van tevoren reserveren.<\/em><\/p>\n\n\n\n<figure class=\"wp-block-image size-full image-deco\"><img decoding=\"async\" width=\"1024\" height=\"1015\" src=\"https:\/\/camping-pyrenees-natura.com\/wp-content\/uploads\/2023\/01\/feuillage-1024x1015-1.png\" alt=\"feuille\" class=\"wp-image-1559\" srcset=\"https:\/\/camping-pyrenees-natura.com\/wp-content\/uploads\/2023\/01\/feuillage-1024x1015-1.png 1024w, https:\/\/camping-pyrenees-natura.com\/wp-content\/uploads\/2023\/01\/feuillage-1024x1015-1-300x297.png 300w, https:\/\/camping-pyrenees-natura.com\/wp-content\/uploads\/2023\/01\/feuillage-1024x1015-1-150x150.png 150w, https:\/\/camping-pyrenees-natura.com\/wp-content\/uploads\/2023\/01\/feuillage-1024x1015-1-768x761.png 768w\" sizes=\"(max-width: 1024px) 100vw, 1024px\" \/><\/figure>\n<\/div>\n\n\n\n<div class=\"wp-block-column right is-layout-flow wp-block-column-is-layout-flow\"><\/div>\n<\/div>\n\n\n    <\/div>\n<\/section><section id=\"ls-section-block_0cfa5ca45eb4c7a4b625b56fdb94557f\" class=\"ls-section  page-randonnee has-background has-color-3-background-color has-p-t p-t-14 has-p-b p-b-14\" >\n        <div class=\"container container--wide\">\n        \n\n<figure class=\"wp-block-image size-full image-left animated fadeInRight delay-200ms slow\"><img decoding=\"async\" width=\"800\" height=\"450\" src=\"https:\/\/camping-pyrenees-natura.com\/wp-content\/uploads\/2023\/01\/canoe-kayak-dans-les-pyrenees.jpg\" alt=\"kano-kajak in de pyrenee&#xEB;n\" class=\"wp-image-1218\" srcset=\"https:\/\/camping-pyrenees-natura.com\/wp-content\/uploads\/2023\/01\/canoe-kayak-dans-les-pyrenees.jpg 800w, https:\/\/camping-pyrenees-natura.com\/wp-content\/uploads\/2023\/01\/canoe-kayak-dans-les-pyrenees-300x169.jpg 300w, https:\/\/camping-pyrenees-natura.com\/wp-content\/uploads\/2023\/01\/canoe-kayak-dans-les-pyrenees-768x432.jpg 768w\" sizes=\"(max-width: 800px) 100vw, 800px\" \/><\/figure>\n\n\n\n<div class=\"wp-block-columns are-vertically-aligned-bottom colonne-left is-layout-flex wp-container-core-columns-is-layout-9d6595d7 wp-block-columns-is-layout-flex\">\n<div class=\"wp-block-column is-vertically-aligned-bottom left is-layout-flow wp-block-column-is-layout-flow\">\n<h2 class=\"ls-heading wp-block-heading\">Dag 4: Vliegen als een vogel in de Val d&#8217;Azun<\/h2>\n\n\n\n<p class=\"ls-paragraph\">Ontdek het landschap vanuit de lucht met <strong>paragliding<\/strong>! De Pyrenee\u00ebn zijn de ideale plek om u te laten verrassen door deze adembenemende natuur. Het bedrijf &#8220;Comme un oiseau&#8221; biedt verschillende pakketten aan op alle niveaus, van beginner tot gevorderde, zodat u het pakket kunt kiezen dat het beste bij u past&#8230; Springen we in de leegte?<\/p>\n\n\n\n<p class=\"ls-paragraph\"><em>Om uzelf te belonen voor een geweldige sportdag, kunt u onze sauna &amp; jacuzzi wellnessruimte, onze massages en ons restaurant 48 uur van tevoren reserveren.<\/em><\/p>\n<\/div>\n<\/div>\n\n\n\n<figure class=\"wp-block-image size-full image-right animated fadeInLeft delay-200ms slow\"><img decoding=\"async\" width=\"800\" height=\"450\" src=\"https:\/\/camping-pyrenees-natura.com\/wp-content\/uploads\/2023\/01\/parapente-dans-les-pyrennees.jpg\" alt=\"paragliding in de pyrenee&#xEB;n\" class=\"wp-image-1220\" srcset=\"https:\/\/camping-pyrenees-natura.com\/wp-content\/uploads\/2023\/01\/parapente-dans-les-pyrennees.jpg 800w, https:\/\/camping-pyrenees-natura.com\/wp-content\/uploads\/2023\/01\/parapente-dans-les-pyrennees-300x169.jpg 300w, https:\/\/camping-pyrenees-natura.com\/wp-content\/uploads\/2023\/01\/parapente-dans-les-pyrennees-768x432.jpg 768w\" sizes=\"(max-width: 800px) 100vw, 800px\" \/><\/figure>\n\n\n\n<div class=\"wp-block-columns are-vertically-aligned-bottom colonne-right is-layout-flex wp-container-core-columns-is-layout-9d6595d7 wp-block-columns-is-layout-flex\">\n<div class=\"wp-block-column is-vertically-aligned-bottom right is-layout-flow wp-block-column-is-layout-flow\">\n<h2 class=\"ls-heading wp-block-heading\">Dag 3: Van top tot teen in het water van de Gave!<\/h2>\n\n\n\n<p class=\"ls-paragraph\">Ga op avontuur met Tom Rafting, en kies uw voorkeur!<\/p>\n\n\n\n<p class=\"ls-paragraph\"><strong>Raften, kano\u00ebn, kajakken, mini-raften, boek de activiteit van uw keuze, voor een halve of een hele dag en laat u meevoeren door de stroming van de Gave!<\/strong><\/p>\n\n\n\n<p class=\"ls-paragraph\"><em>Om uzelf te belonen voor een geweldige sportdag, kunt u onze sauna &amp; jacuzzi wellnessruimte, onze massages en ons restaurant 48 uur van tevoren reserveren.<\/em><\/p>\n<\/div>\n<\/div>\n\n\n    <\/div>\n<\/section><section id=\"ls-section-block_94abd7e4245f6e93d134206a3117510b\" class=\"ls-section  page-two animated fadeInUp delay-200ms slow has-background-image has-parallax has-m-t m-t-8\" >\n    <div class=\"ls-section__background-image opacity-100\"><img decoding=\"async\" src=\"https:\/\/camping-pyrenees-natura.com\/wp-content\/uploads\/2023\/01\/curcuits-vtt-dans-les-pyrenees.jpg\" alt=\"curcuits-vtt-dans-les-pyrenees\"><\/div>    <div class=\"container container--wide\">\n        \n\n<div class=\"wp-block-columns is-layout-flex wp-container-core-columns-is-layout-9d6595d7 wp-block-columns-is-layout-flex\">\n<div class=\"wp-block-column left is-layout-flow wp-block-column-is-layout-flow\"><\/div>\n\n\n\n<div class=\"wp-block-column right has-color-white-background-color has-background is-layout-flow wp-block-column-is-layout-flow\">\n<h2 class=\"ls-heading wp-block-heading\">Dag 5: De mythische paden van de Hoge Pyrenee\u00ebn bewandelen<\/h2>\n\n\n\n<p class=\"ls-paragraph\">Altamonta biedt fiets- en <strong>mountainbikeverhuur<\/strong> en tours. Op hun website vindt u een veelheid van tours die al zijn ge\u00efnformeerd. Huur per dag of halve dag, bedwing de mythische passen (Tourmalet, Hautacam, Col du Soulor, enz.) of geef de voorkeur aan circuits in het bos, om van de natuur te genieten, er is voor elk wat wils.<\/p>\n\n\n\n<p class=\"ls-paragraph\"><em>Om uzelf te belonen voor een geweldige sportdag, kunt u onze sauna &amp; jacuzzi wellnessruimte, onze massages en ons restaurant 48 uur van tevoren reserveren.<\/em><\/p>\n\n\n\n<figure class=\"wp-block-image size-large image-deco\"><img decoding=\"async\" width=\"677\" height=\"1024\" src=\"https:\/\/camping-pyrenees-natura.com\/wp-content\/uploads\/2022\/12\/branche-677x1024.png\" alt=\"vestiging\" class=\"wp-image-552\" title=\"\" srcset=\"https:\/\/camping-pyrenees-natura.com\/wp-content\/uploads\/2022\/12\/branche-677x1024.png 677w, https:\/\/camping-pyrenees-natura.com\/wp-content\/uploads\/2022\/12\/branche-198x300.png 198w, https:\/\/camping-pyrenees-natura.com\/wp-content\/uploads\/2022\/12\/branche-768x1162.png 768w, https:\/\/camping-pyrenees-natura.com\/wp-content\/uploads\/2022\/12\/branche-1015x1536.png 1015w, https:\/\/camping-pyrenees-natura.com\/wp-content\/uploads\/2022\/12\/branche.png 1329w\" sizes=\"(max-width: 677px) 100vw, 677px\" \/><\/figure>\n<\/div>\n<\/div>\n\n\n    <\/div>\n<\/section><section id=\"ls-section-block_0cfa5ca45eb4c7a4b625b56fdb94557f\" class=\"ls-section  page-randonnee has-background has-color-3-background-color has-p-t p-t-14 has-p-b p-b-14\" >\n        <div class=\"container container--wide\">\n        \n\n<figure class=\"wp-block-image size-full image-right animated fadeInLeft delay-200ms slow\"><img decoding=\"async\" width=\"800\" height=\"450\" src=\"https:\/\/camping-pyrenees-natura.com\/wp-content\/uploads\/2023\/01\/sejour-sensation-dans-les-pyrenees.jpg\" alt=\"sensationeel verblijf in de pyrenee&#xEB;n\" class=\"wp-image-1268\" srcset=\"https:\/\/camping-pyrenees-natura.com\/wp-content\/uploads\/2023\/01\/sejour-sensation-dans-les-pyrenees.jpg 800w, https:\/\/camping-pyrenees-natura.com\/wp-content\/uploads\/2023\/01\/sejour-sensation-dans-les-pyrenees-300x169.jpg 300w, https:\/\/camping-pyrenees-natura.com\/wp-content\/uploads\/2023\/01\/sejour-sensation-dans-les-pyrenees-768x432.jpg 768w\" sizes=\"(max-width: 800px) 100vw, 800px\" \/><\/figure>\n\n\n\n<div class=\"wp-block-columns are-vertically-aligned-bottom colonne-right is-layout-flex wp-container-core-columns-is-layout-9d6595d7 wp-block-columns-is-layout-flex\">\n<div class=\"wp-block-column is-vertically-aligned-bottom right is-layout-flow wp-block-column-is-layout-flow\">\n<h2 class=\"ls-heading wp-block-heading\">Dag 6: Verticaal in de bergen<\/h2>\n\n\n\n<p class=\"ls-paragraph\">Klaar voor een beetje hoogtevrees? Het is om O2 Roche te ontmoeten, een berg specialist. Klimmen, springen, klimmen, met hen is het risicoloos!<\/p>\n\n\n\n<p class=\"ls-paragraph\"><strong>Klimmen of Via Ferrata, de keuze is aan u, of u nu een beginner of een ervaren klimmer bent, u zult vinden wat u nodig heeft.<\/strong><\/p>\n\n\n\n<p class=\"ls-paragraph\"><em>Om uzelf te belonen voor een geweldige sportdag, kunt u 48 uur van tevoren reserveren voor onze sauna &amp; jacuzzi, onze massages en ons restaurant.<\/em><\/p>\n<\/div>\n<\/div>\n\n\n\n<figure class=\"wp-block-image size-full image-left animated fadeInRight delay-200ms slow\"><img decoding=\"async\" width=\"800\" height=\"450\" src=\"https:\/\/camping-pyrenees-natura.com\/wp-content\/uploads\/2023\/01\/escalade-sans-les-pyrenees.jpg\" alt=\"klimmen in de pyrenee&#xEB;n\" class=\"wp-image-1215\" srcset=\"https:\/\/camping-pyrenees-natura.com\/wp-content\/uploads\/2023\/01\/escalade-sans-les-pyrenees.jpg 800w, https:\/\/camping-pyrenees-natura.com\/wp-content\/uploads\/2023\/01\/escalade-sans-les-pyrenees-300x169.jpg 300w, https:\/\/camping-pyrenees-natura.com\/wp-content\/uploads\/2023\/01\/escalade-sans-les-pyrenees-768x432.jpg 768w\" sizes=\"(max-width: 800px) 100vw, 800px\" \/><\/figure>\n\n\n\n<div class=\"wp-block-columns are-vertically-aligned-bottom colonne-left is-layout-flex wp-container-core-columns-is-layout-9d6595d7 wp-block-columns-is-layout-flex\">\n<div class=\"wp-block-column is-vertically-aligned-bottom left is-layout-flow wp-block-column-is-layout-flow\">\n<h2 class=\"ls-heading wp-block-heading\">Dag 7: Uw mooiste herinneringen in de Pyrenee\u00ebn!<\/h2>\n\n\n\n<p class=\"ls-paragraph\">Wij hopen dat u van deze week vakantie heeft genoten en zien u graag weer terug!<\/p>\n\n\n\n<p class=\"ls-paragraph\">Zorg goed voor jezelf en stuur ons je mooiste souvenirfoto&#8217;s!<\/p>\n<\/div>\n<\/div>\n\n\n    <\/div>\n<\/section><section id=\"ls-section-block_afc19263468367b859e9ec08d75109ef\" class=\"ls-section  page-maillage has-p-t p-t-14 has-p-b p-b-14\" >\n        <div class=\"container container--wide\">\n        \n\n<div id=\"ls-heading ls-titre-div-block_e31818cc0bbb3ac1c6246caeadad5245\" class=\"ls-titre-div aligncenter h2-like\" >\n    Ontdek onze wellnessruimte, <\/br>en onze verblijfsinspiraties!<\/div>\n\n\n<div id=\"ls-maillage-block_633f12e4d8d8a596162c163b6fc67135\" class=\"ls-maillage cta-style-normal has-p-t p-t-4\" data-rows=\"3\">\n    <div class=\"wp-block-columns\"><div class=\"wp-block-column\">\n\n<a href=\"https:\/\/camping-pyrenees-natura.com\/nl\/onze-wellnessruimte\/\" target=\"\" rel=\"noopener\" class=\"ls-cta__link\">\n\n\t<div class=\"ls-cta__image\"><img decoding=\"async\" src=\"https:\/\/camping-pyrenees-natura.com\/wp-content\/uploads\/2023\/01\/espace-bien-etre-camping-pyrenee-768x512.jpg\" alt=\"espace-bien-etre-camping-pyrenee\"><\/div>\n\t<div class=\"ls-cta__title\">\n\t\tOnze wellnessruimte\t<\/div>\n\n\t\t\n<\/a><\/div><div class=\"wp-block-column\">\n\n<a href=\"https:\/\/camping-pyrenees-natura.com\/nl\/ontdekkingsweek\/\" target=\"\" rel=\"noopener\" class=\"ls-cta__link\">\n\n\t<div class=\"ls-cta__image\"><img decoding=\"async\" src=\"https:\/\/camping-pyrenees-natura.com\/wp-content\/uploads\/2023\/01\/camping-pyrenees-natura-proche-du-parc-national-des-pyrenees-768x512.jpg\" alt=\"camping-pyrenees-natura-proche-du-parc-national-des-pyrenees\"><\/div>\n\t<div class=\"ls-cta__title\">\n\t\tOntdekkingsweek\t<\/div>\n\n\t\t\n<\/a><\/div><div class=\"wp-block-column\">\n\n<a href=\"https:\/\/camping-pyrenees-natura.com\/nl\/wandel-en-welzijnsweek\/\" target=\"\" rel=\"noopener\" class=\"ls-cta__link\">\n\n\t<div class=\"ls-cta__image\"><img decoding=\"async\" src=\"https:\/\/camping-pyrenees-natura.com\/wp-content\/uploads\/2023\/01\/sejour-rando-camping-pyrenee-natura-768x512.jpg\" alt=\"sejour-rando-camping-pyrenee-natura\"><\/div>\n\t<div class=\"ls-cta__title\">\n\t\tWandel- en welzijnsweek\t<\/div>\n\n\t\t\n<\/a><\/div><\/div><\/div>\n\n    <\/div>\n<\/section>","protected":false},"excerpt":{"rendered":"","protected":false},"author":1,"featured_media":1819,"parent":0,"menu_order":0,"comment_status":"closed","ping_status":"closed","template":"","meta":{"_acf_changed":false,"footnotes":""},"sujet":[],"class_list":["post-2044","page","type-page","status-publish","has-post-thumbnail","hentry"],"acf":[],"yoast_head":"<!-- This site is optimized with the Yoast SEO plugin v23.4 - https:\/\/yoast.com\/wordpress\/plugins\/seo\/ -->\n<title>Sensatie activiteiten Estaing | Paragliding in de Pyrenee\u00ebn<\/title>\n<meta name=\"robots\" content=\"index, follow, max-snippet:-1, max-image-preview:large, max-video-preview:-1\" \/>\n<link rel=\"canonical\" href=\"https:\/\/camping-pyrenees-natura.com\/nl\/sensaties-week\/\" \/>\n<meta property=\"og:locale\" content=\"nl_NL\" \/>\n<meta property=\"og:type\" content=\"article\" \/>\n<meta property=\"og:title\" content=\"Sensatie activiteiten Estaing | Paragliding in de Pyrenee\u00ebn\" \/>\n<meta property=\"og:url\" content=\"https:\/\/camping-pyrenees-natura.com\/nl\/sensaties-week\/\" \/>\n<meta property=\"og:site_name\" content=\"Camping Pyr\u00e9n\u00e9es Natura ****\" \/>\n<meta property=\"article:modified_time\" content=\"2023-03-02T13:50:44+00:00\" \/>\n<meta property=\"og:image\" content=\"https:\/\/camping-pyrenees-natura.com\/wp-content\/uploads\/2023\/01\/sejour-sensations-fortes-camping-pyrenees-natura.jpg\" \/>\n\t<meta property=\"og:image:width\" content=\"1920\" \/>\n\t<meta property=\"og:image:height\" content=\"682\" \/>\n\t<meta property=\"og:image:type\" content=\"image\/jpeg\" \/>\n<meta name=\"twitter:card\" content=\"summary_large_image\" \/>\n<meta name=\"twitter:label1\" content=\"Geschatte leestijd\" \/>\n\t<meta name=\"twitter:data1\" content=\"5 minuten\" \/>\n<script type=\"application\/ld+json\" class=\"yoast-schema-graph\">{\"@context\":\"https:\/\/schema.org\",\"@graph\":[{\"@type\":\"WebPage\",\"@id\":\"https:\/\/camping-pyrenees-natura.com\/nl\/sensaties-week\/\",\"url\":\"https:\/\/camping-pyrenees-natura.com\/nl\/sensaties-week\/\",\"name\":\"Sensatie activiteiten Estaing | Paragliding in de Pyrenee\u00ebn\",\"isPartOf\":{\"@id\":\"https:\/\/camping-pyrenees-natura.com\/#website\"},\"primaryImageOfPage\":{\"@id\":\"https:\/\/camping-pyrenees-natura.com\/nl\/sensaties-week\/#primaryimage\"},\"image\":{\"@id\":\"https:\/\/camping-pyrenees-natura.com\/nl\/sensaties-week\/#primaryimage\"},\"thumbnailUrl\":\"https:\/\/camping-pyrenees-natura.com\/wp-content\/uploads\/2023\/01\/sejour-sensations-fortes-camping-pyrenees-natura.jpg\",\"datePublished\":\"2023-01-25T10:08:32+00:00\",\"dateModified\":\"2023-03-02T13:50:44+00:00\",\"breadcrumb\":{\"@id\":\"https:\/\/camping-pyrenees-natura.com\/nl\/sensaties-week\/#breadcrumb\"},\"inLanguage\":\"nl-NL\",\"potentialAction\":[{\"@type\":\"ReadAction\",\"target\":[\"https:\/\/camping-pyrenees-natura.com\/nl\/sensaties-week\/\"]}]},{\"@type\":\"ImageObject\",\"inLanguage\":\"nl-NL\",\"@id\":\"https:\/\/camping-pyrenees-natura.com\/nl\/sensaties-week\/#primaryimage\",\"url\":\"https:\/\/camping-pyrenees-natura.com\/wp-content\/uploads\/2023\/01\/sejour-sensations-fortes-camping-pyrenees-natura.jpg\",\"contentUrl\":\"https:\/\/camping-pyrenees-natura.com\/wp-content\/uploads\/2023\/01\/sejour-sensations-fortes-camping-pyrenees-natura.jpg\",\"width\":1920,\"height\":682,\"caption\":\"sejour-sensations-fortes-camping-pyrenees-natura\"},{\"@type\":\"BreadcrumbList\",\"@id\":\"https:\/\/camping-pyrenees-natura.com\/nl\/sensaties-week\/#breadcrumb\",\"itemListElement\":[{\"@type\":\"ListItem\",\"position\":1,\"name\":\"Camping Pyr\u00e9n\u00e9es\",\"item\":\"https:\/\/camping-pyrenees-natura.com\/nl\/\"},{\"@type\":\"ListItem\",\"position\":2,\"name\":\"Sportactiviteiten in de Pyrenee\u00ebn\"}]},{\"@type\":\"WebSite\",\"@id\":\"https:\/\/camping-pyrenees-natura.com\/#website\",\"url\":\"https:\/\/camping-pyrenees-natura.com\/\",\"name\":\"Camping Pyr\u00e9n\u00e9es Natura ****\",\"description\":\"\",\"publisher\":{\"@id\":\"https:\/\/camping-pyrenees-natura.com\/#organization\"},\"potentialAction\":[{\"@type\":\"SearchAction\",\"target\":{\"@type\":\"EntryPoint\",\"urlTemplate\":\"https:\/\/camping-pyrenees-natura.com\/?s={search_term_string}\"},\"query-input\":{\"@type\":\"PropertyValueSpecification\",\"valueRequired\":true,\"valueName\":\"search_term_string\"}}],\"inLanguage\":\"nl-NL\"},{\"@type\":\"Organization\",\"@id\":\"https:\/\/camping-pyrenees-natura.com\/#organization\",\"name\":\"Camping Pyr\u00e9n\u00e9es Natura ****\",\"url\":\"https:\/\/camping-pyrenees-natura.com\/\",\"logo\":{\"@type\":\"ImageObject\",\"inLanguage\":\"nl-NL\",\"@id\":\"https:\/\/camping-pyrenees-natura.com\/#\/schema\/logo\/image\/\",\"url\":\"https:\/\/camping-pyrenees-natura.com\/wp-content\/uploads\/2022\/12\/favicon.png\",\"contentUrl\":\"https:\/\/camping-pyrenees-natura.com\/wp-content\/uploads\/2022\/12\/favicon.png\",\"width\":231,\"height\":227,\"caption\":\"Camping Pyr\u00e9n\u00e9es Natura ****\"},\"image\":{\"@id\":\"https:\/\/camping-pyrenees-natura.com\/#\/schema\/logo\/image\/\"}}]}<\/script>\n<!-- \/ Yoast SEO plugin. -->","yoast_head_json":{"title":"Sensatie activiteiten Estaing | Paragliding in de Pyrenee\u00ebn","robots":{"index":"index","follow":"follow","max-snippet":"max-snippet:-1","max-image-preview":"max-image-preview:large","max-video-preview":"max-video-preview:-1"},"canonical":"https:\/\/camping-pyrenees-natura.com\/nl\/sensaties-week\/","og_locale":"nl_NL","og_type":"article","og_title":"Sensatie activiteiten Estaing | Paragliding in de Pyrenee\u00ebn","og_url":"https:\/\/camping-pyrenees-natura.com\/nl\/sensaties-week\/","og_site_name":"Camping Pyr\u00e9n\u00e9es Natura ****","article_modified_time":"2023-03-02T13:50:44+00:00","og_image":[{"width":1920,"height":682,"url":"https:\/\/camping-pyrenees-natura.com\/wp-content\/uploads\/2023\/01\/sejour-sensations-fortes-camping-pyrenees-natura.jpg","type":"image\/jpeg"}],"twitter_card":"summary_large_image","twitter_misc":{"Geschatte leestijd":"5 minuten"},"schema":{"@context":"https:\/\/schema.org","@graph":[{"@type":"WebPage","@id":"https:\/\/camping-pyrenees-natura.com\/nl\/sensaties-week\/","url":"https:\/\/camping-pyrenees-natura.com\/nl\/sensaties-week\/","name":"Sensatie activiteiten Estaing | Paragliding in de Pyrenee\u00ebn","isPartOf":{"@id":"https:\/\/camping-pyrenees-natura.com\/#website"},"primaryImageOfPage":{"@id":"https:\/\/camping-pyrenees-natura.com\/nl\/sensaties-week\/#primaryimage"},"image":{"@id":"https:\/\/camping-pyrenees-natura.com\/nl\/sensaties-week\/#primaryimage"},"thumbnailUrl":"https:\/\/camping-pyrenees-natura.com\/wp-content\/uploads\/2023\/01\/sejour-sensations-fortes-camping-pyrenees-natura.jpg","datePublished":"2023-01-25T10:08:32+00:00","dateModified":"2023-03-02T13:50:44+00:00","breadcrumb":{"@id":"https:\/\/camping-pyrenees-natura.com\/nl\/sensaties-week\/#breadcrumb"},"inLanguage":"nl-NL","potentialAction":[{"@type":"ReadAction","target":["https:\/\/camping-pyrenees-natura.com\/nl\/sensaties-week\/"]}]},{"@type":"ImageObject","inLanguage":"nl-NL","@id":"https:\/\/camping-pyrenees-natura.com\/nl\/sensaties-week\/#primaryimage","url":"https:\/\/camping-pyrenees-natura.com\/wp-content\/uploads\/2023\/01\/sejour-sensations-fortes-camping-pyrenees-natura.jpg","contentUrl":"https:\/\/camping-pyrenees-natura.com\/wp-content\/uploads\/2023\/01\/sejour-sensations-fortes-camping-pyrenees-natura.jpg","width":1920,"height":682,"caption":"sejour-sensations-fortes-camping-pyrenees-natura"},{"@type":"BreadcrumbList","@id":"https:\/\/camping-pyrenees-natura.com\/nl\/sensaties-week\/#breadcrumb","itemListElement":[{"@type":"ListItem","position":1,"name":"Camping Pyr\u00e9n\u00e9es","item":"https:\/\/camping-pyrenees-natura.com\/nl\/"},{"@type":"ListItem","position":2,"name":"Sportactiviteiten in de Pyrenee\u00ebn"}]},{"@type":"WebSite","@id":"https:\/\/camping-pyrenees-natura.com\/#website","url":"https:\/\/camping-pyrenees-natura.com\/","name":"Camping Pyr\u00e9n\u00e9es Natura ****","description":"","publisher":{"@id":"https:\/\/camping-pyrenees-natura.com\/#organization"},"potentialAction":[{"@type":"SearchAction","target":{"@type":"EntryPoint","urlTemplate":"https:\/\/camping-pyrenees-natura.com\/?s={search_term_string}"},"query-input":{"@type":"PropertyValueSpecification","valueRequired":true,"valueName":"search_term_string"}}],"inLanguage":"nl-NL"},{"@type":"Organization","@id":"https:\/\/camping-pyrenees-natura.com\/#organization","name":"Camping Pyr\u00e9n\u00e9es Natura ****","url":"https:\/\/camping-pyrenees-natura.com\/","logo":{"@type":"ImageObject","inLanguage":"nl-NL","@id":"https:\/\/camping-pyrenees-natura.com\/#\/schema\/logo\/image\/","url":"https:\/\/camping-pyrenees-natura.com\/wp-content\/uploads\/2022\/12\/favicon.png","contentUrl":"https:\/\/camping-pyrenees-natura.com\/wp-content\/uploads\/2022\/12\/favicon.png","width":231,"height":227,"caption":"Camping Pyr\u00e9n\u00e9es Natura ****"},"image":{"@id":"https:\/\/camping-pyrenees-natura.com\/#\/schema\/logo\/image\/"}}]}},"_links":{"self":[{"href":"https:\/\/camping-pyrenees-natura.com\/nl\/wp-json\/wp\/v2\/pages\/2044","targetHints":{"allow":["GET"]}}],"collection":[{"href":"https:\/\/camping-pyrenees-natura.com\/nl\/wp-json\/wp\/v2\/pages"}],"about":[{"href":"https:\/\/camping-pyrenees-natura.com\/nl\/wp-json\/wp\/v2\/types\/page"}],"author":[{"embeddable":true,"href":"https:\/\/camping-pyrenees-natura.com\/nl\/wp-json\/wp\/v2\/users\/1"}],"replies":[{"embeddable":true,"href":"https:\/\/camping-pyrenees-natura.com\/nl\/wp-json\/wp\/v2\/comments?post=2044"}],"version-history":[{"count":10,"href":"https:\/\/camping-pyrenees-natura.com\/nl\/wp-json\/wp\/v2\/pages\/2044\/revisions"}],"predecessor-version":[{"id":2503,"href":"https:\/\/camping-pyrenees-natura.com\/nl\/wp-json\/wp\/v2\/pages\/2044\/revisions\/2503"}],"wp:featuredmedia":[{"embeddable":true,"href":"https:\/\/camping-pyrenees-natura.com\/nl\/wp-json\/wp\/v2\/media\/1819"}],"wp:attachment":[{"href":"https:\/\/camping-pyrenees-natura.com\/nl\/wp-json\/wp\/v2\/media?parent=2044"}],"wp:term":[{"taxonomy":"sujet","embeddable":true,"href":"https:\/\/camping-pyrenees-natura.com\/nl\/wp-json\/wp\/v2\/sujet?post=2044"}],"curies":[{"name":"wp","href":"https:\/\/api.w.org\/{rel}","templated":true}]}}