{"id":2017,"date":"2023-01-25T09:58:21","date_gmt":"2023-01-25T08:58:21","guid":{"rendered":"https:\/\/camping-pyrenees-natura.com\/entdeckungswoche\/"},"modified":"2023-02-02T11:13:26","modified_gmt":"2023-02-02T10:13:26","slug":"entdeckungswoche","status":"publish","type":"page","link":"https:\/\/camping-pyrenees-natura.com\/de\/entdeckungswoche\/","title":{"rendered":"Entdeckungswoche"},"content":{"rendered":"<section id=\"ls-section-block_e5352bd9874f9e16939bf0486f179a61\" class=\"ls-section  page-chapeau\" >\n        <div class=\"container \">\n        \n\n<h1 class=\"ls__heading has-text-align-center wp-block-heading\">Eine Woche mit der Familie<br>im Val d&#8217;Azun<\/h1>\n\n\n    <\/div>\n<\/section>\n\n<section id=\"ls-section-block_186472a8e3b01f57bc0e8a6f66a78382\" class=\"ls-section  page-intro has-p-t p-t-0 has-p-b p-b-14\" >\n        <div class=\"container container--wide\">\n        \n\n<div class=\"wp-block-columns is-layout-flex wp-container-core-columns-is-layout-9d6595d7 wp-block-columns-is-layout-flex\">\n<div class=\"wp-block-column is-layout-flow wp-block-column-is-layout-flow\" style=\"flex-basis:66.66%\">\n<figure class=\"wp-block-image size-full animated fadeInUp delay-200ms slow\"><img decoding=\"async\" width=\"868\" height=\"488\" src=\"https:\/\/camping-pyrenees-natura.com\/wp-content\/uploads\/2023\/01\/camping-pyrenees-natura.jpg\" alt=\"camping pyren\u00e4en natura\" class=\"wp-image-1195\" srcset=\"https:\/\/camping-pyrenees-natura.com\/wp-content\/uploads\/2023\/01\/camping-pyrenees-natura.jpg 868w, https:\/\/camping-pyrenees-natura.com\/wp-content\/uploads\/2023\/01\/camping-pyrenees-natura-300x169.jpg 300w, https:\/\/camping-pyrenees-natura.com\/wp-content\/uploads\/2023\/01\/camping-pyrenees-natura-768x432.jpg 768w\" sizes=\"(max-width: 868px) 100vw, 868px\" \/><\/figure>\n<\/div>\n\n\n\n<div class=\"wp-block-column is-vertically-aligned-center is-layout-flow wp-block-column-is-layout-flow\" style=\"flex-basis:33.33%\">\n<h2 class=\"ls__heading montagne wp-block-heading\">Tag 1 &#8211; Ihr seid in Estaing angekommen!<\/h2>\n\n\n\n<p class=\"ls-paragraph\">Kaum angekommen, sp\u00fcren Sie das? Saubere <strong>Luft str\u00f6mt<\/strong> Ihnen entgegen und die Aussicht auf die Berge l\u00e4sst Sie staunen! Und ja, Sie sind gerade auf dem <a href=\"\/de\/\">Campingplatz Pyr\u00e9n\u00e9es Natura<\/a> mitten in den Bergen angekommen. Sie haben eine lange und anstrengende Fahrt hinter sich, aber Sie sind endlich am Ziel angekommen.<\/p>\n\n\n\n<p class=\"ls-paragraph\">Los, hopp! Stellen Sie Ihre Koffer ab, genie\u00dfen Sie an der Bar ein k\u00fchles Getr\u00e4nk und setzen Sie sich auf die Terrasse, um nach der langen Fahrt einen Moment der Entspannung und Ruhe zu genie\u00dfen.<\/p>\n\n\n\n<p class=\"ls-paragraph\">Das Val d&#8217;Azun und seine Berge strecken Ihnen die Arme f\u00fcr eine Woche voller <strong>Emotionen<\/strong> und <strong>Entdeckungen<\/strong> entgegen! Sind Sie bereit f\u00fcr ein Abenteuer? Los geht&#8217;s!<\/p>\n<\/div>\n<\/div>\n\n\n    <\/div>\n<\/section>\n\n<section id=\"ls-section-block_da621fe94dbd250060f0f1bf44b3ed7b\" class=\"ls-section  page-one animated fadeInUp delay-200ms slow has-background-image has-m-b m-b-8 has-p-t p-t-14\" >\n    <div class=\"ls-section__background-image opacity-100\"><img decoding=\"async\" src=\"https:\/\/camping-pyrenees-natura.com\/wp-content\/uploads\/2023\/01\/lac-de-tch-campig-pyrenees-natura.jpg\" alt=\"lac-de-tch-campig-pyrenees-natura\"><\/div>    <div class=\"container container--wide\">\n        \n\n<div class=\"wp-block-columns is-layout-flex wp-container-core-columns-is-layout-9d6595d7 wp-block-columns-is-layout-flex\">\n<div class=\"wp-block-column left has-color-white-background-color has-background is-layout-flow wp-block-column-is-layout-flow\">\n<h2 class=\"ls-heading wp-block-heading\">Tag 2: Die Seen des Val d&#8217;Azun bewundern<\/h2>\n\n\n\n<p class=\"ls-paragraph\">Nachdem wir eine Nacht in der Stille der <strong>Berge<\/strong> verbracht haben, ohne Hupe oder Licht, wachen wir ruhig auf und h\u00f6ren das Ger\u00e4usch von V\u00f6geln. Man \u00f6ffnet die Vorh\u00e4nge und da sind sie wieder, die sch\u00f6nen Berge ringsum, man ist doch im Urlaub! Die Kinder holen sich das Fr\u00fchst\u00fcck im Restaurant, Sie machen es sich auf Ihrer Terrasse gem\u00fctlich und st\u00e4rken sich f\u00fcr einen sch\u00f6nen Tag, den Sie mit der Familie genie\u00dfen k\u00f6nnen! Sind alle bereit? Dann geht es los!<\/p>\n\n\n\n<p class=\"ls-paragraph\">Wir machen uns auf den Weg, um den <strong>Tech-See in Arrens Marsous<\/strong> zu entdecken, der nur 12 km entfernt ist. Wenn Sie Ihre Tour um den See beendet haben, sollten wir auf dem R\u00fcckweg noch einen Zwischenstopp auf dem <strong>Bauernmarkt in Arrens<\/strong> einlegen (jeden Sonntagmorgen im Juli und August und am Mittwochnachmittag). Auf dem Campingplatz angekommen, knurrt der Magen. Kochen wir ein leckeres Essen mit unseren frischen und saisonalen Produkten!<\/p>\n\n\n\n<p class=\"ls-paragraph\">Nachdem Sie gut gegessen haben, fahren Sie zum <strong>Lac d&#8217;Estaing<\/strong> f\u00fcr einen Verdauungsspaziergang. Nur 5 km vom Campingplatz entfernt k\u00f6nnen Sie einen wundersch\u00f6nen Bergsee bewundern. Ponys und K\u00fche laufen dort oft frei herum (Sicherheitsabst\u00e4nde immer einhalten).<\/p>\n\n\n\n<figure class=\"wp-block-image size-full image-deco\"><img decoding=\"async\" width=\"1024\" height=\"1015\" src=\"https:\/\/camping-pyrenees-natura.com\/wp-content\/uploads\/2023\/01\/feuillage-1024x1015-1.png\" alt=\"feuille\" class=\"wp-image-1559\" srcset=\"https:\/\/camping-pyrenees-natura.com\/wp-content\/uploads\/2023\/01\/feuillage-1024x1015-1.png 1024w, https:\/\/camping-pyrenees-natura.com\/wp-content\/uploads\/2023\/01\/feuillage-1024x1015-1-300x297.png 300w, https:\/\/camping-pyrenees-natura.com\/wp-content\/uploads\/2023\/01\/feuillage-1024x1015-1-150x150.png 150w, https:\/\/camping-pyrenees-natura.com\/wp-content\/uploads\/2023\/01\/feuillage-1024x1015-1-768x761.png 768w\" sizes=\"(max-width: 1024px) 100vw, 1024px\" \/><\/figure>\n\n\n\n<p class=\"ls-paragraph\">Wenn Sie zur\u00fcckkommen, genie\u00dfen Sie einen Drink an der Bar, lassen Sie die Kinder mit den Riesenspielen spielen, w\u00e4hrend Sie es sich in den Lounge-Sesseln mit Blick auf die Berge gem\u00fctlich machen und Ihren Tag zu zweit ausklingen lassen k\u00f6nnen.<\/p>\n<\/div>\n\n\n\n<div class=\"wp-block-column right is-layout-flow wp-block-column-is-layout-flow\"><\/div>\n<\/div>\n\n\n    <\/div>\n<\/section>\n\n<section id=\"ls-section-block_7a6749b3295ce772cc8b05b4c546325b\" class=\"ls-section  page-three has-background has-color-3-background-color has-p-t p-t-14 has-p-b p-b-14\" >\n        <div class=\"container container--wide\">\n        \n\n<figure class=\"wp-block-image size-full image-left animated fadeInRight delay-200ms slow\"><img decoding=\"async\" width=\"800\" height=\"450\" src=\"https:\/\/camping-pyrenees-natura.com\/wp-content\/uploads\/2023\/01\/camping-proche-zoo-argeles.jpg\" alt=\"camping proche zoo argeles\" class=\"wp-image-1172\" srcset=\"https:\/\/camping-pyrenees-natura.com\/wp-content\/uploads\/2023\/01\/camping-proche-zoo-argeles.jpg 800w, https:\/\/camping-pyrenees-natura.com\/wp-content\/uploads\/2023\/01\/camping-proche-zoo-argeles-300x169.jpg 300w, https:\/\/camping-pyrenees-natura.com\/wp-content\/uploads\/2023\/01\/camping-proche-zoo-argeles-768x432.jpg 768w\" sizes=\"(max-width: 800px) 100vw, 800px\" \/><\/figure>\n\n\n\n<div class=\"wp-block-columns are-vertically-aligned-bottom colonne-left is-layout-flex wp-container-core-columns-is-layout-9d6595d7 wp-block-columns-is-layout-flex\">\n<div class=\"wp-block-column is-vertically-aligned-bottom left is-layout-flow wp-block-column-is-layout-flow\">\n<h2 class=\"ls-heading wp-block-heading\">Tag 4: Hoch hinaus in Argel\u00e8s Gazost!<\/h2>\n\n\n\n<p class=\"ls-paragraph\">An diesem vierten Tag erwartet Sie eine etwas k\u00f6rperlichere Aktivit\u00e4t&#8230; Gehen Sie in den <strong>Parc chloro&#8217;fil<\/strong>, um in den B\u00e4umen zu klettern und Ihre H\u00f6henangst zu bek\u00e4mpfen! Baumklettern, Piratenwald, Rollerfahren &#8211; Sie haben die Wahl und lassen dem Spa\u00df freien Lauf!<\/p>\n\n\n\n<p class=\"ls-paragraph\">Wenn Sie in Ihre Unterkunft zur\u00fcckkehren, die Kinder im Bett sind und es dunkel ist, nehmen Sie ein hei\u00dfes Getr\u00e4nk, gehen Sie nach drau\u00dfen und legen Sie sich auf die Sessel. Heben Sie Ihren Kopf und betrachten Sie die Sterne, die den Himmel erleuchten, diese Brise frischer Luft selbst im Sommer und diese <strong>au\u00dfergew\u00f6hnliche Ruhe<\/strong>. genie\u00dfen Sie die Ruhe, entspannen Sie sich, <strong>sch\u00f6pfen Sie neue Kraft<\/strong>. <\/p>\n\n\n\n<h2 class=\"ls-heading wp-block-heading\">Tag 5: Die Greifv\u00f6gel der Pyren\u00e4en betrachten!<\/h2>\n\n\n\n<p class=\"ls-paragraph\">Die ganze Familie war vom Tierpark begeistert? Also haben wir uns auf ein Register im selben Thema begeben, das aber noch beeindruckender ist!<\/p>\n\n\n\n<p class=\"ls-paragraph\">Fahren Sie zum <strong>Donjon des Aigles<\/strong> in Beaucens, um noch mehr Raubv\u00f6gel zu bewundern! Steinadler, Bartgeier, Milan und viele andere sind dort zu finden.<\/p>\n<\/div>\n<\/div>\n\n\n\n<figure class=\"wp-block-image size-full image-right animated fadeInLeft delay-200ms slow\"><img decoding=\"async\" width=\"800\" height=\"450\" src=\"https:\/\/camping-pyrenees-natura.com\/wp-content\/uploads\/2023\/01\/rapaces-proche-camping-pyrenees-natura-1.jpg\" alt=\"rapaces proche camping pyrenees natura\" class=\"wp-image-1189\" srcset=\"https:\/\/camping-pyrenees-natura.com\/wp-content\/uploads\/2023\/01\/rapaces-proche-camping-pyrenees-natura-1.jpg 800w, https:\/\/camping-pyrenees-natura.com\/wp-content\/uploads\/2023\/01\/rapaces-proche-camping-pyrenees-natura-1-300x169.jpg 300w, https:\/\/camping-pyrenees-natura.com\/wp-content\/uploads\/2023\/01\/rapaces-proche-camping-pyrenees-natura-1-768x432.jpg 768w\" sizes=\"(max-width: 800px) 100vw, 800px\" \/><\/figure>\n\n\n\n<div class=\"wp-block-columns are-vertically-aligned-bottom colonne-right is-layout-flex wp-container-core-columns-is-layout-9d6595d7 wp-block-columns-is-layout-flex\">\n<div class=\"wp-block-column is-vertically-aligned-bottom right is-layout-flow wp-block-column-is-layout-flow\">\n<h2 class=\"ls-heading wp-block-heading\">Tag 3: Auf Entdeckungsreise zu den Tieren der Pyren\u00e4en!<\/h2>\n\n\n\n<p class=\"ls-paragraph\">Ein dritter Tag erwartet Sie, um noch mehr von der umliegenden <strong>Tierwelt zu entdecken<\/strong>! Folgen Sie mir!<\/p>\n\n\n\n<p class=\"ls-paragraph\">Der Tierpfleger des Campingplatzes erwartet Sie jeden Morgen (Auskunft an der Rezeption) vor dem Kaninchengehege. Sie k\u00f6nnen Ihre Kinder begleiten, um einen gemeinsamen Moment zu genie\u00dfen.<\/p>\n\n\n\n<p class=\"ls-paragraph\">F\u00fcr den Rest des Tages geht es zum <a href=\"https:\/\/www.parc-animalier-pyrenees.com\/page\/nos-projets-de-conservation\" target=\"_blank\" rel=\"noreferrer noopener nofollow\">Tierpark der Pyren\u00e4en<\/a>, der sich in Ayzac Ost befindet. Der Tierpark ist kein <strong>einfacher &#8222;Zoo&#8220;<\/strong>, sondern setzt sich f\u00fcr die Erhaltung gef\u00e4hrdeter Arten ein und hilft der Tierwelt der Pyren\u00e4en.<br>Einzigartig ist, dass Sie direkt in das Gehege der Tiere gehen, um sie aus n\u00e4chster N\u00e4he zu sehen!<\/p>\n\n\n\n<p class=\"ls-paragraph\">Am Ende des Besuchs sollten Sie unbedingt Argel\u00e8s Gazost besuchen. Dieses Dorf ist eines der sch\u00f6nsten im Val d&#8217;Azun, Souvenirl\u00e4den, Restaurants, Bars, freundliche und festliche Atmosph\u00e4re.<\/p>\n<\/div>\n<\/div>\n\n\n    <\/div>\n<\/section>\n\n<section id=\"ls-section-block_eca2edad1655c9bfda5dee4fb39a3ec2\" class=\"ls-section  page-two animated fadeInUp delay-200ms slow has-background-image has-parallax has-m-t m-t-8\" >\n    <div class=\"ls-section__background-image opacity-100\"><img decoding=\"async\" src=\"https:\/\/camping-pyrenees-natura.com\/wp-content\/uploads\/2023\/01\/moment-detente-spa-pyrenees-natura.jpg\" alt=\"moment-detente-spa-pyrenees-natura\"><\/div>    <div class=\"container container--wide\">\n        \n\n<div class=\"wp-block-columns is-layout-flex wp-container-core-columns-is-layout-9d6595d7 wp-block-columns-is-layout-flex\">\n<div class=\"wp-block-column left is-layout-flow wp-block-column-is-layout-flow\"><\/div>\n\n\n\n<div class=\"wp-block-column right has-color-white-background-color has-background is-layout-flow wp-block-column-is-layout-flow\">\n<h2 class=\"ls-heading wp-block-heading\">6. Tag: Letzter Tag in den Hochpyren\u00e4en!<\/h2>\n\n\n\n<p class=\"ls-paragraph\">Bald das Ende der Ferien &#8230; Oh nein! Ein bisschen f\u00fcr jeden!<\/p>\n\n\n\n<p class=\"ls-paragraph\">Auf dem Programm &#8222;<strong>Der Vormittag der Kinder<\/strong>&#8222;: Fahrt zum st\u00e4dtischen Schwimmbad in Arrens Marsous, um sich von den hei\u00dfen Tagen abzuk\u00fchlen. Spiele, Spa\u00df im Pool und Sonnenbaden.<\/p>\n\n\n\n<p class=\"ls-paragraph\">Auf dem Programm &#8222;<strong>Der Rest f\u00fcr Erwachsene<\/strong>&#8222;: Eine aktive Woche und eine wohlverdiente Ruhepause erwarten Sie an diesem Nachmittag und Abend.<\/p>\n\n\n\n<p class=\"ls-paragraph\">Eine Massagepause<strong><\/strong> und einen Moment in unserem Wellnessbereich mit Sauna und Jacuzzi direkt auf dem Campingplatz. Danach folgt ein Abendessen im Restaurant des Campingplatzes, damit wir diesen letzten Abend mit der Familie in vollen Z\u00fcgen genie\u00dfen k\u00f6nnen. Lokale Produkte, eine gro\u00dfe Auswahl an Aperitifs, ein gem\u00fctlicher Rahmen und eine Cocooning-Atmosph\u00e4re erwarten Sie &#8211; und das alles mit Blick auf die Berge.<\/p>\n\n\n\n<h2 class=\"ls-heading wp-block-heading\">Tag 7: Ihre sch\u00f6nsten Erinnerungen in den Pyren\u00e4en!<\/h2>\n\n\n\n<p class=\"ls-paragraph\">Wir hoffen, dass Ihnen diese Urlaubswoche gefallen hat, und wir hoffen vor allem, Sie wiederzusehen!<\/p>\n\n\n\n<p class=\"ls-paragraph\">Achten Sie auf sich und schicken Sie uns Ihre sch\u00f6nsten Fotos!<\/p>\n\n\n\n<figure class=\"wp-block-image size-large image-deco\"><img decoding=\"async\" width=\"677\" height=\"1024\" src=\"https:\/\/camping-pyrenees-natura.com\/wp-content\/uploads\/2022\/12\/branche-677x1024.png\" alt=\"branche\" class=\"wp-image-552\" title=\"\" srcset=\"https:\/\/camping-pyrenees-natura.com\/wp-content\/uploads\/2022\/12\/branche-677x1024.png 677w, https:\/\/camping-pyrenees-natura.com\/wp-content\/uploads\/2022\/12\/branche-198x300.png 198w, https:\/\/camping-pyrenees-natura.com\/wp-content\/uploads\/2022\/12\/branche-768x1162.png 768w, https:\/\/camping-pyrenees-natura.com\/wp-content\/uploads\/2022\/12\/branche-1015x1536.png 1015w, https:\/\/camping-pyrenees-natura.com\/wp-content\/uploads\/2022\/12\/branche.png 1329w\" sizes=\"(max-width: 677px) 100vw, 677px\" \/><\/figure>\n<\/div>\n<\/div>\n\n\n    <\/div>\n<\/section>\n\n<section id=\"ls-section-block_a0a7e636290924f8a2e8f2f5f02693d5\" class=\"ls-section  page-maillage has-p-t p-t-14 has-p-b p-b-14\" >\n        <div class=\"container container--wide\">\n        \n\n<div id=\"ls-heading ls-titre-div-block_9596c7d9baf738593b0307377b3042eb\" class=\"ls-titre-div aligncenter h2-like\" >\n    Entdecken Sie die Aktivit\u00e4ten <\/br>et unsere anderen Inspirationen f\u00fcr Aufenthalte!<\/div>\n\n\n<div id=\"ls-maillage-block_6dc2c1b41f3673f6f2555e520a427ea0\" class=\"ls-maillage cta-style-normal has-p-t p-t-4\" data-rows=\"3\">\n    <div class=\"wp-block-columns\"><div class=\"wp-block-column\">\n\n<a href=\"https:\/\/camping-pyrenees-natura.com\/de\/wander-und-wellnesswoche\/\" target=\"\" rel=\"noopener\" class=\"ls-cta__link\">\n\n\t<div class=\"ls-cta__image\"><img decoding=\"async\" src=\"https:\/\/camping-pyrenees-natura.com\/wp-content\/uploads\/2023\/01\/sejour-rando-camping-pyrenee-natura-768x512.jpg\" alt=\"sejour-rando-camping-pyrenee-natura\"><\/div>\n\t<div class=\"ls-cta__title\">\n\t\tWander- und Wellnesswoche\t<\/div>\n\n\t\t\n<\/a><\/div><div class=\"wp-block-column\">\n\n<a href=\"https:\/\/camping-pyrenees-natura.com\/de\/dienstleistungen-und-aktivitaeten\/\" target=\"\" rel=\"noopener\" class=\"ls-cta__link\">\n\n\t<div class=\"ls-cta__image\"><img decoding=\"async\" src=\"https:\/\/camping-pyrenees-natura.com\/wp-content\/uploads\/2023\/01\/les-services-du-camping-pyrenees-natura-768x512.jpg\" alt=\"les-services-du-camping-pyrenees-natura\"><\/div>\n\t<div class=\"ls-cta__title\">\n\t\tDienstleistungen und Aktivit\u00e4ten\t<\/div>\n\n\t\t\n<\/a><\/div><div class=\"wp-block-column\">\n\n<a href=\"https:\/\/camping-pyrenees-natura.com\/de\/woche-empfindungen\/\" target=\"\" rel=\"noopener\" class=\"ls-cta__link\">\n\n\t<div class=\"ls-cta__image\"><img decoding=\"async\" src=\"https:\/\/camping-pyrenees-natura.com\/wp-content\/uploads\/2023\/01\/canyoning-dan-les-pyrenees-768x512.jpg\" alt=\"canyoning-dan-les-pyrenees\"><\/div>\n\t<div class=\"ls-cta__title\">\n\t\tWoche Empfindungen\t<\/div>\n\n\t\t\n<\/a><\/div><\/div><\/div>\n\n    <\/div>\n<\/section>","protected":false},"excerpt":{"rendered":"","protected":false},"author":1,"featured_media":1784,"parent":0,"menu_order":0,"comment_status":"closed","ping_status":"closed","template":"","meta":{"_acf_changed":false,"footnotes":""},"sujet":[],"class_list":["post-2017","page","type-page","status-publish","has-post-thumbnail","hentry"],"acf":[],"yoast_head":"<!-- This site is optimized with the Yoast SEO plugin v23.4 - https:\/\/yoast.com\/wordpress\/plugins\/seo\/ -->\n<title>Familienaktivit\u00e4ten Estaing | Wandern in den Pyren\u00e4en<\/title>\n<meta name=\"robots\" content=\"index, follow, max-snippet:-1, max-image-preview:large, max-video-preview:-1\" \/>\n<link rel=\"canonical\" href=\"https:\/\/camping-pyrenees-natura.com\/de\/entdeckungswoche\/\" \/>\n<meta property=\"og:locale\" content=\"de_DE\" \/>\n<meta property=\"og:type\" content=\"article\" \/>\n<meta property=\"og:title\" content=\"Familienaktivit\u00e4ten Estaing | Wandern in den Pyren\u00e4en\" \/>\n<meta property=\"og:url\" content=\"https:\/\/camping-pyrenees-natura.com\/de\/entdeckungswoche\/\" \/>\n<meta property=\"og:site_name\" content=\"Camping Pyr\u00e9n\u00e9es Natura ****\" \/>\n<meta property=\"article:modified_time\" content=\"2023-02-02T10:13:26+00:00\" \/>\n<meta property=\"og:image\" content=\"https:\/\/camping-pyrenees-natura.com\/wp-content\/uploads\/2023\/01\/visiter-la-parc-national-des-pyrenees.jpg\" \/>\n\t<meta property=\"og:image:width\" content=\"1920\" \/>\n\t<meta property=\"og:image:height\" content=\"682\" \/>\n\t<meta property=\"og:image:type\" content=\"image\/jpeg\" \/>\n<meta name=\"twitter:card\" content=\"summary_large_image\" \/>\n<meta name=\"twitter:label1\" content=\"Gesch\u00e4tzte Lesezeit\" \/>\n\t<meta name=\"twitter:data1\" content=\"6\u00a0Minuten\" \/>\n<script type=\"application\/ld+json\" class=\"yoast-schema-graph\">{\"@context\":\"https:\/\/schema.org\",\"@graph\":[{\"@type\":\"WebPage\",\"@id\":\"https:\/\/camping-pyrenees-natura.com\/de\/entdeckungswoche\/\",\"url\":\"https:\/\/camping-pyrenees-natura.com\/de\/entdeckungswoche\/\",\"name\":\"Familienaktivit\u00e4ten Estaing | Wandern in den Pyren\u00e4en\",\"isPartOf\":{\"@id\":\"https:\/\/camping-pyrenees-natura.com\/#website\"},\"primaryImageOfPage\":{\"@id\":\"https:\/\/camping-pyrenees-natura.com\/de\/entdeckungswoche\/#primaryimage\"},\"image\":{\"@id\":\"https:\/\/camping-pyrenees-natura.com\/de\/entdeckungswoche\/#primaryimage\"},\"thumbnailUrl\":\"https:\/\/camping-pyrenees-natura.com\/wp-content\/uploads\/2023\/01\/visiter-la-parc-national-des-pyrenees.jpg\",\"datePublished\":\"2023-01-25T08:58:21+00:00\",\"dateModified\":\"2023-02-02T10:13:26+00:00\",\"breadcrumb\":{\"@id\":\"https:\/\/camping-pyrenees-natura.com\/de\/entdeckungswoche\/#breadcrumb\"},\"inLanguage\":\"de\",\"potentialAction\":[{\"@type\":\"ReadAction\",\"target\":[\"https:\/\/camping-pyrenees-natura.com\/de\/entdeckungswoche\/\"]}]},{\"@type\":\"ImageObject\",\"inLanguage\":\"de\",\"@id\":\"https:\/\/camping-pyrenees-natura.com\/de\/entdeckungswoche\/#primaryimage\",\"url\":\"https:\/\/camping-pyrenees-natura.com\/wp-content\/uploads\/2023\/01\/visiter-la-parc-national-des-pyrenees.jpg\",\"contentUrl\":\"https:\/\/camping-pyrenees-natura.com\/wp-content\/uploads\/2023\/01\/visiter-la-parc-national-des-pyrenees.jpg\",\"width\":1920,\"height\":682,\"caption\":\"visiter-la-parc-national-des-pyrenees\"},{\"@type\":\"BreadcrumbList\",\"@id\":\"https:\/\/camping-pyrenees-natura.com\/de\/entdeckungswoche\/#breadcrumb\",\"itemListElement\":[{\"@type\":\"ListItem\",\"position\":1,\"name\":\"Camping Pyr\u00e9n\u00e9es\",\"item\":\"https:\/\/camping-pyrenees-natura.com\/de\/\"},{\"@type\":\"ListItem\",\"position\":2,\"name\":\"Auf Entdeckungsreise in den Pyren\u00e4en\"}]},{\"@type\":\"WebSite\",\"@id\":\"https:\/\/camping-pyrenees-natura.com\/#website\",\"url\":\"https:\/\/camping-pyrenees-natura.com\/\",\"name\":\"Camping Pyr\u00e9n\u00e9es Natura ****\",\"description\":\"\",\"publisher\":{\"@id\":\"https:\/\/camping-pyrenees-natura.com\/#organization\"},\"potentialAction\":[{\"@type\":\"SearchAction\",\"target\":{\"@type\":\"EntryPoint\",\"urlTemplate\":\"https:\/\/camping-pyrenees-natura.com\/?s={search_term_string}\"},\"query-input\":{\"@type\":\"PropertyValueSpecification\",\"valueRequired\":true,\"valueName\":\"search_term_string\"}}],\"inLanguage\":\"de\"},{\"@type\":\"Organization\",\"@id\":\"https:\/\/camping-pyrenees-natura.com\/#organization\",\"name\":\"Camping Pyr\u00e9n\u00e9es Natura ****\",\"url\":\"https:\/\/camping-pyrenees-natura.com\/\",\"logo\":{\"@type\":\"ImageObject\",\"inLanguage\":\"de\",\"@id\":\"https:\/\/camping-pyrenees-natura.com\/#\/schema\/logo\/image\/\",\"url\":\"https:\/\/camping-pyrenees-natura.com\/wp-content\/uploads\/2022\/12\/favicon.png\",\"contentUrl\":\"https:\/\/camping-pyrenees-natura.com\/wp-content\/uploads\/2022\/12\/favicon.png\",\"width\":231,\"height\":227,\"caption\":\"Camping Pyr\u00e9n\u00e9es Natura ****\"},\"image\":{\"@id\":\"https:\/\/camping-pyrenees-natura.com\/#\/schema\/logo\/image\/\"}}]}<\/script>\n<!-- \/ Yoast SEO plugin. -->","yoast_head_json":{"title":"Familienaktivit\u00e4ten Estaing | Wandern in den Pyren\u00e4en","robots":{"index":"index","follow":"follow","max-snippet":"max-snippet:-1","max-image-preview":"max-image-preview:large","max-video-preview":"max-video-preview:-1"},"canonical":"https:\/\/camping-pyrenees-natura.com\/de\/entdeckungswoche\/","og_locale":"de_DE","og_type":"article","og_title":"Familienaktivit\u00e4ten Estaing | Wandern in den Pyren\u00e4en","og_url":"https:\/\/camping-pyrenees-natura.com\/de\/entdeckungswoche\/","og_site_name":"Camping Pyr\u00e9n\u00e9es Natura ****","article_modified_time":"2023-02-02T10:13:26+00:00","og_image":[{"width":1920,"height":682,"url":"https:\/\/camping-pyrenees-natura.com\/wp-content\/uploads\/2023\/01\/visiter-la-parc-national-des-pyrenees.jpg","type":"image\/jpeg"}],"twitter_card":"summary_large_image","twitter_misc":{"Gesch\u00e4tzte Lesezeit":"6\u00a0Minuten"},"schema":{"@context":"https:\/\/schema.org","@graph":[{"@type":"WebPage","@id":"https:\/\/camping-pyrenees-natura.com\/de\/entdeckungswoche\/","url":"https:\/\/camping-pyrenees-natura.com\/de\/entdeckungswoche\/","name":"Familienaktivit\u00e4ten Estaing | Wandern in den Pyren\u00e4en","isPartOf":{"@id":"https:\/\/camping-pyrenees-natura.com\/#website"},"primaryImageOfPage":{"@id":"https:\/\/camping-pyrenees-natura.com\/de\/entdeckungswoche\/#primaryimage"},"image":{"@id":"https:\/\/camping-pyrenees-natura.com\/de\/entdeckungswoche\/#primaryimage"},"thumbnailUrl":"https:\/\/camping-pyrenees-natura.com\/wp-content\/uploads\/2023\/01\/visiter-la-parc-national-des-pyrenees.jpg","datePublished":"2023-01-25T08:58:21+00:00","dateModified":"2023-02-02T10:13:26+00:00","breadcrumb":{"@id":"https:\/\/camping-pyrenees-natura.com\/de\/entdeckungswoche\/#breadcrumb"},"inLanguage":"de","potentialAction":[{"@type":"ReadAction","target":["https:\/\/camping-pyrenees-natura.com\/de\/entdeckungswoche\/"]}]},{"@type":"ImageObject","inLanguage":"de","@id":"https:\/\/camping-pyrenees-natura.com\/de\/entdeckungswoche\/#primaryimage","url":"https:\/\/camping-pyrenees-natura.com\/wp-content\/uploads\/2023\/01\/visiter-la-parc-national-des-pyrenees.jpg","contentUrl":"https:\/\/camping-pyrenees-natura.com\/wp-content\/uploads\/2023\/01\/visiter-la-parc-national-des-pyrenees.jpg","width":1920,"height":682,"caption":"visiter-la-parc-national-des-pyrenees"},{"@type":"BreadcrumbList","@id":"https:\/\/camping-pyrenees-natura.com\/de\/entdeckungswoche\/#breadcrumb","itemListElement":[{"@type":"ListItem","position":1,"name":"Camping Pyr\u00e9n\u00e9es","item":"https:\/\/camping-pyrenees-natura.com\/de\/"},{"@type":"ListItem","position":2,"name":"Auf Entdeckungsreise in den Pyren\u00e4en"}]},{"@type":"WebSite","@id":"https:\/\/camping-pyrenees-natura.com\/#website","url":"https:\/\/camping-pyrenees-natura.com\/","name":"Camping Pyr\u00e9n\u00e9es Natura ****","description":"","publisher":{"@id":"https:\/\/camping-pyrenees-natura.com\/#organization"},"potentialAction":[{"@type":"SearchAction","target":{"@type":"EntryPoint","urlTemplate":"https:\/\/camping-pyrenees-natura.com\/?s={search_term_string}"},"query-input":{"@type":"PropertyValueSpecification","valueRequired":true,"valueName":"search_term_string"}}],"inLanguage":"de"},{"@type":"Organization","@id":"https:\/\/camping-pyrenees-natura.com\/#organization","name":"Camping Pyr\u00e9n\u00e9es Natura ****","url":"https:\/\/camping-pyrenees-natura.com\/","logo":{"@type":"ImageObject","inLanguage":"de","@id":"https:\/\/camping-pyrenees-natura.com\/#\/schema\/logo\/image\/","url":"https:\/\/camping-pyrenees-natura.com\/wp-content\/uploads\/2022\/12\/favicon.png","contentUrl":"https:\/\/camping-pyrenees-natura.com\/wp-content\/uploads\/2022\/12\/favicon.png","width":231,"height":227,"caption":"Camping Pyr\u00e9n\u00e9es Natura ****"},"image":{"@id":"https:\/\/camping-pyrenees-natura.com\/#\/schema\/logo\/image\/"}}]}},"_links":{"self":[{"href":"https:\/\/camping-pyrenees-natura.com\/de\/wp-json\/wp\/v2\/pages\/2017","targetHints":{"allow":["GET"]}}],"collection":[{"href":"https:\/\/camping-pyrenees-natura.com\/de\/wp-json\/wp\/v2\/pages"}],"about":[{"href":"https:\/\/camping-pyrenees-natura.com\/de\/wp-json\/wp\/v2\/types\/page"}],"author":[{"embeddable":true,"href":"https:\/\/camping-pyrenees-natura.com\/de\/wp-json\/wp\/v2\/users\/1"}],"replies":[{"embeddable":true,"href":"https:\/\/camping-pyrenees-natura.com\/de\/wp-json\/wp\/v2\/comments?post=2017"}],"version-history":[{"count":6,"href":"https:\/\/camping-pyrenees-natura.com\/de\/wp-json\/wp\/v2\/pages\/2017\/revisions"}],"predecessor-version":[{"id":2428,"href":"https:\/\/camping-pyrenees-natura.com\/de\/wp-json\/wp\/v2\/pages\/2017\/revisions\/2428"}],"wp:featuredmedia":[{"embeddable":true,"href":"https:\/\/camping-pyrenees-natura.com\/de\/wp-json\/wp\/v2\/media\/1784"}],"wp:attachment":[{"href":"https:\/\/camping-pyrenees-natura.com\/de\/wp-json\/wp\/v2\/media?parent=2017"}],"wp:term":[{"taxonomy":"sujet","embeddable":true,"href":"https:\/\/camping-pyrenees-natura.com\/de\/wp-json\/wp\/v2\/sujet?post=2017"}],"curies":[{"name":"wp","href":"https:\/\/api.w.org\/{rel}","templated":true}]}}