{"id":2009,"date":"2023-01-25T09:36:08","date_gmt":"2023-01-25T08:36:08","guid":{"rendered":"https:\/\/camping-pyrenees-natura.com\/unser-wellnessbereich\/"},"modified":"2025-08-25T10:10:05","modified_gmt":"2025-08-25T08:10:05","slug":"unser-wellnessbereich","status":"publish","type":"page","link":"https:\/\/camping-pyrenees-natura.com\/de\/unser-wellnessbereich\/","title":{"rendered":"Unser Wellnessbereich"},"content":{"rendered":"<section id=\"ls-section-block_8d3553b343b3723768f1ca81402129d1\" class=\"ls-section  page-chapeau\" >\n        <div class=\"container \">\n        \n\n<h1 class=\"ls__heading wp-block-heading has-text-align-center\">Ihr Wellnessbereich<br>auf dem Campingplatz im Val d&#8217;Azun<\/h1>\n\n\n    <\/div>\n<\/section>\n\n<section id=\"ls-section-block_1907c23070aca00d303dac9b8f45f25d\" class=\"ls-section  page-intro has-p-t p-t-0 has-p-b p-b-14\" >\n        <div class=\"container container--wide\">\n        \n\n<div class=\"wp-block-columns is-layout-flex wp-container-core-columns-is-layout-9d6595d7 wp-block-columns-is-layout-flex\">\n<div class=\"wp-block-column is-layout-flow wp-block-column-is-layout-flow\" style=\"flex-basis:66.66%\">\n<figure class=\"wp-block-image size-full animated fadeInUp delay-200ms slow\"><img decoding=\"async\" width=\"868\" height=\"488\" src=\"https:\/\/camping-pyrenees-natura.com\/wp-content\/uploads\/2023\/01\/espace-bien-etree-spa-detente-camping-pyrenees.jpg\" alt=\"espace bien etre spa detente camping pyrenees\" class=\"wp-image-1486\" srcset=\"https:\/\/camping-pyrenees-natura.com\/wp-content\/uploads\/2023\/01\/espace-bien-etree-spa-detente-camping-pyrenees.jpg 868w, https:\/\/camping-pyrenees-natura.com\/wp-content\/uploads\/2023\/01\/espace-bien-etree-spa-detente-camping-pyrenees-300x169.jpg 300w, https:\/\/camping-pyrenees-natura.com\/wp-content\/uploads\/2023\/01\/espace-bien-etree-spa-detente-camping-pyrenees-768x432.jpg 768w\" sizes=\"(max-width: 868px) 100vw, 868px\" \/><\/figure>\n<\/div>\n\n\n\n<div class=\"wp-block-column is-vertically-aligned-center is-layout-flow wp-block-column-is-layout-flow\" style=\"flex-basis:33.33%\">\n<h2 class=\"ls__heading wp-block-heading montagne\">Der Wellnessbereich auf dem Campingplatz<\/h2>\n\n\n\n<p class=\"ls-paragraph\">In Ihrem Wellnessbereich auf dem <a href=\"\/de\/\">Campingplatz Pyr\u00e9n\u00e9es Natura<\/a> bieten wir Ihnen eine finnische Sauna sowie einen Jacuzzi.<\/p>\n\n\n\n<p class=\"ls-paragraph\">Sauna und Jacuzzi sind ideal, um <strong>Verspannungen abzubauen<\/strong>, die durch Stress und M\u00fcdigkeit entstanden sind. Sie <strong>werden die Blutzirkulation anregen<\/strong> und verhindern, dass sich Muskelkater einstellt.<\/p>\n<\/div>\n<\/div>\n\n\n    <\/div>\n<\/section>\n\n<section id=\"ls-section-block_c140e0f8236c89b385e86ec6e78c5bc9\" class=\"ls-section  page-one animated fadeInUp delay-200ms slow has-background-image has-m-b m-b-8 has-p-t p-t-14\" >\n    <div class=\"ls-section__background-image opacity-100\"><img decoding=\"async\" src=\"https:\/\/camping-pyrenees-natura.com\/wp-content\/uploads\/2023\/01\/Sans-titre-4.jpg\" alt=\"camping espace bien etre\"><\/div>    <div class=\"container container--wide\">\n        \n\n<div class=\"wp-block-columns is-layout-flex wp-container-core-columns-is-layout-9d6595d7 wp-block-columns-is-layout-flex\">\n<div class=\"wp-block-column left has-color-white-background-color has-background is-layout-flow wp-block-column-is-layout-flow\">\n<p class=\"ls-paragraph\"><strong>Saunag\u00e4nge<\/strong> f\u00fchren zu einer tiefgreifenden Entgiftung des K\u00f6rpers von allen Unreinheiten, Toxinen und schlechten Fetten. Eine Sitzung sollte nicht l\u00e4nger als 15 Minuten dauern. Wir empfehlen Ihnen, zwischen Sauna und kalter Dusche zu jonglieren, um die wohltuende Wirkung zu verst\u00e4rken.<\/p>\n\n\n\n<p class=\"ls-paragraph\">Der <strong>Whirlpool<\/strong> wiederum bietet Ihnen einen wohlverdienten Moment der Entspannung und Erholung. <\/p>\n\n\n\n<p class=\"ls-paragraph\">Warum sollte man sich also nicht verf\u00fchren lassen?<\/p>\n\n\n\n<p class=\"ls-paragraph\"><em>Der Wellnessbereich ist privat und erfordert eine Reservierung. Unsere Preise erfahren Sie an der Rezeption.<\/em><\/p>\n\n\n\n<figure class=\"wp-block-image size-full image-deco\"><img decoding=\"async\" width=\"1024\" height=\"1015\" src=\"https:\/\/camping-pyrenees-natura.com\/wp-content\/uploads\/2023\/01\/feuillage-1024x1015-1.png\" alt=\"feuille\" class=\"wp-image-1559\" srcset=\"https:\/\/camping-pyrenees-natura.com\/wp-content\/uploads\/2023\/01\/feuillage-1024x1015-1.png 1024w, https:\/\/camping-pyrenees-natura.com\/wp-content\/uploads\/2023\/01\/feuillage-1024x1015-1-300x297.png 300w, https:\/\/camping-pyrenees-natura.com\/wp-content\/uploads\/2023\/01\/feuillage-1024x1015-1-150x150.png 150w, https:\/\/camping-pyrenees-natura.com\/wp-content\/uploads\/2023\/01\/feuillage-1024x1015-1-768x761.png 768w\" sizes=\"(max-width: 1024px) 100vw, 1024px\" \/><\/figure>\n<\/div>\n\n\n\n<div class=\"wp-block-column right is-layout-flow wp-block-column-is-layout-flow\"><\/div>\n<\/div>\n\n\n    <\/div>\n<\/section>\n\n<section id=\"ls-section-block_b09c36031e888f87130407f90a85786c\" class=\"ls-section  page-three has-background has-color-3-background-color has-p-t p-t-14 has-p-b p-b-14\" >\n        <div class=\"container container--wide\">\n        \n\n<figure class=\"wp-block-image size-full image-left animated fadeInRight delay-200ms slow\"><img decoding=\"async\" width=\"800\" height=\"450\" src=\"https:\/\/camping-pyrenees-natura.com\/wp-content\/uploads\/2023\/01\/massage-sur-reservation-camping-pyrenees-natura.jpg\" alt=\"massage sur reservierung camping pyren\u00e4en natura\" class=\"wp-image-1099\" srcset=\"https:\/\/camping-pyrenees-natura.com\/wp-content\/uploads\/2023\/01\/massage-sur-reservation-camping-pyrenees-natura.jpg 800w, https:\/\/camping-pyrenees-natura.com\/wp-content\/uploads\/2023\/01\/massage-sur-reservation-camping-pyrenees-natura-300x169.jpg 300w, https:\/\/camping-pyrenees-natura.com\/wp-content\/uploads\/2023\/01\/massage-sur-reservation-camping-pyrenees-natura-768x432.jpg 768w\" sizes=\"(max-width: 800px) 100vw, 800px\" \/><\/figure>\n\n\n\n<div class=\"wp-block-columns is-layout-flex wp-container-core-columns-is-layout-9d6595d7 wp-block-columns-is-layout-flex\">\n<div class=\"wp-block-column is-vertically-aligned-bottom left is-layout-flow wp-block-column-is-layout-flow\">\n<h2 class=\"ls__heading wp-block-heading\">Eine Oase der Ruhe inmitten der Berge<\/h2>\n\n\n\n<p class=\"ls-paragraph\">Wir bezeichnen es oft als &#8222;<strong>unser kleines St\u00fcck vom Paradies<\/strong>&#8222;. Und ja, in der Talsohle auf 1000 m H\u00f6he in den Bergen, weit weg vom Alltagsstress, aber gleichzeitig mit allem, was man f\u00fcr einen sch\u00f6nen Urlaub braucht. <\/p>\n\n\n\n<p class=\"ls-paragraph\">Ihre f\u00fcnf Sinne werden st\u00e4ndig wachsam sein: <\/p>\n\n\n\n<p class=\"ls-paragraph\">&#8211; <strong>Ausblick<\/strong>: Die Sch\u00f6nheit der umliegenden Natur wird Sie verzaubern.<br>&#8211; <strong>Geruchssinn<\/strong>: Sie werden nicht aufh\u00f6ren, die saubere Luft ohne Verschmutzung zu lieben.<br>&#8211; <strong>H\u00f6ren<\/strong> Sie, wie der Fluss durch die Berge flie\u00dft? a Kaninchen im Geb\u00fcsch? Pfeifen die Murmeltiere, wenn Sie wandern?<br>&#8211; <strong>Geschmack<\/strong>: Das Restaurant wird Ihren Geschmackssinn anregen.<br>&#8211; <strong>Ber\u00fchren<\/strong>: Das Gl\u00fcck mit dem Finger ber\u00fchren.<\/p>\n<\/div>\n<\/div>\n\n\n\n<figure class=\"wp-block-image size-full image-right animated fadeInLeft delay-200ms slow\"><img decoding=\"async\" width=\"651\" height=\"366\" src=\"https:\/\/camping-pyrenees-natura.com\/wp-content\/uploads\/2023\/01\/sejour-pyrenees-entre-amis.jpg\" alt=\"Pyren\u00e4enaufenthalt mit Freunden\" class=\"wp-image-1489\" srcset=\"https:\/\/camping-pyrenees-natura.com\/wp-content\/uploads\/2023\/01\/sejour-pyrenees-entre-amis.jpg 651w, https:\/\/camping-pyrenees-natura.com\/wp-content\/uploads\/2023\/01\/sejour-pyrenees-entre-amis-300x169.jpg 300w\" sizes=\"(max-width: 651px) 100vw, 651px\" \/><\/figure>\n\n\n\n<div class=\"wp-block-columns colonne-right is-layout-flex wp-container-core-columns-is-layout-9d6595d7 wp-block-columns-is-layout-flex\">\n<div class=\"wp-block-column is-vertically-aligned-center right is-layout-flow wp-block-column-is-layout-flow\">\n<h2 class=\"ls__heading wp-block-heading\">Massage auf dem Campingplatz in Estaing<\/h2>\n\n\n\n<p class=\"ls-paragraph\">Urlaub ist dazu da, sich <strong>zu entspannen<\/strong>, aus dem stressigen Alltag auszubrechen und sich von all den mentalen Belastungen zu befreien, die sich im Alltag angesammelt haben. Um wieder fit nach Hause zu kommen, gibt es nichts Besseres als eine Massage, um Verspannungen und Stress abzubauen und <strong>einen Moment nur f\u00fcr sich zu genie\u00dfen.<\/strong> <\/p>\n\n\n\n<p class=\"ls-paragraph\">Direkt auf Ihrem Campingplatz, Sie brauchen nicht mit dem Auto zu fahren, bringen Sie einfach Ihr Handtuch mit und los geht&#8217;s &#8211; garantiert ein Moment der Flucht aus dem Alltag. <\/p>\n\n\n\n<p class=\"ls-paragraph\">Auf Reservierung 48 Stunden im Voraus. Sie k\u00f6nnen sich telefonisch, per E-Mail oder bei Ihrer Ankunft \u00fcber die Zeitnischen informieren. Achtung, die Pl\u00e4tze sind begrenzt.<\/p>\n<\/div>\n<\/div>\n\n\n    <\/div>\n<\/section>\n\n<section id=\"ls-section-block_c11623abacee296f9338311b5b06fee0\" class=\"ls-section  page-maillage has-p-t p-t-14 has-p-b p-b-14\" >\n        <div class=\"container container--wide\">\n        \n\n<div id=\"ls-heading ls-titre-div-block_1c1428d161ff0b48a3922485f4b43ddb\" class=\"ls-titre-div aligncenter h2-like\" >\n    Erfahren Sie mehr \u00fcber unsere Engagements, <\/br>unsere Dienstleistungen und unser Restaurant!<\/div>\n\n\n<div id=\"ls-maillage-block_323a5876fb0757ce19ea8f2c6e3752f2\" class=\"ls-maillage cta-style-normal has-p-t p-t-4\" data-rows=\"3\">\n    <div class=\"wp-block-columns\"><div class=\"wp-block-column\">\n\n<a href=\"https:\/\/camping-pyrenees-natura.com\/de\/das-restaurant\/\" target=\"\" rel=\"noopener\" class=\"ls-cta__link\">\n\n\t<div class=\"ls-cta__image\"><img decoding=\"async\" src=\"https:\/\/camping-pyrenees-natura.com\/wp-content\/uploads\/2023\/01\/camping-restaurant-pyrennees-natura-768x512.jpg\" alt=\"camping-restaurant-pyrennees-natura\"><\/div>\n\t<div class=\"ls-cta__title\">\n\t\tUnser <\/br> Restaurant<span><\/span>\t<\/div>\n\n\t\t\n<\/a><\/div><div class=\"wp-block-column\">\n\n<a href=\"https:\/\/camping-pyrenees-natura.com\/de\/unser-oekologisches-konzept\/\" target=\"\" rel=\"noopener\" class=\"ls-cta__link\">\n\n\t<div class=\"ls-cta__image\"><img decoding=\"async\" src=\"https:\/\/camping-pyrenees-natura.com\/wp-content\/uploads\/2023\/01\/camping-pyrenees-natura-proche-ecologie-768x512.jpg\" alt=\"camping-pyrenees-natura-proche-ecologie\"><\/div>\n\t<div class=\"ls-cta__title\">\n\t\tUnser \u00f6kologisches Konzept\t<\/div>\n\n\t\t\n<\/a><\/div><div class=\"wp-block-column\">\n\n<a href=\"https:\/\/camping-pyrenees-natura.com\/de\/dienstleistungen-und-aktivitaeten\/\" target=\"\" rel=\"noopener\" class=\"ls-cta__link\">\n\n\t<div class=\"ls-cta__image\"><img decoding=\"async\" src=\"https:\/\/camping-pyrenees-natura.com\/wp-content\/uploads\/2023\/01\/les-services-du-camping-pyrenees-natura-768x512.jpg\" alt=\"les-services-du-camping-pyrenees-natura\"><\/div>\n\t<div class=\"ls-cta__title\">\n\t\tDienstleistungen und Aktivit\u00e4ten\t<\/div>\n\n\t\t\n<\/a><\/div><\/div><\/div>\n\n    <\/div>\n<\/section>","protected":false},"excerpt":{"rendered":"","protected":false},"author":1,"featured_media":1760,"parent":0,"menu_order":0,"comment_status":"closed","ping_status":"closed","template":"","meta":{"_acf_changed":false,"footnotes":""},"sujet":[],"class_list":["post-2009","page","type-page","status-publish","has-post-thumbnail","hentry"],"acf":[],"yoast_head":"<!-- This site is optimized with the Yoast SEO plugin v23.4 - https:\/\/yoast.com\/wordpress\/plugins\/seo\/ -->\n<title>Wellnessbereich Estaing | Camping SPA Pyren\u00e4en<\/title>\n<meta name=\"robots\" content=\"index, follow, max-snippet:-1, max-image-preview:large, max-video-preview:-1\" \/>\n<link rel=\"canonical\" href=\"https:\/\/camping-pyrenees-natura.com\/de\/unser-wellnessbereich\/\" \/>\n<meta property=\"og:locale\" content=\"de_DE\" \/>\n<meta property=\"og:type\" content=\"article\" \/>\n<meta property=\"og:title\" content=\"Wellnessbereich Estaing | Camping SPA Pyren\u00e4en\" \/>\n<meta property=\"og:url\" content=\"https:\/\/camping-pyrenees-natura.com\/de\/unser-wellnessbereich\/\" \/>\n<meta property=\"og:site_name\" content=\"Camping Pyr\u00e9n\u00e9es Natura ****\" \/>\n<meta property=\"article:modified_time\" content=\"2025-08-25T08:10:05+00:00\" \/>\n<meta property=\"og:image\" content=\"https:\/\/camping-pyrenees-natura.com\/wp-content\/uploads\/2023\/01\/espace-bien-etre-pyrenee-natura.jpg\" \/>\n\t<meta property=\"og:image:width\" content=\"1920\" \/>\n\t<meta property=\"og:image:height\" content=\"682\" \/>\n\t<meta property=\"og:image:type\" content=\"image\/jpeg\" \/>\n<meta name=\"twitter:card\" content=\"summary_large_image\" \/>\n<meta name=\"twitter:label1\" content=\"Gesch\u00e4tzte Lesezeit\" \/>\n\t<meta name=\"twitter:data1\" content=\"3\u00a0Minuten\" \/>\n<script type=\"application\/ld+json\" class=\"yoast-schema-graph\">{\"@context\":\"https:\/\/schema.org\",\"@graph\":[{\"@type\":\"WebPage\",\"@id\":\"https:\/\/camping-pyrenees-natura.com\/de\/unser-wellnessbereich\/\",\"url\":\"https:\/\/camping-pyrenees-natura.com\/de\/unser-wellnessbereich\/\",\"name\":\"Wellnessbereich Estaing | Camping SPA Pyren\u00e4en\",\"isPartOf\":{\"@id\":\"https:\/\/camping-pyrenees-natura.com\/#website\"},\"primaryImageOfPage\":{\"@id\":\"https:\/\/camping-pyrenees-natura.com\/de\/unser-wellnessbereich\/#primaryimage\"},\"image\":{\"@id\":\"https:\/\/camping-pyrenees-natura.com\/de\/unser-wellnessbereich\/#primaryimage\"},\"thumbnailUrl\":\"https:\/\/camping-pyrenees-natura.com\/wp-content\/uploads\/2023\/01\/espace-bien-etre-pyrenee-natura.jpg\",\"datePublished\":\"2023-01-25T08:36:08+00:00\",\"dateModified\":\"2025-08-25T08:10:05+00:00\",\"breadcrumb\":{\"@id\":\"https:\/\/camping-pyrenees-natura.com\/de\/unser-wellnessbereich\/#breadcrumb\"},\"inLanguage\":\"de\",\"potentialAction\":[{\"@type\":\"ReadAction\",\"target\":[\"https:\/\/camping-pyrenees-natura.com\/de\/unser-wellnessbereich\/\"]}]},{\"@type\":\"ImageObject\",\"inLanguage\":\"de\",\"@id\":\"https:\/\/camping-pyrenees-natura.com\/de\/unser-wellnessbereich\/#primaryimage\",\"url\":\"https:\/\/camping-pyrenees-natura.com\/wp-content\/uploads\/2023\/01\/espace-bien-etre-pyrenee-natura.jpg\",\"contentUrl\":\"https:\/\/camping-pyrenees-natura.com\/wp-content\/uploads\/2023\/01\/espace-bien-etre-pyrenee-natura.jpg\",\"width\":1920,\"height\":682,\"caption\":\"espace-bien-etre-pyrenee-natura\"},{\"@type\":\"BreadcrumbList\",\"@id\":\"https:\/\/camping-pyrenees-natura.com\/de\/unser-wellnessbereich\/#breadcrumb\",\"itemListElement\":[{\"@type\":\"ListItem\",\"position\":1,\"name\":\"Camping Pyr\u00e9n\u00e9es\",\"item\":\"https:\/\/camping-pyrenees-natura.com\/de\/\"},{\"@type\":\"ListItem\",\"position\":2,\"name\":\"Campingplatz Spa Estaing\"}]},{\"@type\":\"WebSite\",\"@id\":\"https:\/\/camping-pyrenees-natura.com\/#website\",\"url\":\"https:\/\/camping-pyrenees-natura.com\/\",\"name\":\"Camping Pyr\u00e9n\u00e9es Natura ****\",\"description\":\"\",\"publisher\":{\"@id\":\"https:\/\/camping-pyrenees-natura.com\/#organization\"},\"potentialAction\":[{\"@type\":\"SearchAction\",\"target\":{\"@type\":\"EntryPoint\",\"urlTemplate\":\"https:\/\/camping-pyrenees-natura.com\/?s={search_term_string}\"},\"query-input\":{\"@type\":\"PropertyValueSpecification\",\"valueRequired\":true,\"valueName\":\"search_term_string\"}}],\"inLanguage\":\"de\"},{\"@type\":\"Organization\",\"@id\":\"https:\/\/camping-pyrenees-natura.com\/#organization\",\"name\":\"Camping Pyr\u00e9n\u00e9es Natura ****\",\"url\":\"https:\/\/camping-pyrenees-natura.com\/\",\"logo\":{\"@type\":\"ImageObject\",\"inLanguage\":\"de\",\"@id\":\"https:\/\/camping-pyrenees-natura.com\/#\/schema\/logo\/image\/\",\"url\":\"https:\/\/camping-pyrenees-natura.com\/wp-content\/uploads\/2022\/12\/favicon.png\",\"contentUrl\":\"https:\/\/camping-pyrenees-natura.com\/wp-content\/uploads\/2022\/12\/favicon.png\",\"width\":231,\"height\":227,\"caption\":\"Camping Pyr\u00e9n\u00e9es Natura ****\"},\"image\":{\"@id\":\"https:\/\/camping-pyrenees-natura.com\/#\/schema\/logo\/image\/\"}}]}<\/script>\n<!-- \/ Yoast SEO plugin. -->","yoast_head_json":{"title":"Wellnessbereich Estaing | Camping SPA Pyren\u00e4en","robots":{"index":"index","follow":"follow","max-snippet":"max-snippet:-1","max-image-preview":"max-image-preview:large","max-video-preview":"max-video-preview:-1"},"canonical":"https:\/\/camping-pyrenees-natura.com\/de\/unser-wellnessbereich\/","og_locale":"de_DE","og_type":"article","og_title":"Wellnessbereich Estaing | Camping SPA Pyren\u00e4en","og_url":"https:\/\/camping-pyrenees-natura.com\/de\/unser-wellnessbereich\/","og_site_name":"Camping Pyr\u00e9n\u00e9es Natura ****","article_modified_time":"2025-08-25T08:10:05+00:00","og_image":[{"width":1920,"height":682,"url":"https:\/\/camping-pyrenees-natura.com\/wp-content\/uploads\/2023\/01\/espace-bien-etre-pyrenee-natura.jpg","type":"image\/jpeg"}],"twitter_card":"summary_large_image","twitter_misc":{"Gesch\u00e4tzte Lesezeit":"3\u00a0Minuten"},"schema":{"@context":"https:\/\/schema.org","@graph":[{"@type":"WebPage","@id":"https:\/\/camping-pyrenees-natura.com\/de\/unser-wellnessbereich\/","url":"https:\/\/camping-pyrenees-natura.com\/de\/unser-wellnessbereich\/","name":"Wellnessbereich Estaing | Camping SPA Pyren\u00e4en","isPartOf":{"@id":"https:\/\/camping-pyrenees-natura.com\/#website"},"primaryImageOfPage":{"@id":"https:\/\/camping-pyrenees-natura.com\/de\/unser-wellnessbereich\/#primaryimage"},"image":{"@id":"https:\/\/camping-pyrenees-natura.com\/de\/unser-wellnessbereich\/#primaryimage"},"thumbnailUrl":"https:\/\/camping-pyrenees-natura.com\/wp-content\/uploads\/2023\/01\/espace-bien-etre-pyrenee-natura.jpg","datePublished":"2023-01-25T08:36:08+00:00","dateModified":"2025-08-25T08:10:05+00:00","breadcrumb":{"@id":"https:\/\/camping-pyrenees-natura.com\/de\/unser-wellnessbereich\/#breadcrumb"},"inLanguage":"de","potentialAction":[{"@type":"ReadAction","target":["https:\/\/camping-pyrenees-natura.com\/de\/unser-wellnessbereich\/"]}]},{"@type":"ImageObject","inLanguage":"de","@id":"https:\/\/camping-pyrenees-natura.com\/de\/unser-wellnessbereich\/#primaryimage","url":"https:\/\/camping-pyrenees-natura.com\/wp-content\/uploads\/2023\/01\/espace-bien-etre-pyrenee-natura.jpg","contentUrl":"https:\/\/camping-pyrenees-natura.com\/wp-content\/uploads\/2023\/01\/espace-bien-etre-pyrenee-natura.jpg","width":1920,"height":682,"caption":"espace-bien-etre-pyrenee-natura"},{"@type":"BreadcrumbList","@id":"https:\/\/camping-pyrenees-natura.com\/de\/unser-wellnessbereich\/#breadcrumb","itemListElement":[{"@type":"ListItem","position":1,"name":"Camping Pyr\u00e9n\u00e9es","item":"https:\/\/camping-pyrenees-natura.com\/de\/"},{"@type":"ListItem","position":2,"name":"Campingplatz Spa Estaing"}]},{"@type":"WebSite","@id":"https:\/\/camping-pyrenees-natura.com\/#website","url":"https:\/\/camping-pyrenees-natura.com\/","name":"Camping Pyr\u00e9n\u00e9es Natura ****","description":"","publisher":{"@id":"https:\/\/camping-pyrenees-natura.com\/#organization"},"potentialAction":[{"@type":"SearchAction","target":{"@type":"EntryPoint","urlTemplate":"https:\/\/camping-pyrenees-natura.com\/?s={search_term_string}"},"query-input":{"@type":"PropertyValueSpecification","valueRequired":true,"valueName":"search_term_string"}}],"inLanguage":"de"},{"@type":"Organization","@id":"https:\/\/camping-pyrenees-natura.com\/#organization","name":"Camping Pyr\u00e9n\u00e9es Natura ****","url":"https:\/\/camping-pyrenees-natura.com\/","logo":{"@type":"ImageObject","inLanguage":"de","@id":"https:\/\/camping-pyrenees-natura.com\/#\/schema\/logo\/image\/","url":"https:\/\/camping-pyrenees-natura.com\/wp-content\/uploads\/2022\/12\/favicon.png","contentUrl":"https:\/\/camping-pyrenees-natura.com\/wp-content\/uploads\/2022\/12\/favicon.png","width":231,"height":227,"caption":"Camping Pyr\u00e9n\u00e9es Natura ****"},"image":{"@id":"https:\/\/camping-pyrenees-natura.com\/#\/schema\/logo\/image\/"}}]}},"_links":{"self":[{"href":"https:\/\/camping-pyrenees-natura.com\/de\/wp-json\/wp\/v2\/pages\/2009","targetHints":{"allow":["GET"]}}],"collection":[{"href":"https:\/\/camping-pyrenees-natura.com\/de\/wp-json\/wp\/v2\/pages"}],"about":[{"href":"https:\/\/camping-pyrenees-natura.com\/de\/wp-json\/wp\/v2\/types\/page"}],"author":[{"embeddable":true,"href":"https:\/\/camping-pyrenees-natura.com\/de\/wp-json\/wp\/v2\/users\/1"}],"replies":[{"embeddable":true,"href":"https:\/\/camping-pyrenees-natura.com\/de\/wp-json\/wp\/v2\/comments?post=2009"}],"version-history":[{"count":12,"href":"https:\/\/camping-pyrenees-natura.com\/de\/wp-json\/wp\/v2\/pages\/2009\/revisions"}],"predecessor-version":[{"id":2695,"href":"https:\/\/camping-pyrenees-natura.com\/de\/wp-json\/wp\/v2\/pages\/2009\/revisions\/2695"}],"wp:featuredmedia":[{"embeddable":true,"href":"https:\/\/camping-pyrenees-natura.com\/de\/wp-json\/wp\/v2\/media\/1760"}],"wp:attachment":[{"href":"https:\/\/camping-pyrenees-natura.com\/de\/wp-json\/wp\/v2\/media?parent=2009"}],"wp:term":[{"taxonomy":"sujet","embeddable":true,"href":"https:\/\/camping-pyrenees-natura.com\/de\/wp-json\/wp\/v2\/sujet?post=2009"}],"curies":[{"name":"wp","href":"https:\/\/api.w.org\/{rel}","templated":true}]}}