{"id":2003,"date":"2023-01-25T09:26:07","date_gmt":"2023-01-25T08:26:07","guid":{"rendered":"https:\/\/camping-pyrenees-natura.com\/unser-oekologisches-konzept\/"},"modified":"2023-02-02T12:01:42","modified_gmt":"2023-02-02T11:01:42","slug":"unser-oekologisches-konzept","status":"publish","type":"page","link":"https:\/\/camping-pyrenees-natura.com\/de\/unser-oekologisches-konzept\/","title":{"rendered":"Unser \u00f6kologisches Konzept"},"content":{"rendered":"<section id=\"ls-section-block_c730a01d2acb75e7eec92e896589f160\" class=\"ls-section  page-chapeau\" >\n        <div class=\"container \">\n        \n\n<h1 class=\"ls__heading has-text-align-center wp-block-heading\">\u00d6kotourismus und nachhaltige Entwicklung <br>auf dem Campingplatz in den Hautes-Pyr\u00e9n\u00e9es<\/h1>\n\n\n    <\/div>\n<\/section>\n\n<section id=\"ls-section-block_09d0e9fa2f2edae86326472461b913c5\" class=\"ls-section  page-intro has-p-t p-t-0 has-p-b p-b-14\" >\n        <div class=\"container container--wide\">\n        \n\n<div class=\"wp-block-columns is-layout-flex wp-container-core-columns-is-layout-9d6595d7 wp-block-columns-is-layout-flex\">\n<div class=\"wp-block-column is-layout-flow wp-block-column-is-layout-flow\" style=\"flex-basis:66.66%\">\n<figure class=\"wp-block-image size-full animated fadeInUp delay-200ms slow\"><img decoding=\"async\" width=\"868\" height=\"488\" src=\"https:\/\/camping-pyrenees-natura.com\/wp-content\/uploads\/2023\/01\/nuit-etoilee-dans-les-pyrenees.jpg\" alt=\"sternennacht in den pyren\u00e4en\" class=\"wp-image-1066\" srcset=\"https:\/\/camping-pyrenees-natura.com\/wp-content\/uploads\/2023\/01\/nuit-etoilee-dans-les-pyrenees.jpg 868w, https:\/\/camping-pyrenees-natura.com\/wp-content\/uploads\/2023\/01\/nuit-etoilee-dans-les-pyrenees-300x169.jpg 300w, https:\/\/camping-pyrenees-natura.com\/wp-content\/uploads\/2023\/01\/nuit-etoilee-dans-les-pyrenees-768x432.jpg 768w\" sizes=\"(max-width: 868px) 100vw, 868px\" \/><\/figure>\n<\/div>\n\n\n\n<div class=\"wp-block-column is-vertically-aligned-center is-layout-flow wp-block-column-is-layout-flow\" style=\"flex-basis:33.33%\">\n<h2 class=\"ls__heading montagne wp-block-heading\">Camping Blick auf die Sterne<\/h2>\n\n\n\n<p class=\"ls-paragraph\">Da wir in der Talsohle liegen, haben wir nur sehr wenig Lichtverschmutzung. Um die in unseren <strong>wertvollen Bergen<\/strong> lebenden Tiere und Pflanzen nicht zu st\u00f6ren, werden die Stra\u00dfenlaternen um Mitternacht ausgeschaltet, ebenso wie alle Lichtquellen auf dem Campingplatz. Wir m\u00f6chten eine erholsame und <strong>ressourcenf\u00f6rdernde Atmosph\u00e4re<\/strong> bewahren.<\/p>\n\n\n\n<p class=\"ls-paragraph\">Wenn die Nacht hereinbricht, heben Sie den Kopf und Sie k\u00f6nnen in heiterer Ruhe eine Vielzahl von Sternen bewundern, wie Sie sie nur selten sehen.<\/p>\n<\/div>\n<\/div>\n\n\n    <\/div>\n<\/section>\n\n<section id=\"ls-section-block_9c7de6637d3ed624158f7285d9aba1ed\" class=\"ls-section  page-one animated fadeInUp delay-200ms slow has-background-image has-m-b m-b-8 has-p-t p-t-14\" >\n    <div class=\"ls-section__background-image opacity-100\"><img decoding=\"async\" src=\"https:\/\/camping-pyrenees-natura.com\/wp-content\/uploads\/2023\/01\/engagement-ecologique-camping-pyrenees-natura.jpg\" alt=\"engagement ecologique camping pyrenees natura\"><\/div>    <div class=\"container container--wide\">\n        \n\n<div class=\"wp-block-columns is-layout-flex wp-container-core-columns-is-layout-9d6595d7 wp-block-columns-is-layout-flex\">\n<div class=\"wp-block-column left has-color-white-background-color has-background is-layout-flow wp-block-column-is-layout-flow\">\n<h2 class=\"ls-heading wp-block-heading\">Unsere Umweltverpflichtungen<\/h2>\n\n\n\n<p class=\"ls-paragraph\">Unser Restaurant hat es sich zur t\u00e4glichen Aufgabe gemacht, so wenig Lebensmittelabf\u00e4lle wie m\u00f6glich zu haben. Und wenn es doch einmal welche gibt, freuen sich unsere H\u00fchner jeden Morgen \u00fcber die Reste aus dem Restaurant!<\/p>\n\n\n\n<p class=\"ls-paragraph\">In unserem Lebensmittelgesch\u00e4ft finden Sie <strong>BIO-Produkte<\/strong>, maximal Null-Abfall und Herkunft FRANKREICH. Bez\u00fcglich der Hygiene sind unsere <strong>Produkte &#8222;Ecocert&#8220;-zertifiziert,<\/strong> um den Planeten zu sch\u00fctzen.<br><a href=\"\/de\/\">Auf dem Pyr\u00e9n\u00e9es Natura Campingplatz<\/a> finden Sie Komposter, selektive M\u00fclltrennung und eine Vielzahl von Anpflanzungen, die sich perfekt an das Leben in der H\u00f6he anpassen.<\/p>\n\n\n\n<figure class=\"wp-block-image size-full image-deco\"><img decoding=\"async\" width=\"1024\" height=\"1015\" src=\"https:\/\/camping-pyrenees-natura.com\/wp-content\/uploads\/2023\/01\/feuillage-1024x1015-1.png\" alt=\"feuille\" class=\"wp-image-1559\" srcset=\"https:\/\/camping-pyrenees-natura.com\/wp-content\/uploads\/2023\/01\/feuillage-1024x1015-1.png 1024w, https:\/\/camping-pyrenees-natura.com\/wp-content\/uploads\/2023\/01\/feuillage-1024x1015-1-300x297.png 300w, https:\/\/camping-pyrenees-natura.com\/wp-content\/uploads\/2023\/01\/feuillage-1024x1015-1-150x150.png 150w, https:\/\/camping-pyrenees-natura.com\/wp-content\/uploads\/2023\/01\/feuillage-1024x1015-1-768x761.png 768w\" sizes=\"(max-width: 1024px) 100vw, 1024px\" \/><\/figure>\n<\/div>\n\n\n\n<div class=\"wp-block-column right is-layout-flow wp-block-column-is-layout-flow\"><\/div>\n<\/div>\n\n\n    <\/div>\n<\/section>\n\n<section id=\"ls-section-block_f03389218e405f417a455d5a73efcc52\" class=\"ls-section  page-three has-background has-color-3-background-color has-p-t p-t-14 has-p-b p-b-14\" >\n        <div class=\"container container--wide\">\n        \n\n<figure class=\"wp-block-image size-full image-left animated fadeInRight delay-200ms slow\"><img decoding=\"async\" width=\"800\" height=\"450\" src=\"https:\/\/camping-pyrenees-natura.com\/wp-content\/uploads\/2023\/01\/concept-ecologique-pyrenees-natura.jpg\" alt=\"\u00f6kologisches Konzept pyrenees natura\" class=\"wp-image-1077\" srcset=\"https:\/\/camping-pyrenees-natura.com\/wp-content\/uploads\/2023\/01\/concept-ecologique-pyrenees-natura.jpg 800w, https:\/\/camping-pyrenees-natura.com\/wp-content\/uploads\/2023\/01\/concept-ecologique-pyrenees-natura-300x169.jpg 300w, https:\/\/camping-pyrenees-natura.com\/wp-content\/uploads\/2023\/01\/concept-ecologique-pyrenees-natura-768x432.jpg 768w\" sizes=\"(max-width: 800px) 100vw, 800px\" \/><\/figure>\n\n\n\n<div class=\"wp-block-columns are-vertically-aligned-bottom colonne-left is-layout-flex wp-container-core-columns-is-layout-9d6595d7 wp-block-columns-is-layout-flex\">\n<div class=\"wp-block-column is-vertically-aligned-bottom left is-layout-flow wp-block-column-is-layout-flow\">\n<h2 class=\"ls-heading wp-block-heading\">Biologische Vielfalt<\/h2>\n\n\n\n<p class=\"ls-paragraph\">F\u00fcr die <strong>Biodiversit\u00e4t<\/strong> zu handeln ist ein wichtiger Wert f\u00fcr uns. Auf dem Campingplatz sind Insektenhotels aufgestellt, die die biologische Vielfalt f\u00f6rdern. Unser Campingplatz ist nicht eingez\u00e4unt, damit sich <strong>wilde Tiere<\/strong> frei bewegen k\u00f6nnen. Daher war es f\u00fcr uns selbstverst\u00e4ndlich, Pflanzenarten zu f\u00f6rdern, die aus den Bergen der Pyren\u00e4en stammen.<\/p>\n\n\n\n<p class=\"ls-paragraph\">Sch\u00fctzen wir die <strong>Flora und Fauna<\/strong> unserer Berge, hinterlassen wir keine Spuren in der Natur, respektieren wir unsere Umwelt und diese wunderbaren Momente, die uns die Natur schenkt.<\/p>\n<\/div>\n<\/div>\n\n\n\n<figure class=\"wp-block-image size-full image-right animated fadeInLeft delay-200ms slow\"><img decoding=\"async\" width=\"800\" height=\"450\" src=\"https:\/\/camping-pyrenees-natura.com\/wp-content\/uploads\/2023\/01\/camping-enjeux-ecologique-pyrenees.jpg\" alt=\"camping \u00f6kologischer einsatz pyrenees\" class=\"wp-image-1075\" srcset=\"https:\/\/camping-pyrenees-natura.com\/wp-content\/uploads\/2023\/01\/camping-enjeux-ecologique-pyrenees.jpg 800w, https:\/\/camping-pyrenees-natura.com\/wp-content\/uploads\/2023\/01\/camping-enjeux-ecologique-pyrenees-300x169.jpg 300w, https:\/\/camping-pyrenees-natura.com\/wp-content\/uploads\/2023\/01\/camping-enjeux-ecologique-pyrenees-768x432.jpg 768w\" sizes=\"(max-width: 800px) 100vw, 800px\" \/><\/figure>\n\n\n\n<div class=\"wp-block-columns are-vertically-aligned-bottom colonne-right is-layout-flex wp-container-core-columns-is-layout-9d6595d7 wp-block-columns-is-layout-flex\">\n<div class=\"wp-block-column is-vertically-aligned-bottom right is-layout-flow wp-block-column-is-layout-flow\">\n<h2 class=\"ls-heading wp-block-heading\">Schonung von Ressourcen<\/h2>\n\n\n\n<p class=\"ls-paragraph\">Unsere Umwelt liegt uns am Herzen, deshalb z\u00e4hlt jede Geste.<\/p>\n\n\n\n<p class=\"ls-paragraph\">Bevorzugen Sie <strong>lokale und biologische Produkte<\/strong>. Wir sollten keine Lebensmittel mehr verschwenden und Leitungswasser trinken (wir werden direkt von der Wasserquelle in den Bergen versorgt, also brauchen wir keine Plastikflaschen). <\/p>\n\n\n\n<p class=\"ls-paragraph\">Jeder kann auf seiner Ebene daf\u00fcr sorgen, dass sich die Dinge \u00e4ndern.<\/p>\n<\/div>\n<\/div>\n\n\n    <\/div>\n<\/section>\n\n<section id=\"ls-section-block_f184973707781314a4f27f286d846af8\" class=\"ls-section  page-maillage has-p-t p-t-14 has-p-b p-b-14\" >\n        <div class=\"container container--wide\">\n        \n\n<div id=\"ls-heading ls-titre-div-block_5809bb1cf83fbeb0ae2a8c8d730c1ca6\" class=\"ls-titre-div aligncenter h2-like\" >\n    Entdecken Sie unseren Wellnessbereich, <\/br>nunser Restaurant und den See!<\/div>\n\n\n<div id=\"ls-maillage-block_33e165241e4af8085af8f36d0a7421b5\" class=\"ls-maillage cta-style-normal has-p-t p-t-4\" data-rows=\"3\">\n    <div class=\"wp-block-columns\"><div class=\"wp-block-column\">\n\n<a href=\"https:\/\/camping-pyrenees-natura.com\/de\/bord-de-gave-see-von-estaing\/\" target=\"\" rel=\"noopener\" class=\"ls-cta__link\">\n\n\t<div class=\"ls-cta__image\"><img decoding=\"async\" src=\"https:\/\/camping-pyrenees-natura.com\/wp-content\/uploads\/2023\/01\/lac-estaings-camping-pyrenees-natura-768x512.jpg\" alt=\"lac-estaings-camping-pyrenees-natura\"><\/div>\n\t<div class=\"ls-cta__title\">\n\t\tBord de Gave &#8211; See von Estaing\t<\/div>\n\n\t\t\n<\/a><\/div><div class=\"wp-block-column\">\n\n<a href=\"https:\/\/camping-pyrenees-natura.com\/de\/das-restaurant\/\" target=\"\" rel=\"noopener\" class=\"ls-cta__link\">\n\n\t<div class=\"ls-cta__image\"><img decoding=\"async\" src=\"https:\/\/camping-pyrenees-natura.com\/wp-content\/uploads\/2023\/01\/camping-restaurant-pyrennees-natura-768x512.jpg\" alt=\"camping-restaurant-pyrennees-natura\"><\/div>\n\t<div class=\"ls-cta__title\">\n\t\tUnser <\/br> Restaurant<span><\/span>\t<\/div>\n\n\t\t\n<\/a><\/div><div class=\"wp-block-column\">\n\n<a href=\"https:\/\/camping-pyrenees-natura.com\/de\/unser-wellnessbereich\/\" target=\"\" rel=\"noopener\" class=\"ls-cta__link\">\n\n\t<div class=\"ls-cta__image\"><img decoding=\"async\" src=\"https:\/\/camping-pyrenees-natura.com\/wp-content\/uploads\/2023\/01\/espace-bien-etre-camping-pyrenee-768x512.jpg\" alt=\"espace-bien-etre-camping-pyrenee\"><\/div>\n\t<div class=\"ls-cta__title\">\n\t\tUnser Wellnessbereich\t<\/div>\n\n\t\t\n<\/a><\/div><\/div><\/div>\n\n    <\/div>\n<\/section>","protected":false},"excerpt":{"rendered":"","protected":false},"author":1,"featured_media":1752,"parent":0,"menu_order":0,"comment_status":"closed","ping_status":"closed","template":"","meta":{"_acf_changed":false,"footnotes":""},"sujet":[],"class_list":["post-2003","page","type-page","status-publish","has-post-thumbnail","hentry"],"acf":[],"yoast_head":"<!-- This site is optimized with the Yoast SEO plugin v23.4 - https:\/\/yoast.com\/wordpress\/plugins\/seo\/ -->\n<title>\u00d6kologischer Campingplatz Estaing | \u00d6kologisch engagierter Campingplatz Pyren\u00e4en<\/title>\n<meta name=\"robots\" content=\"index, follow, max-snippet:-1, max-image-preview:large, max-video-preview:-1\" \/>\n<link rel=\"canonical\" href=\"https:\/\/camping-pyrenees-natura.com\/de\/unser-oekologisches-konzept\/\" \/>\n<meta property=\"og:locale\" content=\"de_DE\" \/>\n<meta property=\"og:type\" content=\"article\" \/>\n<meta property=\"og:title\" content=\"\u00d6kologischer Campingplatz Estaing | \u00d6kologisch engagierter Campingplatz Pyren\u00e4en\" \/>\n<meta property=\"og:url\" content=\"https:\/\/camping-pyrenees-natura.com\/de\/unser-oekologisches-konzept\/\" \/>\n<meta property=\"og:site_name\" content=\"Camping Pyr\u00e9n\u00e9es Natura ****\" \/>\n<meta property=\"article:modified_time\" content=\"2023-02-02T11:01:42+00:00\" \/>\n<meta property=\"og:image\" content=\"https:\/\/camping-pyrenees-natura.com\/wp-content\/uploads\/2023\/01\/camping-respectueux-impact-environemementale.jpg\" \/>\n\t<meta property=\"og:image:width\" content=\"1920\" \/>\n\t<meta property=\"og:image:height\" content=\"682\" \/>\n\t<meta property=\"og:image:type\" content=\"image\/jpeg\" \/>\n<meta name=\"twitter:card\" content=\"summary_large_image\" \/>\n<meta name=\"twitter:label1\" content=\"Gesch\u00e4tzte Lesezeit\" \/>\n\t<meta name=\"twitter:data1\" content=\"3\u00a0Minuten\" \/>\n<script type=\"application\/ld+json\" class=\"yoast-schema-graph\">{\"@context\":\"https:\/\/schema.org\",\"@graph\":[{\"@type\":\"WebPage\",\"@id\":\"https:\/\/camping-pyrenees-natura.com\/de\/unser-oekologisches-konzept\/\",\"url\":\"https:\/\/camping-pyrenees-natura.com\/de\/unser-oekologisches-konzept\/\",\"name\":\"\u00d6kologischer Campingplatz Estaing | \u00d6kologisch engagierter Campingplatz Pyren\u00e4en\",\"isPartOf\":{\"@id\":\"https:\/\/camping-pyrenees-natura.com\/#website\"},\"primaryImageOfPage\":{\"@id\":\"https:\/\/camping-pyrenees-natura.com\/de\/unser-oekologisches-konzept\/#primaryimage\"},\"image\":{\"@id\":\"https:\/\/camping-pyrenees-natura.com\/de\/unser-oekologisches-konzept\/#primaryimage\"},\"thumbnailUrl\":\"https:\/\/camping-pyrenees-natura.com\/wp-content\/uploads\/2023\/01\/camping-respectueux-impact-environemementale.jpg\",\"datePublished\":\"2023-01-25T08:26:07+00:00\",\"dateModified\":\"2023-02-02T11:01:42+00:00\",\"breadcrumb\":{\"@id\":\"https:\/\/camping-pyrenees-natura.com\/de\/unser-oekologisches-konzept\/#breadcrumb\"},\"inLanguage\":\"de\",\"potentialAction\":[{\"@type\":\"ReadAction\",\"target\":[\"https:\/\/camping-pyrenees-natura.com\/de\/unser-oekologisches-konzept\/\"]}]},{\"@type\":\"ImageObject\",\"inLanguage\":\"de\",\"@id\":\"https:\/\/camping-pyrenees-natura.com\/de\/unser-oekologisches-konzept\/#primaryimage\",\"url\":\"https:\/\/camping-pyrenees-natura.com\/wp-content\/uploads\/2023\/01\/camping-respectueux-impact-environemementale.jpg\",\"contentUrl\":\"https:\/\/camping-pyrenees-natura.com\/wp-content\/uploads\/2023\/01\/camping-respectueux-impact-environemementale.jpg\",\"width\":1920,\"height\":682,\"caption\":\"camping-respectueux-impact-environemementale\"},{\"@type\":\"BreadcrumbList\",\"@id\":\"https:\/\/camping-pyrenees-natura.com\/de\/unser-oekologisches-konzept\/#breadcrumb\",\"itemListElement\":[{\"@type\":\"ListItem\",\"position\":1,\"name\":\"Camping Pyr\u00e9n\u00e9es\",\"item\":\"https:\/\/camping-pyrenees-natura.com\/de\/\"},{\"@type\":\"ListItem\",\"position\":2,\"name\":\"Camping \u00d6kologie Estaing\"}]},{\"@type\":\"WebSite\",\"@id\":\"https:\/\/camping-pyrenees-natura.com\/#website\",\"url\":\"https:\/\/camping-pyrenees-natura.com\/\",\"name\":\"Camping Pyr\u00e9n\u00e9es Natura ****\",\"description\":\"\",\"publisher\":{\"@id\":\"https:\/\/camping-pyrenees-natura.com\/#organization\"},\"potentialAction\":[{\"@type\":\"SearchAction\",\"target\":{\"@type\":\"EntryPoint\",\"urlTemplate\":\"https:\/\/camping-pyrenees-natura.com\/?s={search_term_string}\"},\"query-input\":{\"@type\":\"PropertyValueSpecification\",\"valueRequired\":true,\"valueName\":\"search_term_string\"}}],\"inLanguage\":\"de\"},{\"@type\":\"Organization\",\"@id\":\"https:\/\/camping-pyrenees-natura.com\/#organization\",\"name\":\"Camping Pyr\u00e9n\u00e9es Natura ****\",\"url\":\"https:\/\/camping-pyrenees-natura.com\/\",\"logo\":{\"@type\":\"ImageObject\",\"inLanguage\":\"de\",\"@id\":\"https:\/\/camping-pyrenees-natura.com\/#\/schema\/logo\/image\/\",\"url\":\"https:\/\/camping-pyrenees-natura.com\/wp-content\/uploads\/2022\/12\/favicon.png\",\"contentUrl\":\"https:\/\/camping-pyrenees-natura.com\/wp-content\/uploads\/2022\/12\/favicon.png\",\"width\":231,\"height\":227,\"caption\":\"Camping Pyr\u00e9n\u00e9es Natura ****\"},\"image\":{\"@id\":\"https:\/\/camping-pyrenees-natura.com\/#\/schema\/logo\/image\/\"}}]}<\/script>\n<!-- \/ Yoast SEO plugin. -->","yoast_head_json":{"title":"\u00d6kologischer Campingplatz Estaing | \u00d6kologisch engagierter Campingplatz Pyren\u00e4en","robots":{"index":"index","follow":"follow","max-snippet":"max-snippet:-1","max-image-preview":"max-image-preview:large","max-video-preview":"max-video-preview:-1"},"canonical":"https:\/\/camping-pyrenees-natura.com\/de\/unser-oekologisches-konzept\/","og_locale":"de_DE","og_type":"article","og_title":"\u00d6kologischer Campingplatz Estaing | \u00d6kologisch engagierter Campingplatz Pyren\u00e4en","og_url":"https:\/\/camping-pyrenees-natura.com\/de\/unser-oekologisches-konzept\/","og_site_name":"Camping Pyr\u00e9n\u00e9es Natura ****","article_modified_time":"2023-02-02T11:01:42+00:00","og_image":[{"width":1920,"height":682,"url":"https:\/\/camping-pyrenees-natura.com\/wp-content\/uploads\/2023\/01\/camping-respectueux-impact-environemementale.jpg","type":"image\/jpeg"}],"twitter_card":"summary_large_image","twitter_misc":{"Gesch\u00e4tzte Lesezeit":"3\u00a0Minuten"},"schema":{"@context":"https:\/\/schema.org","@graph":[{"@type":"WebPage","@id":"https:\/\/camping-pyrenees-natura.com\/de\/unser-oekologisches-konzept\/","url":"https:\/\/camping-pyrenees-natura.com\/de\/unser-oekologisches-konzept\/","name":"\u00d6kologischer Campingplatz Estaing | \u00d6kologisch engagierter Campingplatz Pyren\u00e4en","isPartOf":{"@id":"https:\/\/camping-pyrenees-natura.com\/#website"},"primaryImageOfPage":{"@id":"https:\/\/camping-pyrenees-natura.com\/de\/unser-oekologisches-konzept\/#primaryimage"},"image":{"@id":"https:\/\/camping-pyrenees-natura.com\/de\/unser-oekologisches-konzept\/#primaryimage"},"thumbnailUrl":"https:\/\/camping-pyrenees-natura.com\/wp-content\/uploads\/2023\/01\/camping-respectueux-impact-environemementale.jpg","datePublished":"2023-01-25T08:26:07+00:00","dateModified":"2023-02-02T11:01:42+00:00","breadcrumb":{"@id":"https:\/\/camping-pyrenees-natura.com\/de\/unser-oekologisches-konzept\/#breadcrumb"},"inLanguage":"de","potentialAction":[{"@type":"ReadAction","target":["https:\/\/camping-pyrenees-natura.com\/de\/unser-oekologisches-konzept\/"]}]},{"@type":"ImageObject","inLanguage":"de","@id":"https:\/\/camping-pyrenees-natura.com\/de\/unser-oekologisches-konzept\/#primaryimage","url":"https:\/\/camping-pyrenees-natura.com\/wp-content\/uploads\/2023\/01\/camping-respectueux-impact-environemementale.jpg","contentUrl":"https:\/\/camping-pyrenees-natura.com\/wp-content\/uploads\/2023\/01\/camping-respectueux-impact-environemementale.jpg","width":1920,"height":682,"caption":"camping-respectueux-impact-environemementale"},{"@type":"BreadcrumbList","@id":"https:\/\/camping-pyrenees-natura.com\/de\/unser-oekologisches-konzept\/#breadcrumb","itemListElement":[{"@type":"ListItem","position":1,"name":"Camping Pyr\u00e9n\u00e9es","item":"https:\/\/camping-pyrenees-natura.com\/de\/"},{"@type":"ListItem","position":2,"name":"Camping \u00d6kologie Estaing"}]},{"@type":"WebSite","@id":"https:\/\/camping-pyrenees-natura.com\/#website","url":"https:\/\/camping-pyrenees-natura.com\/","name":"Camping Pyr\u00e9n\u00e9es Natura ****","description":"","publisher":{"@id":"https:\/\/camping-pyrenees-natura.com\/#organization"},"potentialAction":[{"@type":"SearchAction","target":{"@type":"EntryPoint","urlTemplate":"https:\/\/camping-pyrenees-natura.com\/?s={search_term_string}"},"query-input":{"@type":"PropertyValueSpecification","valueRequired":true,"valueName":"search_term_string"}}],"inLanguage":"de"},{"@type":"Organization","@id":"https:\/\/camping-pyrenees-natura.com\/#organization","name":"Camping Pyr\u00e9n\u00e9es Natura ****","url":"https:\/\/camping-pyrenees-natura.com\/","logo":{"@type":"ImageObject","inLanguage":"de","@id":"https:\/\/camping-pyrenees-natura.com\/#\/schema\/logo\/image\/","url":"https:\/\/camping-pyrenees-natura.com\/wp-content\/uploads\/2022\/12\/favicon.png","contentUrl":"https:\/\/camping-pyrenees-natura.com\/wp-content\/uploads\/2022\/12\/favicon.png","width":231,"height":227,"caption":"Camping Pyr\u00e9n\u00e9es Natura ****"},"image":{"@id":"https:\/\/camping-pyrenees-natura.com\/#\/schema\/logo\/image\/"}}]}},"_links":{"self":[{"href":"https:\/\/camping-pyrenees-natura.com\/de\/wp-json\/wp\/v2\/pages\/2003","targetHints":{"allow":["GET"]}}],"collection":[{"href":"https:\/\/camping-pyrenees-natura.com\/de\/wp-json\/wp\/v2\/pages"}],"about":[{"href":"https:\/\/camping-pyrenees-natura.com\/de\/wp-json\/wp\/v2\/types\/page"}],"author":[{"embeddable":true,"href":"https:\/\/camping-pyrenees-natura.com\/de\/wp-json\/wp\/v2\/users\/1"}],"replies":[{"embeddable":true,"href":"https:\/\/camping-pyrenees-natura.com\/de\/wp-json\/wp\/v2\/comments?post=2003"}],"version-history":[{"count":9,"href":"https:\/\/camping-pyrenees-natura.com\/de\/wp-json\/wp\/v2\/pages\/2003\/revisions"}],"predecessor-version":[{"id":2443,"href":"https:\/\/camping-pyrenees-natura.com\/de\/wp-json\/wp\/v2\/pages\/2003\/revisions\/2443"}],"wp:featuredmedia":[{"embeddable":true,"href":"https:\/\/camping-pyrenees-natura.com\/de\/wp-json\/wp\/v2\/media\/1752"}],"wp:attachment":[{"href":"https:\/\/camping-pyrenees-natura.com\/de\/wp-json\/wp\/v2\/media?parent=2003"}],"wp:term":[{"taxonomy":"sujet","embeddable":true,"href":"https:\/\/camping-pyrenees-natura.com\/de\/wp-json\/wp\/v2\/sujet?post=2003"}],"curies":[{"name":"wp","href":"https:\/\/api.w.org\/{rel}","templated":true}]}}