{"id":1997,"date":"2023-01-25T09:19:23","date_gmt":"2023-01-25T08:19:23","guid":{"rendered":"https:\/\/camping-pyrenees-natura.com\/rechtliche-informationen\/"},"modified":"2023-01-25T09:19:24","modified_gmt":"2023-01-25T08:19:24","slug":"rechtliche-informationen","status":"publish","type":"page","link":"https:\/\/camping-pyrenees-natura.com\/de\/rechtliche-informationen\/","title":{"rendered":"Rechtliche Informationen"},"content":{"rendered":"<section id=\"ls-section-block_f959f468b8b909566b827a410a6cfb89\" class=\"ls-section \" >\n        <div class=\"container container--wide\">\n        \n\n<h1 class=\"ls__heading has-text-align-center wp-block-heading\">Rechtlicher Hinweis<\/h1>\n\n\n\n<h2 class=\"ls-heading wp-block-heading\">Verantwortlich f\u00fcr die Website<\/h2>\n\n\n\n<p class=\"ls-paragraph\"><strong>CAMPING PYRENEES NATURA, <br\/><\/strong>Route du Lac<br\/>65400 Estaing<br\/>Email: info@camping-pyrenees-natura.com<br\/>Tel : +33 (0)5 62 97 45 44<br\/>S.A.R.L. mit einem Kapital von 50 000\u20ac.<br\/>SIRET : 88161996900010<br\/>Intrakommunale Mehrwertsteuer: FR10881619969<br\/>Manager f\u00fcr die Ver\u00f6ffentlichung: Lionel LAHORE<\/p>\n\n\n\n<h2 class=\"ls-heading wp-block-heading\">REALISIERUNG<\/h2>\n\n\n\n<p class=\"ls-paragraph\"><strong>GEEK TONIC<\/strong><br\/>Vertreten durch Herrn Yohan Darmayan in seiner Eigenschaft als Manager<br\/>Hauptsitz : 1 ALLE PIERRE GEORGES LATECOERE 64200 BIARRITZ<br\/>T\u00e9l : 05 32 74 11 52<br\/>E-mail : support@geek-tonic.com<br\/>Website : www.geek-tonic.com<a href=\"https:\/\/www.geek-tonic.com\/\"><\/a><br\/>SIRET : 79078282500034<br\/>APE : 6201Z<\/p>\n\n\n\n<h2 class=\"ls-heading wp-block-heading\">URHEBERRECHTE UND RECHTE DES AUTORS<\/h2>\n\n\n\n<p class=\"ls-paragraph\">Der gesamte Inhalt dieser Website unterliegt dem Urheberrecht sowie dem geistigen Eigentum der franz\u00f6sischen Gesetzgebung. Jegliche Vervielf\u00e4ltigung (einschlie\u00dflich Fotos, Icons und herunterladbarer Dokumente) ist ohne vorherige Zustimmung von GEEK TONIC untersagt. Die Vervielf\u00e4ltigung der gesamten oder eines Teils der Website auf einem elektronischen Datentr\u00e4ger in einem Papier- oder elektronischen Format ist untersagt. GEEK TONIC \u00fcbernimmt keine Verantwortung f\u00fcr den Inhalt auf der Website. GEEK TONIC \u00fcbernimmt auch keine Verantwortung f\u00fcr externe Links, die auf die vorliegende Seite verweisen.<\/p>\n\n\n\n<h2 class=\"ls-heading wp-block-heading\" id=\"m-t-6\">PERS\u00d6NLICHE DATEN UND NAMENTLICHE INFORMATIONEN<\/h2>\n\n\n\n<p class=\"ls-paragraph\">Sie haben ein Recht auf Zugang, \u00c4nderung, Berichtigung und L\u00f6schung der Sie betreffenden Daten gem\u00e4\u00df Artikel 34 des Gesetzes &#8222;Informatique et Libert\u00e9s&#8220; Nr. 78-17 vom 6. Januar 1978, ge\u00e4ndert am 6. August 2018. Um dieses Recht auf Zugang zu entfalten, k\u00f6nnen Sie dies durch eine einfache schriftliche Anfrage an den Herausgeber der Website tun.<\/p>\n\n\n\n<h2 class=\"ls-heading wp-block-heading\">LEGISLATION<\/h2>\n\n\n\n<p class=\"ls-paragraph\">Gem\u00e4\u00df dem Gesetz vom 11. M\u00e4rz 1957 (Art. 41) und dem Gesetz \u00fcber geistiges Eigentum vom 1. Juli 1992 ist es verboten, einen Teil der Website ohne vorherige Genehmigung des Herausgebers der Website teilweise oder vollst\u00e4ndig zu reproduzieren. Logos, Visualisierungen, Fotos, Videos, Grafikcharts und Texte sind Eigentum ihrer jeweiligen Besitzer. Diese Website kann ohne ihr Wissen mit anderen Websites \u00fcber Hypermedia-Links verbunden worden sein. Der Herausgeber der Website \u00fcbernimmt keine Verantwortung f\u00fcr die Informationen, die auf diesen anderen Websites dargestellt werden. Der Internetnutzer erkennt an, dass die Nutzung dieser Website dem franz\u00f6sischen Recht unterliegt.<\/p>\n\n\n    <\/div>\n<\/section>","protected":false},"excerpt":{"rendered":"","protected":false},"author":1,"featured_media":0,"parent":0,"menu_order":0,"comment_status":"closed","ping_status":"closed","template":"","meta":{"_acf_changed":false,"footnotes":""},"sujet":[],"class_list":["post-1997","page","type-page","status-publish","hentry"],"acf":[],"yoast_head":"<!-- This site is optimized with the Yoast SEO plugin v23.4 - https:\/\/yoast.com\/wordpress\/plugins\/seo\/ -->\n<title>Rechtlicher Hinweis - Camping Pyr\u00e9n\u00e9es Natura ****<\/title>\n<meta name=\"robots\" content=\"noindex, nofollow\" \/>\n<meta property=\"og:locale\" content=\"de_DE\" \/>\n<meta property=\"og:type\" content=\"article\" \/>\n<meta property=\"og:title\" content=\"Rechtlicher Hinweis - Camping Pyr\u00e9n\u00e9es Natura ****\" \/>\n<meta property=\"og:url\" content=\"https:\/\/camping-pyrenees-natura.com\/de\/rechtliche-informationen\/\" \/>\n<meta property=\"og:site_name\" content=\"Camping Pyr\u00e9n\u00e9es Natura ****\" \/>\n<meta property=\"article:modified_time\" content=\"2023-01-25T08:19:24+00:00\" \/>\n<meta name=\"twitter:card\" content=\"summary_large_image\" \/>\n<meta name=\"twitter:label1\" content=\"Gesch\u00e4tzte Lesezeit\" \/>\n\t<meta name=\"twitter:data1\" content=\"2\u00a0Minuten\" \/>\n<script type=\"application\/ld+json\" class=\"yoast-schema-graph\">{\"@context\":\"https:\/\/schema.org\",\"@graph\":[{\"@type\":\"WebPage\",\"@id\":\"https:\/\/camping-pyrenees-natura.com\/de\/rechtliche-informationen\/\",\"url\":\"https:\/\/camping-pyrenees-natura.com\/de\/rechtliche-informationen\/\",\"name\":\"Rechtlicher Hinweis - Camping Pyr\u00e9n\u00e9es Natura ****\",\"isPartOf\":{\"@id\":\"https:\/\/camping-pyrenees-natura.com\/#website\"},\"datePublished\":\"2023-01-25T08:19:23+00:00\",\"dateModified\":\"2023-01-25T08:19:24+00:00\",\"breadcrumb\":{\"@id\":\"https:\/\/camping-pyrenees-natura.com\/de\/rechtliche-informationen\/#breadcrumb\"},\"inLanguage\":\"de\",\"potentialAction\":[{\"@type\":\"ReadAction\",\"target\":[\"https:\/\/camping-pyrenees-natura.com\/de\/rechtliche-informationen\/\"]}]},{\"@type\":\"BreadcrumbList\",\"@id\":\"https:\/\/camping-pyrenees-natura.com\/de\/rechtliche-informationen\/#breadcrumb\",\"itemListElement\":[{\"@type\":\"ListItem\",\"position\":1,\"name\":\"Camping Pyr\u00e9n\u00e9es\",\"item\":\"https:\/\/camping-pyrenees-natura.com\/de\/\"},{\"@type\":\"ListItem\",\"position\":2,\"name\":\"Rechtliche Informationen\"}]},{\"@type\":\"WebSite\",\"@id\":\"https:\/\/camping-pyrenees-natura.com\/#website\",\"url\":\"https:\/\/camping-pyrenees-natura.com\/\",\"name\":\"Camping Pyr\u00e9n\u00e9es Natura ****\",\"description\":\"\",\"publisher\":{\"@id\":\"https:\/\/camping-pyrenees-natura.com\/#organization\"},\"potentialAction\":[{\"@type\":\"SearchAction\",\"target\":{\"@type\":\"EntryPoint\",\"urlTemplate\":\"https:\/\/camping-pyrenees-natura.com\/?s={search_term_string}\"},\"query-input\":{\"@type\":\"PropertyValueSpecification\",\"valueRequired\":true,\"valueName\":\"search_term_string\"}}],\"inLanguage\":\"de\"},{\"@type\":\"Organization\",\"@id\":\"https:\/\/camping-pyrenees-natura.com\/#organization\",\"name\":\"Camping Pyr\u00e9n\u00e9es Natura ****\",\"url\":\"https:\/\/camping-pyrenees-natura.com\/\",\"logo\":{\"@type\":\"ImageObject\",\"inLanguage\":\"de\",\"@id\":\"https:\/\/camping-pyrenees-natura.com\/#\/schema\/logo\/image\/\",\"url\":\"https:\/\/camping-pyrenees-natura.com\/wp-content\/uploads\/2022\/12\/favicon.png\",\"contentUrl\":\"https:\/\/camping-pyrenees-natura.com\/wp-content\/uploads\/2022\/12\/favicon.png\",\"width\":231,\"height\":227,\"caption\":\"Camping Pyr\u00e9n\u00e9es Natura ****\"},\"image\":{\"@id\":\"https:\/\/camping-pyrenees-natura.com\/#\/schema\/logo\/image\/\"}}]}<\/script>\n<!-- \/ Yoast SEO plugin. -->","yoast_head_json":{"title":"Rechtlicher Hinweis - Camping Pyr\u00e9n\u00e9es Natura ****","robots":{"index":"noindex","follow":"nofollow"},"og_locale":"de_DE","og_type":"article","og_title":"Rechtlicher Hinweis - Camping Pyr\u00e9n\u00e9es Natura ****","og_url":"https:\/\/camping-pyrenees-natura.com\/de\/rechtliche-informationen\/","og_site_name":"Camping Pyr\u00e9n\u00e9es Natura ****","article_modified_time":"2023-01-25T08:19:24+00:00","twitter_card":"summary_large_image","twitter_misc":{"Gesch\u00e4tzte Lesezeit":"2\u00a0Minuten"},"schema":{"@context":"https:\/\/schema.org","@graph":[{"@type":"WebPage","@id":"https:\/\/camping-pyrenees-natura.com\/de\/rechtliche-informationen\/","url":"https:\/\/camping-pyrenees-natura.com\/de\/rechtliche-informationen\/","name":"Rechtlicher Hinweis - Camping Pyr\u00e9n\u00e9es Natura ****","isPartOf":{"@id":"https:\/\/camping-pyrenees-natura.com\/#website"},"datePublished":"2023-01-25T08:19:23+00:00","dateModified":"2023-01-25T08:19:24+00:00","breadcrumb":{"@id":"https:\/\/camping-pyrenees-natura.com\/de\/rechtliche-informationen\/#breadcrumb"},"inLanguage":"de","potentialAction":[{"@type":"ReadAction","target":["https:\/\/camping-pyrenees-natura.com\/de\/rechtliche-informationen\/"]}]},{"@type":"BreadcrumbList","@id":"https:\/\/camping-pyrenees-natura.com\/de\/rechtliche-informationen\/#breadcrumb","itemListElement":[{"@type":"ListItem","position":1,"name":"Camping Pyr\u00e9n\u00e9es","item":"https:\/\/camping-pyrenees-natura.com\/de\/"},{"@type":"ListItem","position":2,"name":"Rechtliche Informationen"}]},{"@type":"WebSite","@id":"https:\/\/camping-pyrenees-natura.com\/#website","url":"https:\/\/camping-pyrenees-natura.com\/","name":"Camping Pyr\u00e9n\u00e9es Natura ****","description":"","publisher":{"@id":"https:\/\/camping-pyrenees-natura.com\/#organization"},"potentialAction":[{"@type":"SearchAction","target":{"@type":"EntryPoint","urlTemplate":"https:\/\/camping-pyrenees-natura.com\/?s={search_term_string}"},"query-input":{"@type":"PropertyValueSpecification","valueRequired":true,"valueName":"search_term_string"}}],"inLanguage":"de"},{"@type":"Organization","@id":"https:\/\/camping-pyrenees-natura.com\/#organization","name":"Camping Pyr\u00e9n\u00e9es Natura ****","url":"https:\/\/camping-pyrenees-natura.com\/","logo":{"@type":"ImageObject","inLanguage":"de","@id":"https:\/\/camping-pyrenees-natura.com\/#\/schema\/logo\/image\/","url":"https:\/\/camping-pyrenees-natura.com\/wp-content\/uploads\/2022\/12\/favicon.png","contentUrl":"https:\/\/camping-pyrenees-natura.com\/wp-content\/uploads\/2022\/12\/favicon.png","width":231,"height":227,"caption":"Camping Pyr\u00e9n\u00e9es Natura ****"},"image":{"@id":"https:\/\/camping-pyrenees-natura.com\/#\/schema\/logo\/image\/"}}]}},"_links":{"self":[{"href":"https:\/\/camping-pyrenees-natura.com\/de\/wp-json\/wp\/v2\/pages\/1997","targetHints":{"allow":["GET"]}}],"collection":[{"href":"https:\/\/camping-pyrenees-natura.com\/de\/wp-json\/wp\/v2\/pages"}],"about":[{"href":"https:\/\/camping-pyrenees-natura.com\/de\/wp-json\/wp\/v2\/types\/page"}],"author":[{"embeddable":true,"href":"https:\/\/camping-pyrenees-natura.com\/de\/wp-json\/wp\/v2\/users\/1"}],"replies":[{"embeddable":true,"href":"https:\/\/camping-pyrenees-natura.com\/de\/wp-json\/wp\/v2\/comments?post=1997"}],"version-history":[{"count":3,"href":"https:\/\/camping-pyrenees-natura.com\/de\/wp-json\/wp\/v2\/pages\/1997\/revisions"}],"predecessor-version":[{"id":2000,"href":"https:\/\/camping-pyrenees-natura.com\/de\/wp-json\/wp\/v2\/pages\/1997\/revisions\/2000"}],"wp:attachment":[{"href":"https:\/\/camping-pyrenees-natura.com\/de\/wp-json\/wp\/v2\/media?parent=1997"}],"wp:term":[{"taxonomy":"sujet","embeddable":true,"href":"https:\/\/camping-pyrenees-natura.com\/de\/wp-json\/wp\/v2\/sujet?post=1997"}],"curies":[{"name":"wp","href":"https:\/\/api.w.org\/{rel}","templated":true}]}}