{"id":1979,"date":"2023-01-24T16:38:53","date_gmt":"2023-01-24T15:38:53","guid":{"rendered":"https:\/\/camping-pyrenees-natura.com\/das-restaurant\/"},"modified":"2023-02-02T11:11:45","modified_gmt":"2023-02-02T10:11:45","slug":"das-restaurant","status":"publish","type":"page","link":"https:\/\/camping-pyrenees-natura.com\/de\/das-restaurant\/","title":{"rendered":"Das Restaurant"},"content":{"rendered":"<section id=\"ls-section-block_753629251c12a479473f5028d50a422b\" class=\"ls-section  page-chapeau\" >\n        <div class=\"container \">\n        \n\n<h1 class=\"ls__heading has-text-align-center wp-block-heading\">Ihr Bergrestaurant<\/h1>\n\n\n    <\/div>\n<\/section>\n\n<section id=\"ls-section-block_8abd65d3493886a14225dacdad9d83c5\" class=\"ls-section  page-intro has-p-t p-t-0 has-p-b p-b-14\" >\n        <div class=\"container container--wide\">\n        \n\n<div class=\"wp-block-columns is-layout-flex wp-container-core-columns-is-layout-9d6595d7 wp-block-columns-is-layout-flex\">\n<div class=\"wp-block-column is-layout-flow wp-block-column-is-layout-flow\" style=\"flex-basis:66.66%\">\n<figure class=\"wp-block-image size-full animated fadeInUp delay-200ms slow\"><img decoding=\"async\" width=\"868\" height=\"488\" src=\"https:\/\/camping-pyrenees-natura.com\/wp-content\/uploads\/2023\/01\/camping-avec-restaurant-pyrenees.jpg\" alt=\"campingplatz mit restaurant pyrennees\" class=\"wp-image-983\" srcset=\"https:\/\/camping-pyrenees-natura.com\/wp-content\/uploads\/2023\/01\/camping-avec-restaurant-pyrenees.jpg 868w, https:\/\/camping-pyrenees-natura.com\/wp-content\/uploads\/2023\/01\/camping-avec-restaurant-pyrenees-300x169.jpg 300w, https:\/\/camping-pyrenees-natura.com\/wp-content\/uploads\/2023\/01\/camping-avec-restaurant-pyrenees-768x432.jpg 768w\" sizes=\"(max-width: 868px) 100vw, 868px\" \/><\/figure>\n<\/div>\n\n\n\n<div class=\"wp-block-column is-vertically-aligned-center is-layout-flow wp-block-column-is-layout-flow\" style=\"flex-basis:33.33%\">\n<h2 class=\"ls__heading montagne wp-block-heading\">Lokale Produkte aus dem Val d&#8217;Azun<\/h2>\n\n\n\n<p class=\"ls-paragraph\">Unser Restaurant ist ein Ort nach unserem Bild&#8230; <strong>einfach und gem\u00fctlich<\/strong>, wo wir die Arbeit der lokalen Produzenten in den Vordergrund stellen k\u00f6nnen, mit denen wir das Vergn\u00fcgen teilen, Ihnen das Val d&#8217;Azun n\u00e4her zu bringen.<\/p>\n\n\n\n<p class=\"ls-paragraph\">In unserem Bergbistro geht es vor allem um den Geschmack und die Gelegenheit, die <strong>lokalen Spezialit\u00e4ten<\/strong>, die wir kochen und lange schmoren lassen, bekannt zu machen. Keine langen Listen von Gerichten in unseren Men\u00fcs, denn unsere Produkte stammen aus dem Tal und entwickeln sich daher im Rhythmus der Jahreszeiten! Unsere Schweine werden am Col du Soulor gez\u00fcchtet und die Wurstwaren im Tal hergestellt, Schafe und Rinder sind in Estaing auf der Sommerweide.<\/p>\n<\/div>\n<\/div>\n\n\n    <\/div>\n<\/section>\n\n<section id=\"ls-section-block_83e289b36050f45cea212c0834ff0077\" class=\"ls-section  page-one animated fadeInUp delay-200ms slow has-background-image has-m-b m-b-8 has-p-t p-t-14\" >\n    <div class=\"ls-section__background-image opacity-100\"><img decoding=\"async\" src=\"https:\/\/camping-pyrenees-natura.com\/wp-content\/uploads\/2023\/01\/camping-familial-avec-restaurant.jpg\" alt=\"camping-familial-avec-restaurant\"><\/div>    <div class=\"container container--wide\">\n        \n\n<div class=\"wp-block-columns is-layout-flex wp-container-core-columns-is-layout-9d6595d7 wp-block-columns-is-layout-flex\">\n<div class=\"wp-block-column left has-color-white-background-color has-background is-layout-flow wp-block-column-is-layout-flow\">\n<p class=\"ls-paragraph\">In unserem <strong>alten Schafstall<\/strong> aus dem Jahr 1824 mit seiner Kaminecke oder auf der Terrasse mit Panoramablick auf die umliegenden Berge werden Sie es genie\u00dfen, mit der <strong>Familie gesunde<\/strong>, nat\u00fcrliche Gerichte zu teilen und so den Geschmack der guten Dinge aus der Region auf dem Teller wiederzufinden.<\/p>\n\n\n\n<p class=\"ls-paragraph\">Unser Motto : <br>&#8222;Um gut zu kochen, braucht man gute Zutaten, einen guten Wein, Herz und gute Freunde&#8220;.<br>Pierre Perret<\/p>\n\n\n\n<p class=\"ls-paragraph\">Ob nach der R\u00fcckkehr von einer Wanderung mit einem Teller Wurst und K\u00e4se oder f\u00fcr einen gem\u00fctlichen Aperitif, alles ist ein Vorwand, um hier zu jeder Tageszeit einzukehren.<\/p>\n\n\n\n<p class=\"ls-paragraph\">Die Ferien sind die Zeit, in der <strong>man zum &#8222;Echten&#8220;<\/strong>, zum Nat\u00fcrlichen zur\u00fcckkehrt, weg von diesem neuen Trend der \u00fcberarbeiteten Gerichte. Also &#8230; lassen Sie sich \u00fcberraschen und besinnen Sie sich auf das Wesentliche!<\/p>\n\n\n\n<figure class=\"wp-block-image size-full image-deco\"><img decoding=\"async\" width=\"1024\" height=\"1015\" src=\"https:\/\/camping-pyrenees-natura.com\/wp-content\/uploads\/2023\/01\/feuillage-1024x1015-1.png\" alt=\"feuille\" class=\"wp-image-1559\" srcset=\"https:\/\/camping-pyrenees-natura.com\/wp-content\/uploads\/2023\/01\/feuillage-1024x1015-1.png 1024w, https:\/\/camping-pyrenees-natura.com\/wp-content\/uploads\/2023\/01\/feuillage-1024x1015-1-300x297.png 300w, https:\/\/camping-pyrenees-natura.com\/wp-content\/uploads\/2023\/01\/feuillage-1024x1015-1-150x150.png 150w, https:\/\/camping-pyrenees-natura.com\/wp-content\/uploads\/2023\/01\/feuillage-1024x1015-1-768x761.png 768w\" sizes=\"(max-width: 1024px) 100vw, 1024px\" \/><\/figure>\n<\/div>\n\n\n\n<div class=\"wp-block-column right is-layout-flow wp-block-column-is-layout-flow\"><\/div>\n<\/div>\n\n\n    <\/div>\n<\/section>\n\n<section id=\"ls-section-block_a2466ae65e58b205db2af3ad87945486\" class=\"ls-section  page-three has-background has-color-3-background-color has-p-t p-t-14 has-p-b p-b-14\" >\n        <div class=\"container container--wide\">\n        \n\n<figure class=\"wp-block-image size-full image-left animated fadeInRight delay-200ms slow\"><img decoding=\"async\" width=\"651\" height=\"366\" src=\"https:\/\/camping-pyrenees-natura.com\/wp-content\/uploads\/2023\/01\/camping-pyreneess-natura-avec-bar-restaurant.jpg\" alt=\"campingplatz pyrenees natura mit bar und restaurant\" class=\"wp-image-986\" srcset=\"https:\/\/camping-pyrenees-natura.com\/wp-content\/uploads\/2023\/01\/camping-pyreneess-natura-avec-bar-restaurant.jpg 651w, https:\/\/camping-pyrenees-natura.com\/wp-content\/uploads\/2023\/01\/camping-pyreneess-natura-avec-bar-restaurant-300x169.jpg 300w\" sizes=\"(max-width: 651px) 100vw, 651px\" \/><\/figure>\n\n\n\n<div class=\"wp-block-columns colonne-left is-layout-flex wp-container-core-columns-is-layout-9d6595d7 wp-block-columns-is-layout-flex\">\n<div class=\"wp-block-column is-vertically-aligned-bottom left is-layout-flow wp-block-column-is-layout-flow\">\n<h2 class=\"ls-heading wp-block-heading\">Unsere Terrasse mit Panoramablick<\/h2>\n\n\n\n<p class=\"ls-paragraph\">Wir bieten Ihnen einen <strong>Moment der Entspannung<\/strong> auf unserer Panoramaterrasse. Zwei Orte stehen Ihnen zur Verf\u00fcgung: <\/p>\n\n\n\n<ul class=\"ls-list wp-block-list\">\n<li><strong>Der erste: <\/strong>Sessel und niedrige Tische, die F\u00fc\u00dfe im Gras f\u00fcr einen Moment der Ruhe und Erholung.<\/li>\n\n\n\n<li><strong>Die zweite: <\/strong>Tisch und St\u00fchle auf unserer schattigen Holzterrasse, damit Sie eine Mahlzeit ohne Sonnenbrand genie\u00dfen k\u00f6nnen!<\/li>\n<\/ul>\n\n\n\n<p class=\"ls-paragraph\"><strong>Das kleine Plus?<\/strong> Ein atemberaubender Blick auf die Berge von unserer Terrasse aus!<\/p>\n\n\n\n<p class=\"ls-paragraph\">Was gibt es Sch\u00f6neres, als nach einem Tag, an dem man in den Bergen herumgekraxelt ist, einen kleinen Drink auf der Terrasse zu genie\u00dfen? Wir bieten Ihnen Ruhe und Gelassenheit von Angesicht zu Angesicht mit der Sch\u00f6nheit der umliegenden Berge.<\/p>\n<\/div>\n<\/div>\n\n\n\n<figure class=\"wp-block-image size-full image-right animated fadeInLeft delay-200ms slow\"><img decoding=\"async\" width=\"651\" height=\"366\" src=\"https:\/\/camping-pyrenees-natura.com\/wp-content\/uploads\/2023\/01\/restaurant-avec-vue-panoramique-sur-les-pyrenees.jpg\" alt=\"Restaurant mit Panoramablick\" class=\"wp-image-988\" srcset=\"https:\/\/camping-pyrenees-natura.com\/wp-content\/uploads\/2023\/01\/restaurant-avec-vue-panoramique-sur-les-pyrenees.jpg 651w, https:\/\/camping-pyrenees-natura.com\/wp-content\/uploads\/2023\/01\/restaurant-avec-vue-panoramique-sur-les-pyrenees-300x169.jpg 300w\" sizes=\"(max-width: 651px) 100vw, 651px\" \/><\/figure>\n\n\n\n<div class=\"wp-block-columns colonne-right is-layout-flex wp-container-core-columns-is-layout-9d6595d7 wp-block-columns-is-layout-flex\">\n<div class=\"wp-block-column is-vertically-aligned-center right is-layout-flow wp-block-column-is-layout-flow\">\n<h2 class=\"ls-heading wp-block-heading\">Erfrischungspause im Barbereich<\/h2>\n\n\n\n<p class=\"ls-paragraph\">In der Bar der Wanderetappe auf dem <a href=\"\/de\/\">Campingplatz Pyr\u00e9n\u00e9es Natura<\/a> k\u00f6nnen Sie Weine, Aperitifs und 67 verschiedene Biersorten genie\u00dfen, und auch hier werden die <strong>regionalen Produzenten<\/strong> in den Vordergrund gestellt.<\/p>\n\n\n\n<p class=\"ls-paragraph\">Und f\u00fcr die Liebhaber, die sich etwas g\u00f6nnen wollen, gibt es eine gro\u00dfe Auswahl an Gin, Whisky, Rum und arrangiertem Rum.<\/p>\n\n\n\n<p class=\"ls-paragraph\">Geselliger Abend in unserem Bergbistro in den Hautes Pyr\u00e9n\u00e9es.<\/p>\n<\/div>\n<\/div>\n\n\n    <\/div>\n<\/section>\n\n<section id=\"ls-section-block_b1c632981c7e10f6a5ff934d588d3403\" class=\"ls-section  page-maillage has-p-t p-t-14 has-p-b p-b-14\" >\n        <div class=\"container container--wide\">\n        \n\n<div id=\"ls-heading ls-titre-div-block_f45c115c060888937a23a530c3655219\" class=\"ls-titre-div aligncenter h2-like\" >\n    Entdecken Sie unsere Verpflichtungen, <\/br>unsere Dienstleistungen und unseren Wellnessbereich!<\/div>\n\n\n<div id=\"ls-maillage-block_85ec297cf8f3fc89262156149c2311f3\" class=\"ls-maillage cta-style-normal has-p-t p-t-4\" data-rows=\"3\">\n    <div class=\"wp-block-columns\"><div class=\"wp-block-column\">\n\n<a href=\"https:\/\/camping-pyrenees-natura.com\/de\/unser-oekologisches-konzept\/\" target=\"\" rel=\"noopener\" class=\"ls-cta__link\">\n\n\t<div class=\"ls-cta__image\"><img decoding=\"async\" src=\"https:\/\/camping-pyrenees-natura.com\/wp-content\/uploads\/2023\/01\/camping-pyrenees-natura-proche-ecologie-768x512.jpg\" alt=\"camping-pyrenees-natura-proche-ecologie\"><\/div>\n\t<div class=\"ls-cta__title\">\n\t\tUnser \u00f6kologisches Konzept\t<\/div>\n\n\t\t\n<\/a><\/div><div class=\"wp-block-column\">\n\n<a href=\"https:\/\/camping-pyrenees-natura.com\/de\/unser-wellnessbereich\/\" target=\"\" rel=\"noopener\" class=\"ls-cta__link\">\n\n\t<div class=\"ls-cta__image\"><img decoding=\"async\" src=\"https:\/\/camping-pyrenees-natura.com\/wp-content\/uploads\/2023\/01\/espace-bien-etre-camping-pyrenee-768x512.jpg\" alt=\"espace-bien-etre-camping-pyrenee\"><\/div>\n\t<div class=\"ls-cta__title\">\n\t\tUnser Wellnessbereich\t<\/div>\n\n\t\t\n<\/a><\/div><div class=\"wp-block-column\">\n\n<a href=\"https:\/\/camping-pyrenees-natura.com\/de\/dienstleistungen-und-aktivitaeten\/\" target=\"\" rel=\"noopener\" class=\"ls-cta__link\">\n\n\t<div class=\"ls-cta__image\"><img decoding=\"async\" src=\"https:\/\/camping-pyrenees-natura.com\/wp-content\/uploads\/2023\/01\/les-services-du-camping-pyrenees-natura-768x512.jpg\" alt=\"les-services-du-camping-pyrenees-natura\"><\/div>\n\t<div class=\"ls-cta__title\">\n\t\tDienstleistungen und Aktivit\u00e4ten\t<\/div>\n\n\t\t\n<\/a><\/div><\/div><\/div>\n\n    <\/div>\n<\/section>","protected":false},"excerpt":{"rendered":"","protected":false},"author":1,"featured_media":1734,"parent":0,"menu_order":0,"comment_status":"closed","ping_status":"closed","template":"","meta":{"_acf_changed":false,"footnotes":""},"sujet":[],"class_list":["post-1979","page","type-page","status-publish","has-post-thumbnail","hentry"],"acf":[],"yoast_head":"<!-- This site is optimized with the Yoast SEO plugin v23.4 - https:\/\/yoast.com\/wordpress\/plugins\/seo\/ -->\n<title>Restaurant in Estaing | Gastronomie in den Pyren\u00e4en (65)<\/title>\n<meta name=\"robots\" content=\"index, follow, max-snippet:-1, max-image-preview:large, max-video-preview:-1\" \/>\n<link rel=\"canonical\" href=\"https:\/\/camping-pyrenees-natura.com\/de\/das-restaurant\/\" \/>\n<meta property=\"og:locale\" content=\"de_DE\" \/>\n<meta property=\"og:type\" content=\"article\" \/>\n<meta property=\"og:title\" content=\"Restaurant in Estaing | Gastronomie in den Pyren\u00e4en (65)\" \/>\n<meta property=\"og:url\" content=\"https:\/\/camping-pyrenees-natura.com\/de\/das-restaurant\/\" \/>\n<meta property=\"og:site_name\" content=\"Camping Pyr\u00e9n\u00e9es Natura ****\" \/>\n<meta property=\"article:modified_time\" content=\"2023-02-02T10:11:45+00:00\" \/>\n<meta property=\"og:image\" content=\"https:\/\/camping-pyrenees-natura.com\/wp-content\/uploads\/2023\/01\/vue-panoramique-montagne-bar-camping.jpg\" \/>\n\t<meta property=\"og:image:width\" content=\"1920\" \/>\n\t<meta property=\"og:image:height\" content=\"682\" \/>\n\t<meta property=\"og:image:type\" content=\"image\/jpeg\" \/>\n<meta name=\"twitter:card\" content=\"summary_large_image\" \/>\n<meta name=\"twitter:label1\" content=\"Gesch\u00e4tzte Lesezeit\" \/>\n\t<meta name=\"twitter:data1\" content=\"3\u00a0Minuten\" \/>\n<script type=\"application\/ld+json\" class=\"yoast-schema-graph\">{\"@context\":\"https:\/\/schema.org\",\"@graph\":[{\"@type\":\"WebPage\",\"@id\":\"https:\/\/camping-pyrenees-natura.com\/de\/das-restaurant\/\",\"url\":\"https:\/\/camping-pyrenees-natura.com\/de\/das-restaurant\/\",\"name\":\"Restaurant in Estaing | Gastronomie in den Pyren\u00e4en (65)\",\"isPartOf\":{\"@id\":\"https:\/\/camping-pyrenees-natura.com\/#website\"},\"primaryImageOfPage\":{\"@id\":\"https:\/\/camping-pyrenees-natura.com\/de\/das-restaurant\/#primaryimage\"},\"image\":{\"@id\":\"https:\/\/camping-pyrenees-natura.com\/de\/das-restaurant\/#primaryimage\"},\"thumbnailUrl\":\"https:\/\/camping-pyrenees-natura.com\/wp-content\/uploads\/2023\/01\/vue-panoramique-montagne-bar-camping.jpg\",\"datePublished\":\"2023-01-24T15:38:53+00:00\",\"dateModified\":\"2023-02-02T10:11:45+00:00\",\"breadcrumb\":{\"@id\":\"https:\/\/camping-pyrenees-natura.com\/de\/das-restaurant\/#breadcrumb\"},\"inLanguage\":\"de\",\"potentialAction\":[{\"@type\":\"ReadAction\",\"target\":[\"https:\/\/camping-pyrenees-natura.com\/de\/das-restaurant\/\"]}]},{\"@type\":\"ImageObject\",\"inLanguage\":\"de\",\"@id\":\"https:\/\/camping-pyrenees-natura.com\/de\/das-restaurant\/#primaryimage\",\"url\":\"https:\/\/camping-pyrenees-natura.com\/wp-content\/uploads\/2023\/01\/vue-panoramique-montagne-bar-camping.jpg\",\"contentUrl\":\"https:\/\/camping-pyrenees-natura.com\/wp-content\/uploads\/2023\/01\/vue-panoramique-montagne-bar-camping.jpg\",\"width\":1920,\"height\":682,\"caption\":\"vue-panoramique-montagne-bar-camping\"},{\"@type\":\"BreadcrumbList\",\"@id\":\"https:\/\/camping-pyrenees-natura.com\/de\/das-restaurant\/#breadcrumb\",\"itemListElement\":[{\"@type\":\"ListItem\",\"position\":1,\"name\":\"Camping Pyr\u00e9n\u00e9es\",\"item\":\"https:\/\/camping-pyrenees-natura.com\/de\/\"},{\"@type\":\"ListItem\",\"position\":2,\"name\":\"Restaurant in Estaing\"}]},{\"@type\":\"WebSite\",\"@id\":\"https:\/\/camping-pyrenees-natura.com\/#website\",\"url\":\"https:\/\/camping-pyrenees-natura.com\/\",\"name\":\"Camping Pyr\u00e9n\u00e9es Natura ****\",\"description\":\"\",\"publisher\":{\"@id\":\"https:\/\/camping-pyrenees-natura.com\/#organization\"},\"potentialAction\":[{\"@type\":\"SearchAction\",\"target\":{\"@type\":\"EntryPoint\",\"urlTemplate\":\"https:\/\/camping-pyrenees-natura.com\/?s={search_term_string}\"},\"query-input\":{\"@type\":\"PropertyValueSpecification\",\"valueRequired\":true,\"valueName\":\"search_term_string\"}}],\"inLanguage\":\"de\"},{\"@type\":\"Organization\",\"@id\":\"https:\/\/camping-pyrenees-natura.com\/#organization\",\"name\":\"Camping Pyr\u00e9n\u00e9es Natura ****\",\"url\":\"https:\/\/camping-pyrenees-natura.com\/\",\"logo\":{\"@type\":\"ImageObject\",\"inLanguage\":\"de\",\"@id\":\"https:\/\/camping-pyrenees-natura.com\/#\/schema\/logo\/image\/\",\"url\":\"https:\/\/camping-pyrenees-natura.com\/wp-content\/uploads\/2022\/12\/favicon.png\",\"contentUrl\":\"https:\/\/camping-pyrenees-natura.com\/wp-content\/uploads\/2022\/12\/favicon.png\",\"width\":231,\"height\":227,\"caption\":\"Camping Pyr\u00e9n\u00e9es Natura ****\"},\"image\":{\"@id\":\"https:\/\/camping-pyrenees-natura.com\/#\/schema\/logo\/image\/\"}}]}<\/script>\n<!-- \/ Yoast SEO plugin. -->","yoast_head_json":{"title":"Restaurant in Estaing | Gastronomie in den Pyren\u00e4en (65)","robots":{"index":"index","follow":"follow","max-snippet":"max-snippet:-1","max-image-preview":"max-image-preview:large","max-video-preview":"max-video-preview:-1"},"canonical":"https:\/\/camping-pyrenees-natura.com\/de\/das-restaurant\/","og_locale":"de_DE","og_type":"article","og_title":"Restaurant in Estaing | Gastronomie in den Pyren\u00e4en (65)","og_url":"https:\/\/camping-pyrenees-natura.com\/de\/das-restaurant\/","og_site_name":"Camping Pyr\u00e9n\u00e9es Natura ****","article_modified_time":"2023-02-02T10:11:45+00:00","og_image":[{"width":1920,"height":682,"url":"https:\/\/camping-pyrenees-natura.com\/wp-content\/uploads\/2023\/01\/vue-panoramique-montagne-bar-camping.jpg","type":"image\/jpeg"}],"twitter_card":"summary_large_image","twitter_misc":{"Gesch\u00e4tzte Lesezeit":"3\u00a0Minuten"},"schema":{"@context":"https:\/\/schema.org","@graph":[{"@type":"WebPage","@id":"https:\/\/camping-pyrenees-natura.com\/de\/das-restaurant\/","url":"https:\/\/camping-pyrenees-natura.com\/de\/das-restaurant\/","name":"Restaurant in Estaing | Gastronomie in den Pyren\u00e4en (65)","isPartOf":{"@id":"https:\/\/camping-pyrenees-natura.com\/#website"},"primaryImageOfPage":{"@id":"https:\/\/camping-pyrenees-natura.com\/de\/das-restaurant\/#primaryimage"},"image":{"@id":"https:\/\/camping-pyrenees-natura.com\/de\/das-restaurant\/#primaryimage"},"thumbnailUrl":"https:\/\/camping-pyrenees-natura.com\/wp-content\/uploads\/2023\/01\/vue-panoramique-montagne-bar-camping.jpg","datePublished":"2023-01-24T15:38:53+00:00","dateModified":"2023-02-02T10:11:45+00:00","breadcrumb":{"@id":"https:\/\/camping-pyrenees-natura.com\/de\/das-restaurant\/#breadcrumb"},"inLanguage":"de","potentialAction":[{"@type":"ReadAction","target":["https:\/\/camping-pyrenees-natura.com\/de\/das-restaurant\/"]}]},{"@type":"ImageObject","inLanguage":"de","@id":"https:\/\/camping-pyrenees-natura.com\/de\/das-restaurant\/#primaryimage","url":"https:\/\/camping-pyrenees-natura.com\/wp-content\/uploads\/2023\/01\/vue-panoramique-montagne-bar-camping.jpg","contentUrl":"https:\/\/camping-pyrenees-natura.com\/wp-content\/uploads\/2023\/01\/vue-panoramique-montagne-bar-camping.jpg","width":1920,"height":682,"caption":"vue-panoramique-montagne-bar-camping"},{"@type":"BreadcrumbList","@id":"https:\/\/camping-pyrenees-natura.com\/de\/das-restaurant\/#breadcrumb","itemListElement":[{"@type":"ListItem","position":1,"name":"Camping Pyr\u00e9n\u00e9es","item":"https:\/\/camping-pyrenees-natura.com\/de\/"},{"@type":"ListItem","position":2,"name":"Restaurant in Estaing"}]},{"@type":"WebSite","@id":"https:\/\/camping-pyrenees-natura.com\/#website","url":"https:\/\/camping-pyrenees-natura.com\/","name":"Camping Pyr\u00e9n\u00e9es Natura ****","description":"","publisher":{"@id":"https:\/\/camping-pyrenees-natura.com\/#organization"},"potentialAction":[{"@type":"SearchAction","target":{"@type":"EntryPoint","urlTemplate":"https:\/\/camping-pyrenees-natura.com\/?s={search_term_string}"},"query-input":{"@type":"PropertyValueSpecification","valueRequired":true,"valueName":"search_term_string"}}],"inLanguage":"de"},{"@type":"Organization","@id":"https:\/\/camping-pyrenees-natura.com\/#organization","name":"Camping Pyr\u00e9n\u00e9es Natura ****","url":"https:\/\/camping-pyrenees-natura.com\/","logo":{"@type":"ImageObject","inLanguage":"de","@id":"https:\/\/camping-pyrenees-natura.com\/#\/schema\/logo\/image\/","url":"https:\/\/camping-pyrenees-natura.com\/wp-content\/uploads\/2022\/12\/favicon.png","contentUrl":"https:\/\/camping-pyrenees-natura.com\/wp-content\/uploads\/2022\/12\/favicon.png","width":231,"height":227,"caption":"Camping Pyr\u00e9n\u00e9es Natura ****"},"image":{"@id":"https:\/\/camping-pyrenees-natura.com\/#\/schema\/logo\/image\/"}}]}},"_links":{"self":[{"href":"https:\/\/camping-pyrenees-natura.com\/de\/wp-json\/wp\/v2\/pages\/1979","targetHints":{"allow":["GET"]}}],"collection":[{"href":"https:\/\/camping-pyrenees-natura.com\/de\/wp-json\/wp\/v2\/pages"}],"about":[{"href":"https:\/\/camping-pyrenees-natura.com\/de\/wp-json\/wp\/v2\/types\/page"}],"author":[{"embeddable":true,"href":"https:\/\/camping-pyrenees-natura.com\/de\/wp-json\/wp\/v2\/users\/1"}],"replies":[{"embeddable":true,"href":"https:\/\/camping-pyrenees-natura.com\/de\/wp-json\/wp\/v2\/comments?post=1979"}],"version-history":[{"count":9,"href":"https:\/\/camping-pyrenees-natura.com\/de\/wp-json\/wp\/v2\/pages\/1979\/revisions"}],"predecessor-version":[{"id":2427,"href":"https:\/\/camping-pyrenees-natura.com\/de\/wp-json\/wp\/v2\/pages\/1979\/revisions\/2427"}],"wp:featuredmedia":[{"embeddable":true,"href":"https:\/\/camping-pyrenees-natura.com\/de\/wp-json\/wp\/v2\/media\/1734"}],"wp:attachment":[{"href":"https:\/\/camping-pyrenees-natura.com\/de\/wp-json\/wp\/v2\/media?parent=1979"}],"wp:term":[{"taxonomy":"sujet","embeddable":true,"href":"https:\/\/camping-pyrenees-natura.com\/de\/wp-json\/wp\/v2\/sujet?post=1979"}],"curies":[{"name":"wp","href":"https:\/\/api.w.org\/{rel}","templated":true}]}}