{"id":1961,"date":"2023-01-24T15:35:10","date_gmt":"2023-01-24T14:35:10","guid":{"rendered":"https:\/\/camping-pyrenees-natura.com\/kontakt-und-zugang\/"},"modified":"2025-10-30T12:11:16","modified_gmt":"2025-10-30T11:11:16","slug":"kontakt-und-zugang","status":"publish","type":"page","link":"https:\/\/camping-pyrenees-natura.com\/de\/kontakt-und-zugang\/","title":{"rendered":"Kontakt und Zugang"},"content":{"rendered":"<section id=\"ls-section-block_576cb84243171641ed482eb91db22157\" class=\"ls-section  page-chapeau\" >\n        <div class=\"container \">\n        \n\n<h1 class=\"ls__heading wp-block-heading has-text-align-center\">Kontakt und Zugang<\/h1>\n\n\n    <\/div>\n<\/section>\n\n<section id=\"ls-section-block_13993f36db777bbe1a1401797847a155\" class=\"ls-section  page-intro\" >\n        <div class=\"container container--wide\">\n        \n\n<div class=\"wp-block-columns is-layout-flex wp-container-core-columns-is-layout-9d6595d7 wp-block-columns-is-layout-flex\">\n<div class=\"wp-block-column is-layout-flow wp-block-column-is-layout-flow\">\n<h2 class=\"ls__heading wp-block-heading\">Kontaktieren Sie uns<\/h2>\n\n\n\n<p class=\"ls-paragraph\">Finden Sie viele Informationen und Antworten online auf unserer Website. Wenn Sie die Antwort auf Ihre Fragen nicht finden, wenden Sie sich bitte an uns, wir antworten Ihnen gerne!<\/p>\n\n\n\n<p class=\"ls-paragraph\"><strong>Wie k\u00f6nnen Sie uns kontaktieren? <\/strong><\/p>\n\n\n\n<p class=\"ls-paragraph\">&#8211; Per E-Mail: Wir werden Ihnen so schnell wie m\u00f6glich unter info@camping-pyrenees-natura.com antworten.<strong><\/strong><\/p>\n\n\n\n<p class=\"ls-paragraph\"><strong>Direkt am Campingplatz: Unser \u00d6ffnungszeitraum: vom 13. Mai 2025 bis 20. September 2026.<\/strong> <strong>Bitte beachten Sie: Die Stellpl\u00e4tze sind vom 22. Mai bis 13. September 2026 ge\u00f6ffnet.<\/strong> <br>Wir w\u00fcrden uns freuen, Sie begr\u00fc\u00dfen zu d\u00fcrfen, um alle Ihre Fragen zu beantworten.<\/p>\n\n\n\n<p class=\"ls-paragraph\">Die Rezeption ist Montag bis Sonntag von 8:30 bis 18:00 Uhr ge\u00f6ffnet.<br>Anschrift: <strong>Camping Pyr\u00e9n\u00e9es Natura, Marseillan, 7 route de labat, 65400 ESTAING, FRANCE<\/strong>.<\/p>\n\n\n\n<p class=\"ls-paragraph\">&#8211; Per Telefon: <strong>+33 (0)6 49 51 88 19 (receptienummer)<\/strong><\/p>\n\n\n\n<p class=\"ls-paragraph\">Wenn wir nicht antworten, z\u00f6gern Sie nicht, uns eine Sprachnachricht zu hinterlassen oder uns eine E-Mail zu schicken. Wir werden uns so schnell wie m\u00f6glich bei Ihnen melden. <br>Wir freuen uns auf Ihren Besuch!<\/p>\n<\/div>\n\n\n\n<div class=\"wp-block-column is-layout-flow wp-block-column-is-layout-flow\">\n<div class=\"wpcf7 no-js\" id=\"wpcf7-f9-o1\" lang=\"fr-FR\" dir=\"ltr\">\n<div class=\"screen-reader-response\"><p role=\"status\" aria-live=\"polite\" aria-atomic=\"true\"><\/p> <ul><\/ul><\/div>\n<form action=\"\/de\/wp-json\/wp\/v2\/pages\/1961#wpcf7-f9-o1\" method=\"post\" class=\"wpcf7-form init\" aria-label=\"Formulaire de contact\" novalidate=\"novalidate\" data-status=\"init\">\n<div style=\"display: none;\">\n<input type=\"hidden\" name=\"_wpcf7\" value=\"9\" \/>\n<input type=\"hidden\" name=\"_wpcf7_version\" value=\"5.9.8\" \/>\n<input type=\"hidden\" name=\"_wpcf7_locale\" value=\"fr_FR\" \/>\n<input type=\"hidden\" name=\"_wpcf7_unit_tag\" value=\"wpcf7-f9-o1\" \/>\n<input type=\"hidden\" name=\"_wpcf7_container_post\" value=\"0\" \/>\n<input type=\"hidden\" name=\"_wpcf7_posted_data_hash\" value=\"\" \/>\n<input type=\"hidden\" name=\"_wpcf7_recaptcha_response\" value=\"\" \/>\n<\/div>\n<p><label> Votre nom<br \/>\n<span class=\"wpcf7-form-control-wrap\" data-name=\"your-name\"><input size=\"40\" maxlength=\"400\" class=\"wpcf7-form-control wpcf7-text wpcf7-validates-as-required\" autocomplete=\"name\" aria-required=\"true\" aria-invalid=\"false\" value=\"\" type=\"text\" name=\"your-name\" \/><\/span> <\/label>\n<\/p>\n<p><label> Votre e-mail<br \/>\n<span class=\"wpcf7-form-control-wrap\" data-name=\"your-email\"><input size=\"40\" maxlength=\"400\" class=\"wpcf7-form-control wpcf7-email wpcf7-validates-as-required wpcf7-text wpcf7-validates-as-email\" autocomplete=\"email\" aria-required=\"true\" aria-invalid=\"false\" value=\"\" type=\"email\" name=\"your-email\" \/><\/span> <\/label>\n<\/p>\n<p><label> Objet<br \/>\n<span class=\"wpcf7-form-control-wrap\" data-name=\"your-subject\"><input size=\"40\" maxlength=\"400\" class=\"wpcf7-form-control wpcf7-text wpcf7-validates-as-required\" aria-required=\"true\" aria-invalid=\"false\" value=\"\" type=\"text\" name=\"your-subject\" \/><\/span> <\/label>\n<\/p>\n<p><label> Votre message<br \/>\n<span class=\"wpcf7-form-control-wrap\" data-name=\"your-message\"><textarea cols=\"40\" rows=\"10\" maxlength=\"2000\" class=\"wpcf7-form-control wpcf7-textarea\" aria-invalid=\"false\" name=\"your-message\"><\/textarea><\/span> <\/label>\n<\/p>\n<p><span class=\"wpcf7-form-control-wrap\" data-name=\"acceptance-553\"><span class=\"wpcf7-form-control wpcf7-acceptance\"><span class=\"wpcf7-list-item\"><label><input type=\"checkbox\" name=\"acceptance-553\" value=\"1\" aria-invalid=\"false\" \/><span class=\"wpcf7-list-item-label\">En cochant cette case, j'accepte la <a href=\"\/politique-de-confidentialite\/\" rel=\"nofollow\" target=\"_blank\">Politique de confidentialit\u00e9<\/a> de ce site.<\/span><\/label><\/span><\/span><\/span><input class=\"wpcf7-form-control wpcf7-submit has-spinner\" type=\"submit\" value=\"Envoyer\" \/>\n<\/p><div class=\"wpcf7-response-output\" aria-hidden=\"true\"><\/div>\n<\/form>\n<\/div>\n\n<\/div>\n<\/div>\n\n\n    <\/div>\n<\/section>\n\n<section id=\"ls-section-block_c79356dc754279946693dc108ae7dc88\" class=\"ls-section  has-background has-color-3-background-color\" >\n        <div class=\"container container--wide\">\n        \n\n<div class=\"wp-block-columns page-three is-layout-flex wp-container-core-columns-is-layout-9d6595d7 wp-block-columns-is-layout-flex\">\n<div class=\"wp-block-column is-vertically-aligned-center is-layout-flow wp-block-column-is-layout-flow\">\n<iframe src=\"https:\/\/www.google.com\/maps\/embed?pb=!1m18!1m12!1m3!1d2920.759196366563!2d-0.1800650845252095!3d42.94120317915223!2m3!1f0!2f0!3f0!3m2!1i1024!2i768!4f13.1!3m3!1m2!1s0xd57dae6171f3045%3A0xf1c78b4018345776!2sCamping%20Pyr%C3%A9n%C3%A9es%20Natura!5e0!3m2!1sfr!2sfr!4v1672918027628!5m2!1sfr!2sfr\" width=\"600\" height=\"450\" style=\"border:0;\" allowfullscreen=\"\" loading=\"lazy\" referrerpolicy=\"no-referrer-when-downgrade\"><\/iframe>\n<\/div>\n\n\n\n<div class=\"wp-block-column is-layout-flow wp-block-column-is-layout-flow\">\n<h2 class=\"ls__heading wp-block-heading\">Wegbeschreibung zum Campingplatz<\/h2>\n\n\n\n<p class=\"ls-paragraph\">Wenn Sie \u00fcber die Autobahn A64 aus Bordeaux, Bayonne oder Toulouse anreisen, nehmen Sie die Ausfahrt 12 (Tarbes ouest). Sie befinden sich auf der N21. Umfahren Sie Lourdes, Richtung Argel\u00e8s Gazost. <br>Sie befinden sich auf der D821 (Schnellstra\u00dfe). Kommen Sie am ersten Kreisverkehr an und nehmen Sie die erste Stra\u00dfe rechts. Dann den n\u00e4chsten Kreisverkehr nehmen und dem Stadtzentrum folgen. Im Zentrum angekommen, fahren Sie in Richtung &#8222;Val d&#8217;Azun&#8220;. Sie befinden sich auf der D918.<\/p>\n\n\n\n<p class=\"ls-paragraph\"><strong>Mit dem Auto: Am Ortseingang von Arras en Lavedan biegen Sie links ab in Richtung Lac d&#8217;Estaing.<\/strong> <br>Nach der kleinen Br\u00fccke eines Wasserkraftwerks biegen Sie rechts ab.<br>Fahren Sie einige Kilometer geradeaus bis zum Campingplatz auf der rechten Seite, 300 m nach dem Schild Estaing.<\/p>\n\n\n\n<p class=\"ls-paragraph\"><strong>Mit dem Wohnwagen (+6m) oder Wohnmobil (+6,50m): Fahren Sie durch das Dorf Arras en Lavedan.<\/strong> Nach einigen Kilometern biegen Sie links ab in Richtung Bun. <br>Durchqueren Sie das Dorf und biegen Sie an der Br\u00fccke rechts ab.<br>Fahren Sie einige Kilometer geradeaus bis zum Campingplatz auf der rechten Seite, 300 m nach dem Schild Estaing.<\/p>\n\n\n\n<p class=\"ls-paragraph\">Sie sind angekommen.<\/p>\n<\/div>\n<\/div>\n\n\n    <\/div>\n<\/section>","protected":false},"excerpt":{"rendered":"","protected":false},"author":1,"featured_media":0,"parent":0,"menu_order":0,"comment_status":"closed","ping_status":"closed","template":"","meta":{"_acf_changed":false,"footnotes":""},"sujet":[],"class_list":["post-1961","page","type-page","status-publish","hentry"],"acf":[],"yoast_head":"<!-- This site is optimized with the Yoast SEO plugin v23.4 - https:\/\/yoast.com\/wordpress\/plugins\/seo\/ -->\n<title>Kontakt und Zugang<\/title>\n<meta name=\"robots\" content=\"index, follow, max-snippet:-1, max-image-preview:large, max-video-preview:-1\" \/>\n<link rel=\"canonical\" href=\"https:\/\/camping-pyrenees-natura.com\/de\/kontakt-und-zugang\/\" \/>\n<meta property=\"og:locale\" content=\"de_DE\" \/>\n<meta property=\"og:type\" content=\"article\" \/>\n<meta property=\"og:title\" content=\"Kontakt und Zugang\" \/>\n<meta property=\"og:url\" content=\"https:\/\/camping-pyrenees-natura.com\/de\/kontakt-und-zugang\/\" \/>\n<meta property=\"og:site_name\" content=\"Camping Pyr\u00e9n\u00e9es Natura ****\" \/>\n<meta property=\"article:modified_time\" content=\"2025-10-30T11:11:16+00:00\" \/>\n<meta name=\"twitter:card\" content=\"summary_large_image\" \/>\n<meta name=\"twitter:label1\" content=\"Gesch\u00e4tzte Lesezeit\" \/>\n\t<meta name=\"twitter:data1\" content=\"2\u00a0Minuten\" \/>\n<script type=\"application\/ld+json\" class=\"yoast-schema-graph\">{\"@context\":\"https:\/\/schema.org\",\"@graph\":[{\"@type\":\"WebPage\",\"@id\":\"https:\/\/camping-pyrenees-natura.com\/de\/kontakt-und-zugang\/\",\"url\":\"https:\/\/camping-pyrenees-natura.com\/de\/kontakt-und-zugang\/\",\"name\":\"Kontakt und Zugang\",\"isPartOf\":{\"@id\":\"https:\/\/camping-pyrenees-natura.com\/#website\"},\"datePublished\":\"2023-01-24T14:35:10+00:00\",\"dateModified\":\"2025-10-30T11:11:16+00:00\",\"breadcrumb\":{\"@id\":\"https:\/\/camping-pyrenees-natura.com\/de\/kontakt-und-zugang\/#breadcrumb\"},\"inLanguage\":\"de\",\"potentialAction\":[{\"@type\":\"ReadAction\",\"target\":[\"https:\/\/camping-pyrenees-natura.com\/de\/kontakt-und-zugang\/\"]}]},{\"@type\":\"BreadcrumbList\",\"@id\":\"https:\/\/camping-pyrenees-natura.com\/de\/kontakt-und-zugang\/#breadcrumb\",\"itemListElement\":[{\"@type\":\"ListItem\",\"position\":1,\"name\":\"Camping Pyr\u00e9n\u00e9es\",\"item\":\"https:\/\/camping-pyrenees-natura.com\/de\/\"},{\"@type\":\"ListItem\",\"position\":2,\"name\":\"Kontakt und Wegbeschreibung\"}]},{\"@type\":\"WebSite\",\"@id\":\"https:\/\/camping-pyrenees-natura.com\/#website\",\"url\":\"https:\/\/camping-pyrenees-natura.com\/\",\"name\":\"Camping Pyr\u00e9n\u00e9es Natura ****\",\"description\":\"\",\"publisher\":{\"@id\":\"https:\/\/camping-pyrenees-natura.com\/#organization\"},\"potentialAction\":[{\"@type\":\"SearchAction\",\"target\":{\"@type\":\"EntryPoint\",\"urlTemplate\":\"https:\/\/camping-pyrenees-natura.com\/?s={search_term_string}\"},\"query-input\":{\"@type\":\"PropertyValueSpecification\",\"valueRequired\":true,\"valueName\":\"search_term_string\"}}],\"inLanguage\":\"de\"},{\"@type\":\"Organization\",\"@id\":\"https:\/\/camping-pyrenees-natura.com\/#organization\",\"name\":\"Camping Pyr\u00e9n\u00e9es Natura ****\",\"url\":\"https:\/\/camping-pyrenees-natura.com\/\",\"logo\":{\"@type\":\"ImageObject\",\"inLanguage\":\"de\",\"@id\":\"https:\/\/camping-pyrenees-natura.com\/#\/schema\/logo\/image\/\",\"url\":\"https:\/\/camping-pyrenees-natura.com\/wp-content\/uploads\/2022\/12\/favicon.png\",\"contentUrl\":\"https:\/\/camping-pyrenees-natura.com\/wp-content\/uploads\/2022\/12\/favicon.png\",\"width\":231,\"height\":227,\"caption\":\"Camping Pyr\u00e9n\u00e9es Natura ****\"},\"image\":{\"@id\":\"https:\/\/camping-pyrenees-natura.com\/#\/schema\/logo\/image\/\"}}]}<\/script>\n<!-- \/ Yoast SEO plugin. -->","yoast_head_json":{"title":"Kontakt und Zugang","robots":{"index":"index","follow":"follow","max-snippet":"max-snippet:-1","max-image-preview":"max-image-preview:large","max-video-preview":"max-video-preview:-1"},"canonical":"https:\/\/camping-pyrenees-natura.com\/de\/kontakt-und-zugang\/","og_locale":"de_DE","og_type":"article","og_title":"Kontakt und Zugang","og_url":"https:\/\/camping-pyrenees-natura.com\/de\/kontakt-und-zugang\/","og_site_name":"Camping Pyr\u00e9n\u00e9es Natura ****","article_modified_time":"2025-10-30T11:11:16+00:00","twitter_card":"summary_large_image","twitter_misc":{"Gesch\u00e4tzte Lesezeit":"2\u00a0Minuten"},"schema":{"@context":"https:\/\/schema.org","@graph":[{"@type":"WebPage","@id":"https:\/\/camping-pyrenees-natura.com\/de\/kontakt-und-zugang\/","url":"https:\/\/camping-pyrenees-natura.com\/de\/kontakt-und-zugang\/","name":"Kontakt und Zugang","isPartOf":{"@id":"https:\/\/camping-pyrenees-natura.com\/#website"},"datePublished":"2023-01-24T14:35:10+00:00","dateModified":"2025-10-30T11:11:16+00:00","breadcrumb":{"@id":"https:\/\/camping-pyrenees-natura.com\/de\/kontakt-und-zugang\/#breadcrumb"},"inLanguage":"de","potentialAction":[{"@type":"ReadAction","target":["https:\/\/camping-pyrenees-natura.com\/de\/kontakt-und-zugang\/"]}]},{"@type":"BreadcrumbList","@id":"https:\/\/camping-pyrenees-natura.com\/de\/kontakt-und-zugang\/#breadcrumb","itemListElement":[{"@type":"ListItem","position":1,"name":"Camping Pyr\u00e9n\u00e9es","item":"https:\/\/camping-pyrenees-natura.com\/de\/"},{"@type":"ListItem","position":2,"name":"Kontakt und Wegbeschreibung"}]},{"@type":"WebSite","@id":"https:\/\/camping-pyrenees-natura.com\/#website","url":"https:\/\/camping-pyrenees-natura.com\/","name":"Camping Pyr\u00e9n\u00e9es Natura ****","description":"","publisher":{"@id":"https:\/\/camping-pyrenees-natura.com\/#organization"},"potentialAction":[{"@type":"SearchAction","target":{"@type":"EntryPoint","urlTemplate":"https:\/\/camping-pyrenees-natura.com\/?s={search_term_string}"},"query-input":{"@type":"PropertyValueSpecification","valueRequired":true,"valueName":"search_term_string"}}],"inLanguage":"de"},{"@type":"Organization","@id":"https:\/\/camping-pyrenees-natura.com\/#organization","name":"Camping Pyr\u00e9n\u00e9es Natura ****","url":"https:\/\/camping-pyrenees-natura.com\/","logo":{"@type":"ImageObject","inLanguage":"de","@id":"https:\/\/camping-pyrenees-natura.com\/#\/schema\/logo\/image\/","url":"https:\/\/camping-pyrenees-natura.com\/wp-content\/uploads\/2022\/12\/favicon.png","contentUrl":"https:\/\/camping-pyrenees-natura.com\/wp-content\/uploads\/2022\/12\/favicon.png","width":231,"height":227,"caption":"Camping Pyr\u00e9n\u00e9es Natura ****"},"image":{"@id":"https:\/\/camping-pyrenees-natura.com\/#\/schema\/logo\/image\/"}}]}},"_links":{"self":[{"href":"https:\/\/camping-pyrenees-natura.com\/de\/wp-json\/wp\/v2\/pages\/1961","targetHints":{"allow":["GET"]}}],"collection":[{"href":"https:\/\/camping-pyrenees-natura.com\/de\/wp-json\/wp\/v2\/pages"}],"about":[{"href":"https:\/\/camping-pyrenees-natura.com\/de\/wp-json\/wp\/v2\/types\/page"}],"author":[{"embeddable":true,"href":"https:\/\/camping-pyrenees-natura.com\/de\/wp-json\/wp\/v2\/users\/1"}],"replies":[{"embeddable":true,"href":"https:\/\/camping-pyrenees-natura.com\/de\/wp-json\/wp\/v2\/comments?post=1961"}],"version-history":[{"count":9,"href":"https:\/\/camping-pyrenees-natura.com\/de\/wp-json\/wp\/v2\/pages\/1961\/revisions"}],"predecessor-version":[{"id":2720,"href":"https:\/\/camping-pyrenees-natura.com\/de\/wp-json\/wp\/v2\/pages\/1961\/revisions\/2720"}],"wp:attachment":[{"href":"https:\/\/camping-pyrenees-natura.com\/de\/wp-json\/wp\/v2\/media?parent=1961"}],"wp:term":[{"taxonomy":"sujet","embeddable":true,"href":"https:\/\/camping-pyrenees-natura.com\/de\/wp-json\/wp\/v2\/sujet?post=1961"}],"curies":[{"name":"wp","href":"https:\/\/api.w.org\/{rel}","templated":true}]}}