{"id":1953,"date":"2023-01-24T15:23:48","date_gmt":"2023-01-24T14:23:48","guid":{"rendered":"https:\/\/camping-pyrenees-natura.com\/bord-de-gave-see-von-estaing\/"},"modified":"2023-02-02T10:39:30","modified_gmt":"2023-02-02T09:39:30","slug":"bord-de-gave-see-von-estaing","status":"publish","type":"page","link":"https:\/\/camping-pyrenees-natura.com\/de\/bord-de-gave-see-von-estaing\/","title":{"rendered":"Bord de Gave &#8211; See von Estaing"},"content":{"rendered":"<section id=\"ls-section-block_ef83321fa91c5d58e53199321231929c\" class=\"ls-section  page-chapeau\" >\n        <div class=\"container \">\n        \n\n<h1 class=\"ls__heading has-text-align-center wp-block-heading\">Entdecken Sie den See von Estaing und <br>die Gaves Umgebung in der N\u00e4he des Campingplatzes<strong><\/strong><\/h1>\n\n\n    <\/div>\n<\/section>\n\n<section id=\"ls-section-block_80c12518c095207057f57c1ce393bd1a\" class=\"ls-section  page-intro has-p-t p-t-0 has-p-b p-b-14\" >\n        <div class=\"container container--wide\">\n        \n\n<div class=\"wp-block-columns is-layout-flex wp-container-core-columns-is-layout-9d6595d7 wp-block-columns-is-layout-flex\">\n<div class=\"wp-block-column is-layout-flow wp-block-column-is-layout-flow\" style=\"flex-basis:66.66%\">\n<figure class=\"wp-block-image size-full animated fadeInUp delay-200ms slow\"><img decoding=\"async\" width=\"800\" height=\"450\" src=\"https:\/\/camping-pyrenees-natura.com\/wp-content\/uploads\/2022\/12\/camping-pyrenees-natura-en-hautes-pyrenees-a-la-montagne.jpg\" alt=\"camping seeufer estaing\" class=\"wp-image-223\" srcset=\"https:\/\/camping-pyrenees-natura.com\/wp-content\/uploads\/2022\/12\/camping-pyrenees-natura-en-hautes-pyrenees-a-la-montagne.jpg 800w, https:\/\/camping-pyrenees-natura.com\/wp-content\/uploads\/2022\/12\/camping-pyrenees-natura-en-hautes-pyrenees-a-la-montagne-300x169.jpg 300w, https:\/\/camping-pyrenees-natura.com\/wp-content\/uploads\/2022\/12\/camping-pyrenees-natura-en-hautes-pyrenees-a-la-montagne-768x432.jpg 768w\" sizes=\"(max-width: 800px) 100vw, 800px\" \/><\/figure>\n<\/div>\n\n\n\n<div class=\"wp-block-column is-vertically-aligned-center is-layout-flow wp-block-column-is-layout-flow\" style=\"flex-basis:33.33%\">\n<h2 class=\"ls__heading montagne wp-block-heading\">Camping und Unterzeichnung des Geschenks<strong><\/strong><\/h2>\n\n\n\n<p class=\"ls-paragraph\"><strong>Der See von Estaing<\/strong> liegt 5 km vom Campingplatz entfernt auf 1161 m H\u00f6he und grenzt an den Nationalpark der Pyren\u00e4en. Sie betreten ein Hirtengebiet, in dem die Tiere K\u00f6nig sind!<\/p>\n\n\n\n<p class=\"ls-paragraph\">Der <strong>Gave d&#8217;Estaing<\/strong>, der vom See herunterflie\u00dft, bietet Ihnen die M\u00f6glichkeit, sich zu erfrischen oder die Pyren\u00e4enforelle zu angeln!<\/p>\n\n\n\n<p class=\"ls-paragraph\">Ein kleiner Zugang zu diesem wurde vor dem Campingplatz angelegt, sodass Sie seine <strong>K\u00fchle<\/strong> genie\u00dfen k\u00f6nnen. Es sind keine Sand- oder Kieselstr\u00e4nde vorhanden.<\/p>\n<\/div>\n<\/div>\n\n\n    <\/div>\n<\/section>\n\n<section id=\"ls-section-block_786672dfa3c436989bf06c4e6766e56e\" class=\"ls-section  page-one animated fadeInUp delay-200ms slow has-background-image has-m-b m-b-8 has-p-t p-t-14\" >\n    <div class=\"ls-section__background-image opacity-100\"><img decoding=\"async\" src=\"https:\/\/camping-pyrenees-natura.com\/wp-content\/uploads\/2023\/01\/pont-lac-darrens.jpg\" alt=\"pont-lac-d'arrens\"><\/div>    <div class=\"container container--wide\">\n        \n\n<div class=\"wp-block-columns is-layout-flex wp-container-core-columns-is-layout-9d6595d7 wp-block-columns-is-layout-flex\">\n<div class=\"wp-block-column left has-color-white-background-color has-background is-layout-flow wp-block-column-is-layout-flow\">\n<h2 class=\"ls-heading wp-block-heading\">Baden am See von <strong>Estaing<\/strong><\/h2>\n\n\n\n<p class=\"ls-paragraph\">Warum ist das Baden im Lac d&#8217;Estaing verboten? Er liegt am Rande des Nationalparks der Pyren\u00e4en und in einem pastoralen Gebiet und geh\u00f6rt zu den <strong>gesch\u00fctzten Seen<\/strong> der Hautes-Pyr\u00e9n\u00e9es. <\/p>\n\n\n\n<p class=\"ls-paragraph\">Wo kann man im Val d&#8217;Azun baden? Gaves sind in der N\u00e4he des Campingplatzes zug\u00e4nglich.<\/p>\n\n\n\n<p class=\"ls-paragraph\">Ein Freizeitzentrum mit einem Schwimmbad ist im Sommer in Arrens Marsous und Lau Balagnas ge\u00f6ffnet.<\/p>\n\n\n\n<p class=\"ls-paragraph\">Denken Sie daran, dass Bergseen gesch\u00fctzte Orte sind und unseren ganzen <strong>Respekt<\/strong> erfordern. <\/p>\n\n\n\n<figure class=\"wp-block-image size-full image-deco\"><img decoding=\"async\" width=\"1024\" height=\"1015\" src=\"https:\/\/camping-pyrenees-natura.com\/wp-content\/uploads\/2023\/01\/feuillage-1024x1015-1.png\" alt=\"feuille\" class=\"wp-image-1559\" srcset=\"https:\/\/camping-pyrenees-natura.com\/wp-content\/uploads\/2023\/01\/feuillage-1024x1015-1.png 1024w, https:\/\/camping-pyrenees-natura.com\/wp-content\/uploads\/2023\/01\/feuillage-1024x1015-1-300x297.png 300w, https:\/\/camping-pyrenees-natura.com\/wp-content\/uploads\/2023\/01\/feuillage-1024x1015-1-150x150.png 150w, https:\/\/camping-pyrenees-natura.com\/wp-content\/uploads\/2023\/01\/feuillage-1024x1015-1-768x761.png 768w\" sizes=\"(max-width: 1024px) 100vw, 1024px\" \/><\/figure>\n<\/div>\n\n\n\n<div class=\"wp-block-column right is-layout-flow wp-block-column-is-layout-flow\"><\/div>\n<\/div>\n\n\n    <\/div>\n<\/section>\n\n<section id=\"ls-section-block_a74f8db2d4e6791ccdb93efd620e3b30\" class=\"ls-section  page-three has-background has-color-3-background-color has-p-t p-t-14 has-p-b p-b-14\" >\n        <div class=\"container container--wide\">\n        \n\n<figure class=\"wp-block-image size-full image-left animated fadeInRight delay-200ms slow\"><img decoding=\"async\" width=\"651\" height=\"366\" src=\"https:\/\/camping-pyrenees-natura.com\/wp-content\/uploads\/2023\/01\/activites-sportives-proche-du-camping.jpg\" alt=\"sportliche aktivit\u00e4ten in der n\u00e4he des campingplatzes\" class=\"wp-image-1008\" srcset=\"https:\/\/camping-pyrenees-natura.com\/wp-content\/uploads\/2023\/01\/activites-sportives-proche-du-camping.jpg 651w, https:\/\/camping-pyrenees-natura.com\/wp-content\/uploads\/2023\/01\/activites-sportives-proche-du-camping-300x169.jpg 300w\" sizes=\"(max-width: 651px) 100vw, 651px\" \/><\/figure>\n\n\n\n<div class=\"wp-block-columns are-vertically-aligned-bottom colonne-left is-layout-flex wp-container-core-columns-is-layout-9d6595d7 wp-block-columns-is-layout-flex\">\n<div class=\"wp-block-column is-vertically-aligned-bottom left is-layout-flow wp-block-column-is-layout-flow\">\n<h2 class=\"ls-heading wp-block-heading\">Amateur oder Experte: <strong>Angeln im See<\/strong><\/h2>\n\n\n\n<p class=\"ls-paragraph\">Leidenschaftlicher Angler? Eine Vielzahl von Seen und Gaves stehen Ihnen zur Verf\u00fcgung.<\/p>\n\n\n\n<p class=\"ls-paragraph\">F\u00fcr <strong>Angelfreunde<\/strong> gibt es nur 13 km vom <a href=\"\/de\/\">Campingplatz Pyr\u00e9n\u00e9es Natura<\/a> in der Gemeinde Lau-Balagnas entfernt eine Aquakulturfarm: die Pyren\u00e4enforelle. An einem Nachmittag bei ihnen k\u00f6nnen Sie mit Freunden oder der Familie das Angeln lernen.<\/p>\n\n\n\n<p class=\"ls-paragraph\">F\u00fcr das Angeln in der freien Natur ist <strong>eine Angelkarte erforderlich<\/strong>. Sie finden sie auf der Website cartedepeche.fr oder direkt im Tourismusb\u00fcro von Arrens Marsous.<\/p>\n<\/div>\n<\/div>\n\n\n\n<figure class=\"wp-block-image size-full image-right animated fadeInLeft delay-200ms slow\"><img decoding=\"async\" width=\"651\" height=\"366\" src=\"https:\/\/camping-pyrenees-natura.com\/wp-content\/uploads\/2023\/01\/coin-pecheur-proche-camping-pyrenees-natura.jpg\" alt=\"m\u00fcnze pecheur proche camping pyrenees natura\" class=\"wp-image-1010\" srcset=\"https:\/\/camping-pyrenees-natura.com\/wp-content\/uploads\/2023\/01\/coin-pecheur-proche-camping-pyrenees-natura.jpg 651w, https:\/\/camping-pyrenees-natura.com\/wp-content\/uploads\/2023\/01\/coin-pecheur-proche-camping-pyrenees-natura-300x169.jpg 300w\" sizes=\"(max-width: 651px) 100vw, 651px\" \/><\/figure>\n\n\n\n<div class=\"wp-block-columns are-vertically-aligned-bottom colonne-right is-layout-flex wp-container-core-columns-is-layout-9d6595d7 wp-block-columns-is-layout-flex\">\n<div class=\"wp-block-column is-vertically-aligned-bottom right is-layout-flow wp-block-column-is-layout-flow\">\n<h2 class=\"ls-heading wp-block-heading\">Sportliche Aktivit\u00e4ten in der <strong>N\u00e4he des Campingplatzes<\/strong><\/h2>\n\n\n\n<p class=\"ls-paragraph\"><a href=\"https:\/\/camping-pyrenees-natura.com\/de\/dienstleistungen-und-aktivitaeten\/\">Eine Vielzahl von Aktivit\u00e4ten ist in der N\u00e4he unseres Campingplatzes m\u00f6glich.<\/a> Ob erfahrener Sportler oder nur Amateur, es gibt f\u00fcr jeden Geschmack und jedes Niveau etwas.<\/p>\n\n\n\n<p class=\"ls-paragraph\">Entdecker mit Leib und Seele? Die Tier- und Pflanzenwelt \u00f6ffnet Ihnen die Arme mit \u00fcber 80 <strong>Wanderungen in der N\u00e4he f\u00fcr jedes Niveau.<\/strong> Ob einst\u00fcndige Spazierg\u00e4nge um einen See oder Wanderungen f\u00fcr Tagesexperten, hier finden Sie das Richtige.<\/p>\n\n\n\n<p class=\"ls-paragraph\">Fans von Sensationen? Rafting, Canyoning, Hydrospeed, H\u00f6hlenforschung, Klettern, Paragliding, Reiten und vieles mehr.<\/p>\n<\/div>\n<\/div>\n\n\n    <\/div>\n<\/section>\n\n<section id=\"ls-section-block_79ee4ac1c2c1b34a6c095283bbe3997c\" class=\"ls-section  page-maillage has-p-t p-t-14 has-p-b p-b-14\" >\n        <div class=\"container container--wide\">\n        \n\n<div id=\"ls-heading ls-titre-div-block_3e44ee4a7254224381c70997d3d63475\" class=\"ls-titre-div aligncenter h2-like\" >\n    Entdecken Sie unser Restaurant, <\/br>Dienstleistungen und unseren Wellnessbereich!<\/div>\n\n\n<div id=\"ls-maillage-block_a4561e0e31e98a3d8c327c03c7f52852\" class=\"ls-maillage cta-style-normal has-p-t p-t-4\" data-rows=\"3\">\n    <div class=\"wp-block-columns\"><div class=\"wp-block-column\">\n\n<a href=\"https:\/\/camping-pyrenees-natura.com\/de\/das-restaurant\/\" target=\"\" rel=\"noopener\" class=\"ls-cta__link\">\n\n\t<div class=\"ls-cta__image\"><img decoding=\"async\" src=\"https:\/\/camping-pyrenees-natura.com\/wp-content\/uploads\/2023\/01\/camping-restaurant-pyrennees-natura-768x512.jpg\" alt=\"camping-restaurant-pyrennees-natura\"><\/div>\n\t<div class=\"ls-cta__title\">\n\t\tUnser <\/br> Restaurant<span><\/span>\t<\/div>\n\n\t\t\n<\/a><\/div><div class=\"wp-block-column\">\n\n<a href=\"https:\/\/camping-pyrenees-natura.com\/de\/unser-wellnessbereich\/\" target=\"\" rel=\"noopener\" class=\"ls-cta__link\">\n\n\t<div class=\"ls-cta__image\"><img decoding=\"async\" src=\"https:\/\/camping-pyrenees-natura.com\/wp-content\/uploads\/2023\/01\/espace-bien-etre-camping-pyrenee-768x512.jpg\" alt=\"espace-bien-etre-camping-pyrenee\"><\/div>\n\t<div class=\"ls-cta__title\">\n\t\tUnser Wellnessbereich\t<\/div>\n\n\t\t\n<\/a><\/div><div class=\"wp-block-column\">\n\n<a href=\"https:\/\/camping-pyrenees-natura.com\/de\/dienstleistungen-und-aktivitaeten\/\" target=\"\" rel=\"noopener\" class=\"ls-cta__link\">\n\n\t<div class=\"ls-cta__image\"><img decoding=\"async\" src=\"https:\/\/camping-pyrenees-natura.com\/wp-content\/uploads\/2023\/01\/les-services-du-camping-pyrenees-natura-768x512.jpg\" alt=\"les-services-du-camping-pyrenees-natura\"><\/div>\n\t<div class=\"ls-cta__title\">\n\t\tDienstleistungen und Aktivit\u00e4ten\t<\/div>\n\n\t\t\n<\/a><\/div><\/div><\/div>\n\n    <\/div>\n<\/section>","protected":false},"excerpt":{"rendered":"","protected":false},"author":1,"featured_media":1732,"parent":0,"menu_order":0,"comment_status":"closed","ping_status":"closed","template":"","meta":{"_acf_changed":false,"footnotes":""},"sujet":[],"class_list":["post-1953","page","type-page","status-publish","has-post-thumbnail","hentry"],"acf":[],"yoast_head":"<!-- This site is optimized with the Yoast SEO plugin v23.4 - https:\/\/yoast.com\/wordpress\/plugins\/seo\/ -->\n<title>Camping an der Grenze gab Estaing | Campingplatz am See Pyren\u00e4en<\/title>\n<meta name=\"robots\" content=\"index, follow, max-snippet:-1, max-image-preview:large, max-video-preview:-1\" \/>\n<link rel=\"canonical\" href=\"https:\/\/camping-pyrenees-natura.com\/de\/bord-de-gave-see-von-estaing\/\" \/>\n<meta property=\"og:locale\" content=\"de_DE\" \/>\n<meta property=\"og:type\" content=\"article\" \/>\n<meta property=\"og:title\" content=\"Camping an der Grenze gab Estaing | Campingplatz am See Pyren\u00e4en\" \/>\n<meta property=\"og:url\" content=\"https:\/\/camping-pyrenees-natura.com\/de\/bord-de-gave-see-von-estaing\/\" \/>\n<meta property=\"og:site_name\" content=\"Camping Pyr\u00e9n\u00e9es Natura ****\" \/>\n<meta property=\"article:modified_time\" content=\"2023-02-02T09:39:30+00:00\" \/>\n<meta property=\"og:image\" content=\"https:\/\/camping-pyrenees-natura.com\/wp-content\/uploads\/2023\/01\/lac-estaing-pyrenees-natura.jpg\" \/>\n\t<meta property=\"og:image:width\" content=\"1920\" \/>\n\t<meta property=\"og:image:height\" content=\"682\" \/>\n\t<meta property=\"og:image:type\" content=\"image\/jpeg\" \/>\n<meta name=\"twitter:card\" content=\"summary_large_image\" \/>\n<meta name=\"twitter:label1\" content=\"Gesch\u00e4tzte Lesezeit\" \/>\n\t<meta name=\"twitter:data1\" content=\"3\u00a0Minuten\" \/>\n<script type=\"application\/ld+json\" class=\"yoast-schema-graph\">{\"@context\":\"https:\/\/schema.org\",\"@graph\":[{\"@type\":\"WebPage\",\"@id\":\"https:\/\/camping-pyrenees-natura.com\/de\/bord-de-gave-see-von-estaing\/\",\"url\":\"https:\/\/camping-pyrenees-natura.com\/de\/bord-de-gave-see-von-estaing\/\",\"name\":\"Camping an der Grenze gab Estaing | Campingplatz am See Pyren\u00e4en\",\"isPartOf\":{\"@id\":\"https:\/\/camping-pyrenees-natura.com\/#website\"},\"primaryImageOfPage\":{\"@id\":\"https:\/\/camping-pyrenees-natura.com\/de\/bord-de-gave-see-von-estaing\/#primaryimage\"},\"image\":{\"@id\":\"https:\/\/camping-pyrenees-natura.com\/de\/bord-de-gave-see-von-estaing\/#primaryimage\"},\"thumbnailUrl\":\"https:\/\/camping-pyrenees-natura.com\/wp-content\/uploads\/2023\/01\/lac-estaing-pyrenees-natura.jpg\",\"datePublished\":\"2023-01-24T14:23:48+00:00\",\"dateModified\":\"2023-02-02T09:39:30+00:00\",\"breadcrumb\":{\"@id\":\"https:\/\/camping-pyrenees-natura.com\/de\/bord-de-gave-see-von-estaing\/#breadcrumb\"},\"inLanguage\":\"de\",\"potentialAction\":[{\"@type\":\"ReadAction\",\"target\":[\"https:\/\/camping-pyrenees-natura.com\/de\/bord-de-gave-see-von-estaing\/\"]}]},{\"@type\":\"ImageObject\",\"inLanguage\":\"de\",\"@id\":\"https:\/\/camping-pyrenees-natura.com\/de\/bord-de-gave-see-von-estaing\/#primaryimage\",\"url\":\"https:\/\/camping-pyrenees-natura.com\/wp-content\/uploads\/2023\/01\/lac-estaing-pyrenees-natura.jpg\",\"contentUrl\":\"https:\/\/camping-pyrenees-natura.com\/wp-content\/uploads\/2023\/01\/lac-estaing-pyrenees-natura.jpg\",\"width\":1920,\"height\":682,\"caption\":\"lac-estaing-pyrenees-natura\"},{\"@type\":\"BreadcrumbList\",\"@id\":\"https:\/\/camping-pyrenees-natura.com\/de\/bord-de-gave-see-von-estaing\/#breadcrumb\",\"itemListElement\":[{\"@type\":\"ListItem\",\"position\":1,\"name\":\"Camping Pyr\u00e9n\u00e9es\",\"item\":\"https:\/\/camping-pyrenees-natura.com\/de\/\"},{\"@type\":\"ListItem\",\"position\":2,\"name\":\"Campingplatz am See Pyren\u00e4en\"}]},{\"@type\":\"WebSite\",\"@id\":\"https:\/\/camping-pyrenees-natura.com\/#website\",\"url\":\"https:\/\/camping-pyrenees-natura.com\/\",\"name\":\"Camping Pyr\u00e9n\u00e9es Natura ****\",\"description\":\"\",\"publisher\":{\"@id\":\"https:\/\/camping-pyrenees-natura.com\/#organization\"},\"potentialAction\":[{\"@type\":\"SearchAction\",\"target\":{\"@type\":\"EntryPoint\",\"urlTemplate\":\"https:\/\/camping-pyrenees-natura.com\/?s={search_term_string}\"},\"query-input\":{\"@type\":\"PropertyValueSpecification\",\"valueRequired\":true,\"valueName\":\"search_term_string\"}}],\"inLanguage\":\"de\"},{\"@type\":\"Organization\",\"@id\":\"https:\/\/camping-pyrenees-natura.com\/#organization\",\"name\":\"Camping Pyr\u00e9n\u00e9es Natura ****\",\"url\":\"https:\/\/camping-pyrenees-natura.com\/\",\"logo\":{\"@type\":\"ImageObject\",\"inLanguage\":\"de\",\"@id\":\"https:\/\/camping-pyrenees-natura.com\/#\/schema\/logo\/image\/\",\"url\":\"https:\/\/camping-pyrenees-natura.com\/wp-content\/uploads\/2022\/12\/favicon.png\",\"contentUrl\":\"https:\/\/camping-pyrenees-natura.com\/wp-content\/uploads\/2022\/12\/favicon.png\",\"width\":231,\"height\":227,\"caption\":\"Camping Pyr\u00e9n\u00e9es Natura ****\"},\"image\":{\"@id\":\"https:\/\/camping-pyrenees-natura.com\/#\/schema\/logo\/image\/\"}}]}<\/script>\n<!-- \/ Yoast SEO plugin. -->","yoast_head_json":{"title":"Camping an der Grenze gab Estaing | Campingplatz am See Pyren\u00e4en","robots":{"index":"index","follow":"follow","max-snippet":"max-snippet:-1","max-image-preview":"max-image-preview:large","max-video-preview":"max-video-preview:-1"},"canonical":"https:\/\/camping-pyrenees-natura.com\/de\/bord-de-gave-see-von-estaing\/","og_locale":"de_DE","og_type":"article","og_title":"Camping an der Grenze gab Estaing | Campingplatz am See Pyren\u00e4en","og_url":"https:\/\/camping-pyrenees-natura.com\/de\/bord-de-gave-see-von-estaing\/","og_site_name":"Camping Pyr\u00e9n\u00e9es Natura ****","article_modified_time":"2023-02-02T09:39:30+00:00","og_image":[{"width":1920,"height":682,"url":"https:\/\/camping-pyrenees-natura.com\/wp-content\/uploads\/2023\/01\/lac-estaing-pyrenees-natura.jpg","type":"image\/jpeg"}],"twitter_card":"summary_large_image","twitter_misc":{"Gesch\u00e4tzte Lesezeit":"3\u00a0Minuten"},"schema":{"@context":"https:\/\/schema.org","@graph":[{"@type":"WebPage","@id":"https:\/\/camping-pyrenees-natura.com\/de\/bord-de-gave-see-von-estaing\/","url":"https:\/\/camping-pyrenees-natura.com\/de\/bord-de-gave-see-von-estaing\/","name":"Camping an der Grenze gab Estaing | Campingplatz am See Pyren\u00e4en","isPartOf":{"@id":"https:\/\/camping-pyrenees-natura.com\/#website"},"primaryImageOfPage":{"@id":"https:\/\/camping-pyrenees-natura.com\/de\/bord-de-gave-see-von-estaing\/#primaryimage"},"image":{"@id":"https:\/\/camping-pyrenees-natura.com\/de\/bord-de-gave-see-von-estaing\/#primaryimage"},"thumbnailUrl":"https:\/\/camping-pyrenees-natura.com\/wp-content\/uploads\/2023\/01\/lac-estaing-pyrenees-natura.jpg","datePublished":"2023-01-24T14:23:48+00:00","dateModified":"2023-02-02T09:39:30+00:00","breadcrumb":{"@id":"https:\/\/camping-pyrenees-natura.com\/de\/bord-de-gave-see-von-estaing\/#breadcrumb"},"inLanguage":"de","potentialAction":[{"@type":"ReadAction","target":["https:\/\/camping-pyrenees-natura.com\/de\/bord-de-gave-see-von-estaing\/"]}]},{"@type":"ImageObject","inLanguage":"de","@id":"https:\/\/camping-pyrenees-natura.com\/de\/bord-de-gave-see-von-estaing\/#primaryimage","url":"https:\/\/camping-pyrenees-natura.com\/wp-content\/uploads\/2023\/01\/lac-estaing-pyrenees-natura.jpg","contentUrl":"https:\/\/camping-pyrenees-natura.com\/wp-content\/uploads\/2023\/01\/lac-estaing-pyrenees-natura.jpg","width":1920,"height":682,"caption":"lac-estaing-pyrenees-natura"},{"@type":"BreadcrumbList","@id":"https:\/\/camping-pyrenees-natura.com\/de\/bord-de-gave-see-von-estaing\/#breadcrumb","itemListElement":[{"@type":"ListItem","position":1,"name":"Camping Pyr\u00e9n\u00e9es","item":"https:\/\/camping-pyrenees-natura.com\/de\/"},{"@type":"ListItem","position":2,"name":"Campingplatz am See Pyren\u00e4en"}]},{"@type":"WebSite","@id":"https:\/\/camping-pyrenees-natura.com\/#website","url":"https:\/\/camping-pyrenees-natura.com\/","name":"Camping Pyr\u00e9n\u00e9es Natura ****","description":"","publisher":{"@id":"https:\/\/camping-pyrenees-natura.com\/#organization"},"potentialAction":[{"@type":"SearchAction","target":{"@type":"EntryPoint","urlTemplate":"https:\/\/camping-pyrenees-natura.com\/?s={search_term_string}"},"query-input":{"@type":"PropertyValueSpecification","valueRequired":true,"valueName":"search_term_string"}}],"inLanguage":"de"},{"@type":"Organization","@id":"https:\/\/camping-pyrenees-natura.com\/#organization","name":"Camping Pyr\u00e9n\u00e9es Natura ****","url":"https:\/\/camping-pyrenees-natura.com\/","logo":{"@type":"ImageObject","inLanguage":"de","@id":"https:\/\/camping-pyrenees-natura.com\/#\/schema\/logo\/image\/","url":"https:\/\/camping-pyrenees-natura.com\/wp-content\/uploads\/2022\/12\/favicon.png","contentUrl":"https:\/\/camping-pyrenees-natura.com\/wp-content\/uploads\/2022\/12\/favicon.png","width":231,"height":227,"caption":"Camping Pyr\u00e9n\u00e9es Natura ****"},"image":{"@id":"https:\/\/camping-pyrenees-natura.com\/#\/schema\/logo\/image\/"}}]}},"_links":{"self":[{"href":"https:\/\/camping-pyrenees-natura.com\/de\/wp-json\/wp\/v2\/pages\/1953","targetHints":{"allow":["GET"]}}],"collection":[{"href":"https:\/\/camping-pyrenees-natura.com\/de\/wp-json\/wp\/v2\/pages"}],"about":[{"href":"https:\/\/camping-pyrenees-natura.com\/de\/wp-json\/wp\/v2\/types\/page"}],"author":[{"embeddable":true,"href":"https:\/\/camping-pyrenees-natura.com\/de\/wp-json\/wp\/v2\/users\/1"}],"replies":[{"embeddable":true,"href":"https:\/\/camping-pyrenees-natura.com\/de\/wp-json\/wp\/v2\/comments?post=1953"}],"version-history":[{"count":8,"href":"https:\/\/camping-pyrenees-natura.com\/de\/wp-json\/wp\/v2\/pages\/1953\/revisions"}],"predecessor-version":[{"id":2404,"href":"https:\/\/camping-pyrenees-natura.com\/de\/wp-json\/wp\/v2\/pages\/1953\/revisions\/2404"}],"wp:featuredmedia":[{"embeddable":true,"href":"https:\/\/camping-pyrenees-natura.com\/de\/wp-json\/wp\/v2\/media\/1732"}],"wp:attachment":[{"href":"https:\/\/camping-pyrenees-natura.com\/de\/wp-json\/wp\/v2\/media?parent=1953"}],"wp:term":[{"taxonomy":"sujet","embeddable":true,"href":"https:\/\/camping-pyrenees-natura.com\/de\/wp-json\/wp\/v2\/sujet?post=1953"}],"curies":[{"name":"wp","href":"https:\/\/api.w.org\/{rel}","templated":true}]}}